{"id":872,"date":"2026-03-19T13:36:11","date_gmt":"2026-03-19T13:36:11","guid":{"rendered":"https:\/\/pwent.lionstackailab.hu\/?post_type=product&#038;p=872"},"modified":"2026-03-19T13:37:04","modified_gmt":"2026-03-19T13:37:04","slug":"norbar-clicktronic-340-nyomatekkulcs","status":"publish","type":"product","link":"https:\/\/pwent.lionstackailab.hu\/es\/termek\/norbar-clicktronic-340-nyomatekkulcs\/","title":{"rendered":"Norbar Clicktronic 340 Nyomat\u00e9kkulcs"},"content":{"rendered":"<p>A ClickTronic egyes\u00edti a professzion\u00e1lis nyomat\u00e9kkulcs bev\u00e1lt mechanik\u00e1j\u00e1t egy OLED kijelz\u0151vel. Az eredm\u00e9ny egy pontos, tart\u00f3s, k\u00e9nyelmes \u00e9s k\u00f6nnyen haszn\u00e1lhat\u00f3 nyomat\u00e9kkulcs. A digit\u00e1lis kijelz\u0151 egy\u00e9rtelm\u0171bb \u00e9s k\u00f6nnyebben olvashat\u00f3 sk\u00e1l\u00e1t biztos\u00edt a felhaszn\u00e1l\u00f3 sz\u00e1m\u00e1ra, jelent\u0151sen hozz\u00e1j\u00e1rulva a be\u00e1ll\u00edt\u00e1si hib\u00e1k cs\u00f6kkent\u00e9s\u00e9hez. Az \u00faj digit\u00e1lis kijelz\u0151vel k\u00f6nnyen lehet v\u00e1ltani t\u00f6bb nyomat\u00e9kegys\u00e9g k\u00f6z\u00f6tt, vagyis a legt\u00f6bb orsz\u00e1g \u00e1ltal el\u0151nyben r\u00e9szes\u00edtett nyomat\u00e9kegys\u00e9gek el\u00e9rhet\u0151k.<br \/>\nPontoss\u00e1g: \u00b1 3% Tartom\u00e1ny: 68,00 &#8211; 340,00 Nm<\/p>\n<p>Be\u00e9p\u00edtett \u00fajrat\u00f6lthet\u0151 l\u00edtium akkumul\u00e1torral \u00e9s t\u00f6lt\u0151k\u00e1bellel sz\u00e1ll\u00edtjuk.<\/p>\n<p>Hossz: 666mm<br \/>\nS\u00faly: 1.30kg<\/p>","protected":false},"excerpt":{"rendered":"<p>Be\u00e9p\u00edtett \u00fajrat\u00f6lthet\u0151 l\u00edtium akkumul\u00e1torral \u00e9s t\u00f6lt\u0151k\u00e1bellel sz\u00e1ll\u00edtjuk.<\/p>","protected":false},"featured_media":963,"template":"","meta":[],"product_brand":[],"product_cat":[32,75,34,31],"product_tag":[77,35],"class_list":{"0":"post-872","1":"product","2":"type-product","3":"status-publish","4":"has-post-thumbnail","6":"product_cat-gazpalack-nyomasproba-es-felujitas","7":"product_cat-kiegeszitok","8":"product_cat-szelepszereles","9":"product_cat-termekek","10":"product_tag-nyomatekkulcs","11":"product_tag-szelepeles","13":"first","14":"instock","15":"shipping-taxable","16":"purchasable","17":"product-type-simple"},"_links":{"self":[{"href":"https:\/\/pwent.lionstackailab.hu\/es\/wp-json\/wp\/v2\/product\/872","targetHints":{"allow":["GET"]}}],"collection":[{"href":"https:\/\/pwent.lionstackailab.hu\/es\/wp-json\/wp\/v2\/product"}],"about":[{"href":"https:\/\/pwent.lionstackailab.hu\/es\/wp-json\/wp\/v2\/types\/product"}],"wp:featuredmedia":[{"embeddable":true,"href":"https:\/\/pwent.lionstackailab.hu\/es\/wp-json\/wp\/v2\/media\/963"}],"wp:attachment":[{"href":"https:\/\/pwent.lionstackailab.hu\/es\/wp-json\/wp\/v2\/media?parent=872"}],"wp:term":[{"taxonomy":"product_brand","embeddable":true,"href":"https:\/\/pwent.lionstackailab.hu\/es\/wp-json\/wp\/v2\/product_brand?post=872"},{"taxonomy":"product_cat","embeddable":true,"href":"https:\/\/pwent.lionstackailab.hu\/es\/wp-json\/wp\/v2\/product_cat?post=872"},{"taxonomy":"product_tag","embeddable":true,"href":"https:\/\/pwent.lionstackailab.hu\/es\/wp-json\/wp\/v2\/product_tag?post=872"}],"curies":[{"name":"wp","href":"https:\/\/api.w.org\/{rel}","templated":true}]}}