{"id":871,"date":"2026-03-19T13:36:11","date_gmt":"2026-03-19T13:36:11","guid":{"rendered":"https:\/\/pwent.lionstackailab.hu\/?post_type=product&#038;p=871"},"modified":"2026-03-19T13:37:04","modified_gmt":"2026-03-19T13:37:04","slug":"holex-657277-nyomatekkulcs","status":"publish","type":"product","link":"https:\/\/pwent.lionstackailab.hu\/es\/termek\/holex-657277-nyomatekkulcs\/","title":{"rendered":"Holex 657277 Nyomat\u00e9kkulcs"},"content":{"rendered":"<h6>Kivitel: Robusztus, egykar\u00fa nyomat\u00e9kkulcs, mikrom\u00e9ter-sk\u00e1l\u00e1val be\u00e1ll\u00edthat\u00f3, v\u00e9letlenszer\u0171 el\u00e1ll\u00edt\u00e1s elleni v\u00e9delemmel.<br \/>\nAlapszersz\u00e1m r\u00e1t\u0171z\u0151 n\u00e9gysz\u00f6ggel (r\u00e1t\u0171z\u0151 szersz\u00e1mok n\u00e9lk\u00fcl). Hozz\u00e1val\u00f3 r\u00e1t\u0171z\u0151 szersz\u00e1mok k\u00fcl\u00f6n rendelhet\u0151ek.<br \/>\nM\u00e9rt\u00e9kegys\u00e9gek: N\u00b7m, lbf\u00b7ft.<\/h6>\n<h6>Funkci\u00f3:A be\u00e1ll\u00edtott nyomat\u00e9k\u00e9rt\u00e9k el\u00e9r\u00e9sekor a kulcs \u201ejelz\u00e9st adva\u201c (hallhat\u00f3an \u00e9s \u00e9rezhet\u0151en) kattan \u00e9s ezut\u00e1n ism\u00e9t azonnal \u00fczemk\u00e9sz.<\/h6>\n<h6>Felhaszn\u00e1l\u00e1s: Kis \u00e9s k\u00f6zepes sorozatokhoz.<\/h6>\n<h6>Szabv\u00e1ny: DIN EN ISO 6789 szerint bevizsg\u00e1lt.<\/h6>\n<h6>Technikai adatok: Maxim\u00e1lis nyomat\u00e9k 300 Nm<\/h6>\n<h6>Megh\u00faz\u00e1si ir\u00e1ny: Jobbos \u00e9s balos megh\u00faz\u00e1s<\/h6>\n<h6>Nyomat\u00e9k m\u00e9r\u00e9si pontoss\u00e1ga: \u00b13%<\/h6>\n<h6>Teljes hossz L: 588 mm<\/h6>\n<h6>Nyomat\u00e9ktartom\u00e1ny: 60Nm- 300Nm<\/h6>\n<h6>Sk\u00e1laoszt\u00e1s, 1 oszt\u00e1s = 1 Nm<\/h6>\n<h6>S\u00faly: 1350g<\/h6>\n<h6>Felt\u0171zhet\u0151 szersz\u00e1m befog\u00f3: 14\u00d718mm<\/h6>","protected":false},"excerpt":{"rendered":"<h6>DIN EN ISO 6789 szerint bevizsg\u00e1lt nyomat\u00e9kkulcs.<\/h6>","protected":false},"featured_media":962,"template":"","meta":[],"product_brand":[],"product_cat":[32,75,34,31],"product_tag":[77,35],"class_list":{"0":"post-871","1":"product","2":"type-product","3":"status-publish","4":"has-post-thumbnail","6":"product_cat-gazpalack-nyomasproba-es-felujitas","7":"product_cat-kiegeszitok","8":"product_cat-szelepszereles","9":"product_cat-termekek","10":"product_tag-nyomatekkulcs","11":"product_tag-szelepeles","13":"first","14":"instock","15":"shipping-taxable","16":"purchasable","17":"product-type-simple"},"_links":{"self":[{"href":"https:\/\/pwent.lionstackailab.hu\/es\/wp-json\/wp\/v2\/product\/871","targetHints":{"allow":["GET"]}}],"collection":[{"href":"https:\/\/pwent.lionstackailab.hu\/es\/wp-json\/wp\/v2\/product"}],"about":[{"href":"https:\/\/pwent.lionstackailab.hu\/es\/wp-json\/wp\/v2\/types\/product"}],"wp:featuredmedia":[{"embeddable":true,"href":"https:\/\/pwent.lionstackailab.hu\/es\/wp-json\/wp\/v2\/media\/962"}],"wp:attachment":[{"href":"https:\/\/pwent.lionstackailab.hu\/es\/wp-json\/wp\/v2\/media?parent=871"}],"wp:term":[{"taxonomy":"product_brand","embeddable":true,"href":"https:\/\/pwent.lionstackailab.hu\/es\/wp-json\/wp\/v2\/product_brand?post=871"},{"taxonomy":"product_cat","embeddable":true,"href":"https:\/\/pwent.lionstackailab.hu\/es\/wp-json\/wp\/v2\/product_cat?post=871"},{"taxonomy":"product_tag","embeddable":true,"href":"https:\/\/pwent.lionstackailab.hu\/es\/wp-json\/wp\/v2\/product_tag?post=871"}],"curies":[{"name":"wp","href":"https:\/\/api.w.org\/{rel}","templated":true}]}}