{"id":870,"date":"2026-03-19T13:36:11","date_gmt":"2026-03-19T13:36:11","guid":{"rendered":"https:\/\/pwent.lionstackailab.hu\/?post_type=product&#038;p=870"},"modified":"2026-03-19T13:37:03","modified_gmt":"2026-03-19T13:37:03","slug":"bahco-7465-nyomatekkulcs","status":"publish","type":"product","link":"https:\/\/pwent.lionstackailab.hu\/es\/termek\/bahco-7465-nyomatekkulcs\/","title":{"rendered":"Bahco 7465 Nyomat\u00e9kkulcs"},"content":{"rendered":"<p>Kett\u0151s sk\u00e1la N.m \/ ft.lb \u00e9s N.m \/ in.lb (5-30 N.m m\u00e9retek) \u2022<br \/>\n1 \u00e9s 800 N.m \/ 11 in.lb \u00e9s 572 ft.lb nyomat\u00e9k\u00e9rt\u00e9k k\u00f6z\u00f6tti tartom\u00e1ny \u2022<br \/>\nHaszn\u00e1lhat\u00f3 az \u00f3ramutat\u00f3 j\u00e1r\u00e1s\u00e1val megegyez\u0151 vagy az \u00f3ramutat\u00f3 j\u00e1r\u00e1s\u00e1val ellent\u00e9tes ir\u00e1nyban<br \/>\n\u2022 Megh\u00faz\u00e1si pontoss\u00e1g \u00b1 4%<br \/>\n\u2022 A rendszer kattint\u00e1sa tapinthat\u00f3 \u00e9s hallhat\u00f3 jelet v\u00e1lt ki<br \/>\n\u2022 Cser\u00e9lhet\u0151 n\u00e9gysz\u00f6g r\u00e1t\u0171z\u0151fejek 9&#215;12 \u00e9s 14x18mm-es m\u00e9retben.<br \/>\n\u2022 Teljes f\u00e9m massz\u00edv, tart\u00f3s kivitel.<br \/>\n\u2022 Cs\u00fasz\u00e1sg\u00e1tl\u00f3s, rec\u00e9zett f\u00e9m foganty\u00fa, amely ellen\u00e1ll \u00fct\u00e9seknek, nyom\u00e1snak \u00e9s vegyszereknek<br \/>\n\u2022 Valamennyi vill\u00e1skulcshoz gy\u00e1ri megfelel\u0151s\u00e9gi nyilatkozatot mell\u00e9keltek, amely az ISO 6789-es szabv\u00e1nynak megfelel.<\/p>","protected":false},"excerpt":{"rendered":"<p>Teljes f\u00e9m massz\u00edv, tart\u00f3s kivitel, a\u00a0rendszer kattint\u00e1sa tapinthat\u00f3 \u00e9s hallhat\u00f3 jelet v\u00e1lt ki.<\/p>","protected":false},"featured_media":957,"template":"","meta":[],"product_brand":[],"product_cat":[32,75,34,31],"product_tag":[77,35],"class_list":{"0":"post-870","1":"product","2":"type-product","3":"status-publish","4":"has-post-thumbnail","6":"product_cat-gazpalack-nyomasproba-es-felujitas","7":"product_cat-kiegeszitok","8":"product_cat-szelepszereles","9":"product_cat-termekek","10":"product_tag-nyomatekkulcs","11":"product_tag-szelepeles","13":"first","14":"instock","15":"shipping-taxable","16":"purchasable","17":"product-type-simple"},"_links":{"self":[{"href":"https:\/\/pwent.lionstackailab.hu\/es\/wp-json\/wp\/v2\/product\/870","targetHints":{"allow":["GET"]}}],"collection":[{"href":"https:\/\/pwent.lionstackailab.hu\/es\/wp-json\/wp\/v2\/product"}],"about":[{"href":"https:\/\/pwent.lionstackailab.hu\/es\/wp-json\/wp\/v2\/types\/product"}],"wp:featuredmedia":[{"embeddable":true,"href":"https:\/\/pwent.lionstackailab.hu\/es\/wp-json\/wp\/v2\/media\/957"}],"wp:attachment":[{"href":"https:\/\/pwent.lionstackailab.hu\/es\/wp-json\/wp\/v2\/media?parent=870"}],"wp:term":[{"taxonomy":"product_brand","embeddable":true,"href":"https:\/\/pwent.lionstackailab.hu\/es\/wp-json\/wp\/v2\/product_brand?post=870"},{"taxonomy":"product_cat","embeddable":true,"href":"https:\/\/pwent.lionstackailab.hu\/es\/wp-json\/wp\/v2\/product_cat?post=870"},{"taxonomy":"product_tag","embeddable":true,"href":"https:\/\/pwent.lionstackailab.hu\/es\/wp-json\/wp\/v2\/product_tag?post=870"}],"curies":[{"name":"wp","href":"https:\/\/api.w.org\/{rel}","templated":true}]}}