{"id":869,"date":"2026-03-19T13:36:11","date_gmt":"2026-03-19T13:36:11","guid":{"rendered":"https:\/\/pwent.lionstackailab.hu\/?post_type=product&#038;p=869"},"modified":"2026-03-19T13:37:02","modified_gmt":"2026-03-19T13:37:02","slug":"74w14-300-nyomatekkulcs","status":"publish","type":"product","link":"https:\/\/pwent.lionstackailab.hu\/es\/termek\/74w14-300-nyomatekkulcs\/","title":{"rendered":"74W14-300 Nyomat\u00e9kkulcs"},"content":{"rendered":"<p>Tart\u00f3s fel\u00e9p\u00edt\u00e9s, 100 000 megh\u00faz\u00e1sig garant\u00e1lt pontoss\u00e1g<br \/>\n\u2022 Gyors l\u00e9pt\u00e9kbe\u00e1ll\u00edt\u00e1s, cs\u00f6kkentve a be\u00e1ll\u00edt\u00e1shoz sz\u00fcks\u00e9ges er\u0151fesz\u00edt\u00e9seket<br \/>\n\u2022 Nagy k\u00e9tsk\u00e1l\u00e1s kijelz\u0151 N.m \/ ft.lb (15 \u00e9s 25 N.m nyomat\u00e9kkulcs m\u00e9retekn\u00e9l N.m \/ in.lb)<br \/>\n\u2022 Megh\u00faz\u00e1si tartom\u00e1ny 60-300 Nm \/ 27 in.lb &#8211; 300 ft.lb nyomat\u00e9k\u00e9rt\u00e9k k\u00f6z\u00f6tt<br \/>\n\u2022 Haszn\u00e1lhat\u00f3 az \u00f3ramutat\u00f3 j\u00e1r\u00e1s\u00e1val megegyez\u0151 vagy az \u00f3ramutat\u00f3 j\u00e1r\u00e1s\u00e1val ellent\u00e9tes ir\u00e1nyba a kulcs \u00e1tford\u00edt\u00e1s\u00e1val<br \/>\n\u2022 \u00b1 3% -os megh\u00faz\u00e1si pontoss\u00e1g, az ISO6789-1: 2017 k\u00f6vetelm\u00e9nyeinek megfelel\u0151en<br \/>\n\u2022 14x18mm \u00e1tm\u00e9r\u0151j\u0171 n\u00e9gysz\u00f6g alak\u00fa r\u00e1t\u0171zhet\u0151, cser\u00e9lhet\u0151 fejek.<br \/>\n\u2022 K\u00e9k gy\u0171r\u0171vel ell\u00e1tott z\u00e1r\u00f3 \/ felold\u00f3 \u00e1ll\u00edt\u00f3 gomb figyelmeztet a kulcs nyitott \u00e1llapot\u00e1ra.<br \/>\nValamennyi vill\u00e1skulcshoz gy\u00e1ri megfelel\u0151s\u00e9gi nyilatkozatot mell\u00e9keltek, amely nyomon k\u00f6vethet\u0151 az ISO 6789-es nemzetk\u00f6zi szabv\u00e1nynak megfelel\u0151en.<\/p>","protected":false},"excerpt":{"rendered":"<p>Tart\u00f3s fel\u00e9p\u00edt\u00e9s, 100 000 megh\u00faz\u00e1sig garant\u00e1lt pontoss\u00e1g<\/p>","protected":false},"featured_media":952,"template":"","meta":[],"product_brand":[],"product_cat":[32,75,34,31],"product_tag":[77,35],"class_list":{"0":"post-869","1":"product","2":"type-product","3":"status-publish","4":"has-post-thumbnail","6":"product_cat-gazpalack-nyomasproba-es-felujitas","7":"product_cat-kiegeszitok","8":"product_cat-szelepszereles","9":"product_cat-termekek","10":"product_tag-nyomatekkulcs","11":"product_tag-szelepeles","13":"first","14":"instock","15":"shipping-taxable","16":"purchasable","17":"product-type-simple"},"_links":{"self":[{"href":"https:\/\/pwent.lionstackailab.hu\/es\/wp-json\/wp\/v2\/product\/869","targetHints":{"allow":["GET"]}}],"collection":[{"href":"https:\/\/pwent.lionstackailab.hu\/es\/wp-json\/wp\/v2\/product"}],"about":[{"href":"https:\/\/pwent.lionstackailab.hu\/es\/wp-json\/wp\/v2\/types\/product"}],"wp:featuredmedia":[{"embeddable":true,"href":"https:\/\/pwent.lionstackailab.hu\/es\/wp-json\/wp\/v2\/media\/952"}],"wp:attachment":[{"href":"https:\/\/pwent.lionstackailab.hu\/es\/wp-json\/wp\/v2\/media?parent=869"}],"wp:term":[{"taxonomy":"product_brand","embeddable":true,"href":"https:\/\/pwent.lionstackailab.hu\/es\/wp-json\/wp\/v2\/product_brand?post=869"},{"taxonomy":"product_cat","embeddable":true,"href":"https:\/\/pwent.lionstackailab.hu\/es\/wp-json\/wp\/v2\/product_cat?post=869"},{"taxonomy":"product_tag","embeddable":true,"href":"https:\/\/pwent.lionstackailab.hu\/es\/wp-json\/wp\/v2\/product_tag?post=869"}],"curies":[{"name":"wp","href":"https:\/\/api.w.org\/{rel}","templated":true}]}}