{"id":868,"date":"2026-03-19T13:36:11","date_gmt":"2026-03-19T13:36:11","guid":{"rendered":"https:\/\/pwent.lionstackailab.hu\/?post_type=product&#038;p=868"},"modified":"2026-03-19T13:37:01","modified_gmt":"2026-03-19T13:37:01","slug":"bahco-taw14340-nyomatekkulcs","status":"publish","type":"product","link":"https:\/\/pwent.lionstackailab.hu\/es\/termek\/bahco-taw14340-nyomatekkulcs\/","title":{"rendered":"Bahco TAW14340 Nyomat\u00e9kkulcs"},"content":{"rendered":"<p>Nyomat\u00e9kegys\u00e9gek N \u00b7 m, kg.cm, dN \u00b7 m, ft.lb, lb.in (cN \u00b7 m \u00e9s in.oz tartom\u00e1nyt\u00f3l f\u00fcgg\u0151en) \u00e9s sz\u00f6gegys\u00e9gek fokban<br \/>\nA kulcs 17 \u00e9s 340 Nm k\u00f6z\u00f6tt k\u00e9tir\u00e1nyban haszn\u00e1lhat\u00f3 5 \u00b0 C \u00e9s 42 \u00b0 C k\u00f6z\u00f6tti h\u0151m\u00e9rs\u00e9kleten.<br \/>\nMaximum 50 db megh\u00faz\u00e1si \u00e9rt\u00e9k t\u00e1rolhat\u00f3 a saj\u00e1t mem\u00f3ri\u00e1j\u00e1ban.<br \/>\n10 db el\u0151re be\u00e1ll\u00edtott \u00e9s \u00e1tv\u00e1lthat\u00f3 megh\u00faz\u00e1si sz\u00f6g \u00e9s\/vagy c\u00e9lnyomat\u00e9k \u00e9rt\u00e9k<br \/>\nNyomat\u00e9k, sz\u00f6g, nyomat\u00e9k, majd sz\u00f6g \u00e9s el\u0151re be\u00e1ll\u00edtott m\u00f3dok<br \/>\nSz\u00e1ml\u00e1l\u00f3 Adatok \u00e9s a be\u00e1ll\u00edtott \u00e9rt\u00e9k megtart\u00e1sa az elemcsere sor\u00e1n<br \/>\nProgramozhat\u00f3 automatikus kikapcsol\u00e1si id\u0151<br \/>\nPontoss\u00e1g \u00b1 2% \u00f3ramutat\u00f3 ir\u00e1nyban \u00e9s \u00b13% ellent\u00e9tes ir\u00e1nyban a kulcs nyomat\u00e9k\u00e1nak 20% \u00e9s 100% -a k\u00f6z\u00f6tt<\/p>\n<p>Vizu\u00e1lis (kett\u0151s LED + h\u00e1tt\u00e9r vil\u00e1g\u00edt\u00e1s\u00fa LCD kijelz\u0151), hang- \u00e9s rezg\u00e9sjel<br \/>\n14x18mm-es n\u00e9gysz\u00f6g alak\u00fa cser\u00e9lhet\u0151 fej<br \/>\nF\u00e9m foganty\u00fa ford\u00edtott menetes z\u00e1r\u00f3sapk\u00e1val az AA elemek behelyez\u00e9s\u00e9hez (tartoz\u00e9k)<br \/>\nGy\u00e1ri megfelel\u0151s\u00e9gi nyilatkozattal \u00e9s CE-jel\u00f6l\u00e9ssel ell\u00e1tva 2014\/30 \/ EK, ISO 6789<\/p>","protected":false},"excerpt":{"rendered":"<p>A kulcs 17 \u00e9s 340 Nm k\u00f6z\u00f6tt k\u00e9tir\u00e1nyban haszn\u00e1lhat\u00f3. Maximum 50 db megh\u00faz\u00e1si \u00e9rt\u00e9k t\u00e1rolhat\u00f3 a saj\u00e1t mem\u00f3ri\u00e1j\u00e1ban.<\/p>","protected":false},"featured_media":947,"template":"","meta":[],"product_brand":[],"product_cat":[32,75,34,31],"product_tag":[77,35],"class_list":{"0":"post-868","1":"product","2":"type-product","3":"status-publish","4":"has-post-thumbnail","6":"product_cat-gazpalack-nyomasproba-es-felujitas","7":"product_cat-kiegeszitok","8":"product_cat-szelepszereles","9":"product_cat-termekek","10":"product_tag-nyomatekkulcs","11":"product_tag-szelepeles","13":"first","14":"instock","15":"shipping-taxable","16":"purchasable","17":"product-type-simple"},"_links":{"self":[{"href":"https:\/\/pwent.lionstackailab.hu\/es\/wp-json\/wp\/v2\/product\/868","targetHints":{"allow":["GET"]}}],"collection":[{"href":"https:\/\/pwent.lionstackailab.hu\/es\/wp-json\/wp\/v2\/product"}],"about":[{"href":"https:\/\/pwent.lionstackailab.hu\/es\/wp-json\/wp\/v2\/types\/product"}],"wp:featuredmedia":[{"embeddable":true,"href":"https:\/\/pwent.lionstackailab.hu\/es\/wp-json\/wp\/v2\/media\/947"}],"wp:attachment":[{"href":"https:\/\/pwent.lionstackailab.hu\/es\/wp-json\/wp\/v2\/media?parent=868"}],"wp:term":[{"taxonomy":"product_brand","embeddable":true,"href":"https:\/\/pwent.lionstackailab.hu\/es\/wp-json\/wp\/v2\/product_brand?post=868"},{"taxonomy":"product_cat","embeddable":true,"href":"https:\/\/pwent.lionstackailab.hu\/es\/wp-json\/wp\/v2\/product_cat?post=868"},{"taxonomy":"product_tag","embeddable":true,"href":"https:\/\/pwent.lionstackailab.hu\/es\/wp-json\/wp\/v2\/product_tag?post=868"}],"curies":[{"name":"wp","href":"https:\/\/api.w.org\/{rel}","templated":true}]}}