{"id":867,"date":"2026-03-19T13:36:11","date_gmt":"2026-03-19T13:36:11","guid":{"rendered":"https:\/\/pwent.lionstackailab.hu\/?post_type=product&#038;p=867"},"modified":"2026-03-19T13:37:00","modified_gmt":"2026-03-19T13:37:00","slug":"gazpalack-tarolo-es-szallito-lada","status":"publish","type":"product","link":"https:\/\/pwent.lionstackailab.hu\/es\/termek\/gazpalack-tarolo-es-szallito-lada\/","title":{"rendered":"G\u00e1zpalack t\u00e1rol\u00f3 \u00e9s sz\u00e1ll\u00edt\u00f3 l\u00e1da"},"content":{"rendered":"<h1>G\u00e1zpalack t\u00e1rol\u00f3 l\u00e1da<\/h1>\n<p>Ezt a l\u00e1d\u00e1t a g\u00e1zpalackok biztons\u00e1gos t\u00e1rol\u00e1s\u00e1hoz \u00e9s sz\u00e1ll\u00edt\u00e1s\u00e1hoz alak\u00edtottuk ki. Gyakran probl\u00e9ma, hogy a g\u00e1zpalackokat nem megfelel\u0151 m\u00f3don t\u00e1rolj\u00e1k a felhaszn\u00e1l\u00f3k. Legyenek ak\u00e1r k\u00f3rh\u00e1zak, ment\u0151k, eg\u00e9szs\u00e9g\u00fcgyi int\u00e9zm\u00e9nyek, fogorvosok&#8230; akik haszn\u00e1lj\u00e1k a g\u00e1zpalackokat, igenis fontos, hogy azok \u00e1llag\u00e1t \u00f3vj\u00e1k. Gyakran nagy\u00e9rt\u00e9k\u0171 palackr\u00f3l nyom\u00e1scs\u00f6kkent\u0151r\u0151l besz\u00e9l\u00fcnk, aminek a s\u00e9r\u00fcl\u00e9se nagy k\u00e1rt vagy v\u00e9szhelyzetet jelenthet.<br \/>\nA kis g\u00e1zpalackokat neh\u00e9z kalod\u00e1kba spaniferrel r\u00f6gz\u00edteni, azok sz\u00e1ll\u00edt\u00e1sa gyakran nem megfelel\u0151 egyedi megold\u00e1sokkal t\u00f6rt\u00e9nik, ami nem k\u00e9nyelmes sem az \u00fcgyf\u00e9lnek sem a fuvaroz\u00f3nak. A nyom\u00e1s alatti eszk\u00f6z\u00f6k sz\u00e1ll\u00edt\u00e1s\u00e1t az ADR is szab\u00e1lyozza.Ezzel a g\u00e1zpalack sz\u00e1ll\u00edt\u00f3 l\u00e1d\u00e1val k\u00f6nyebb\u00e9 szeretn\u00e9nk tenni a felhaszn\u00e1l\u00f3k a sz\u00e1ll\u00edt\u00f3k a tulajdonosok a g\u00e1zgy\u00e1rak \u00e9let\u00e9t.<\/p>\n<h2>G\u00e1zpalack sz\u00e1ll\u00edt\u00f3 l\u00e1da tulajdons\u00e1gai<\/h2>\n<ol>\n<li>Alkalmas ak\u00e1r 2-3-4-6 g\u00e1zpalack t\u00e1rol\u00e1s\u00e1ra (habbet\u00e9t \u00e9s m\u00e9ret f\u00fcggv\u00e9ny\u00e9ben)<\/li>\n<li>Ellen\u00e1ll a k\u00f6rnyezeti hat\u00e1soknak<\/li>\n<li>V\u00e9di a g\u00e1zpalackot az es\u0151t\u0151l, h\u00f3t\u00f3l egy\u00e9b csapad\u00e9kt\u00f3l<\/li>\n<li>Fala megfelel\u0151en er\u0151s lemezb\u0151l k\u00e9sz\u00fclt, hogy deform\u00e1ci\u00f3 n\u00e9lk\u00fcl mozgathat\u00f3 \u00e9s spaniferezhet\u0151 legyen<\/li>\n<li>Ahol lehetett \u00e9s a k\u00f6lts\u00e9gek megengedt\u00e9k, alum\u00edinium elemeket haszn\u00e1ltunk a k\u00f6nnyebb hordozhat\u00f3s\u00e1g\u00e9rt. \u00d6ns\u00faly ~7 kg<\/li>\n<li>Z\u00e1rhat\u00f3 fed\u00e9l<\/li>\n<li>Rak\u00e1solhat\u00f3, egym\u00e1sra halmozhat\u00f3 kivitel<\/li>\n<li>A fog\u00f3 kialak\u00edt\u00e1sa lehet\u0151v\u00e9 teszi, hogy a sof\u0151r az aut\u00f3 mellett \u00e1llva is le tudja h\u00fazni a l\u00e1d\u00e1t. Be tud ny\u00falni a l\u00e1d\u00e1ba.<\/li>\n<li>A l\u00e1da m\u00e9retei alapj\u00e1n egy szabv\u00e1nyos g\u00e1zpalack sz\u00e1ll\u00edt\u00f3 kalod\u00e1ba is betehet\u0151, rak\u00e1solhat\u00f3 (10 db l\u00e1da)<\/li>\n<li>Als\u00f3 lyukak az esetlegesen palackr\u00f3l csorg\u00f3 folyad\u00e9k elvezet\u00e9s\u00e9hez<\/li>\n<li>M\u0171szaki xps habanyag er\u0151s fed\u0151anyaggal ami vegyszer\u00e1ll\u00f3<\/li>\n<li>Lemezmerev\u00edt\u00e9sek a stabil szerkezethez<\/li>\n<\/ol>\n<p>A l\u00e1da v\u00e9di a palackokat az egym\u00e1shoz \u00fct\u0151d\u00e9st\u0151l, azokat sz\u00e1ll\u00edt\u00e1s k\u00f6zben stabilan helyben tartja. A palack eszt\u00e9tik\u00e1ja fest\u00e9se tov\u00e1bb megmarad. Ez a korr\u00f3zi\u00f3 elker\u00fcl\u00e9se miatt hosszabb \u00e9lettartamot is jelent.<\/p>\n<p>M\u0171szaki XPS habot haszn\u00e1lunk a bels\u0151 kit\u00f6lt\u00e9s\u00e9hez. A hab v\u00edz\u00e1ll\u00f3, vegyszer\u00e1ll\u00f3. Ved\u0151r\u00e9tege v\u00e9d a mechanikai s\u00e9r\u00fcl\u00e9sekkel szemben. A palackok \u00e1tm\u00e9r\u0151j\u00e9hez k\u00e9pest nagyobb lyukat hagyunka a k\u00e9nyelmesebb kezel\u00e9shez.<br \/>\nMennyis\u00e9g f\u00fcggv\u00e9ny\u00e9ben egyedi sz\u00ednben is gy\u00e1rtjuk. Keressen benn\u00fcnket hogy aj\u00e1nlatot adhassunk erre a g\u00e1zpalack sz\u00e1ll\u00edt\u00f3 l\u00e1d\u00e1ra.<\/p>\n<ul>\n<li>6-os kivitel &#8211; 6 db 2 literes (102 mm \u00e1tm\u00e9r\u0151vel) rendelkez\u0151 palack integr\u00e1lt nyom\u00e1scs\u00f6kkent\u0151vel ell\u00e1tva.<\/li>\n<li>3- as kivitel &#8211; 3 db 3 literes (117 mm \u00e1tm\u00e9r\u0151vel) rendelkez\u0151 palack integr\u00e1lt nyom\u00e1scs\u00f6kkent\u0151vel ell\u00e1tva.<\/li>\n<li>2- as kivitel &#8211; 2 db 5 literes (140 mm \u00e1tm\u00e9r\u0151vel) rendelkez\u0151 palack integr\u00e1lt nyom\u00e1scs\u00f6kkent\u0151vel ell\u00e1tva.<\/li>\n<li>Egyedi kivitel lehets\u00e9ges<\/li>\n<\/ul>","protected":false},"excerpt":{"rendered":"<p>G\u00e1zpalack t\u00e1rol\u00f3 \u00e9s sz\u00e1ll\u00edt\u00f3 l\u00e1da. K\u00f6nny\u0171 (alu \u00e9s ac\u00e9l) lemez, strapab\u00edr\u00f3 kivitel, t\u00f6bbf\u00e9le habbet\u00e9ttel v\u00e9di a palackok \u00e1llag\u00e1t. Rak\u00e1solhat\u00f3 kalod\u00e1ban spaniferezhet\u0151 kivitel.<\/p>","protected":false},"featured_media":943,"template":"","meta":[],"product_brand":[],"product_cat":[158,75,209,31],"product_tag":[229,230,231,232,233,234,235],"class_list":{"0":"post-867","1":"product","2":"type-product","3":"status-publish","4":"has-post-thumbnail","6":"product_cat-gazpalack-szallito-fem-paletta","7":"product_cat-kiegeszitok","8":"product_cat-kiegeszitok-gazpalackokhoz","9":"product_cat-termekek","10":"product_tag-adr-szallitas","11":"product_tag-box","12":"product_tag-gas-cylinder-storage","13":"product_tag-gas-cylinder-transport","14":"product_tag-gazpalack-szallito-lada","15":"product_tag-lada","16":"product_tag-lemezlada","18":"first","19":"instock","20":"featured","21":"shipping-taxable","22":"purchasable","23":"product-type-simple"},"_links":{"self":[{"href":"https:\/\/pwent.lionstackailab.hu\/es\/wp-json\/wp\/v2\/product\/867","targetHints":{"allow":["GET"]}}],"collection":[{"href":"https:\/\/pwent.lionstackailab.hu\/es\/wp-json\/wp\/v2\/product"}],"about":[{"href":"https:\/\/pwent.lionstackailab.hu\/es\/wp-json\/wp\/v2\/types\/product"}],"wp:featuredmedia":[{"embeddable":true,"href":"https:\/\/pwent.lionstackailab.hu\/es\/wp-json\/wp\/v2\/media\/943"}],"wp:attachment":[{"href":"https:\/\/pwent.lionstackailab.hu\/es\/wp-json\/wp\/v2\/media?parent=867"}],"wp:term":[{"taxonomy":"product_brand","embeddable":true,"href":"https:\/\/pwent.lionstackailab.hu\/es\/wp-json\/wp\/v2\/product_brand?post=867"},{"taxonomy":"product_cat","embeddable":true,"href":"https:\/\/pwent.lionstackailab.hu\/es\/wp-json\/wp\/v2\/product_cat?post=867"},{"taxonomy":"product_tag","embeddable":true,"href":"https:\/\/pwent.lionstackailab.hu\/es\/wp-json\/wp\/v2\/product_tag?post=867"}],"curies":[{"name":"wp","href":"https:\/\/api.w.org\/{rel}","templated":true}]}}