{"id":864,"date":"2026-03-19T13:36:11","date_gmt":"2026-03-19T13:36:11","guid":{"rendered":"https:\/\/pwent.lionstackailab.hu\/?post_type=product&#038;p=864"},"modified":"2026-03-19T13:36:53","modified_gmt":"2026-03-19T13:36:53","slug":"gazpalack-selejtezo-gep","status":"publish","type":"product","link":"https:\/\/pwent.lionstackailab.hu\/es\/termek\/gazpalack-selejtezo-gep\/","title":{"rendered":"G\u00e1zpalack selejtez\u0151 g\u00e9p"},"content":{"rendered":"<h1>PWENT-SCRAP-01 G\u00e1zpalack selejtez\u0151 g\u00e9p<\/h1>\n<p>A 120-300 mm k\u00f6z\u00f6tti \u00e1tm\u00e9r\u0151vel rendelkez\u0151 g\u00e1zpalackok lyukaszt\u00e1sa selejtez\u00e9se. A g\u00e1zpalack selejtez\u0151 g\u00e9p a dolgoz\u00f3knak biztons\u00e1gos, nem megterhel\u0151, gyors k\u00f6lts\u00e9ghat\u00e9kony munk\u00e1t jelent. A g\u00e1zpalack selejtez\u00e9s\u00e9t k\u00f6telez\u0151en el kell v\u00e9gezni az \u00e9let\u00fck v\u00e9g\u00e9n. Ha egy g\u00e1zpalackr\u00f3l az id\u0151szakos vizsg\u00e1lat alatt meg\u00e1llap\u00edtj\u00e1k hogy m\u00e1r a j\u00f6v\u0151ben haszn\u00e1lata nem biztons\u00e1gos, akkor j\u00f6het a g\u00e1zpalack selejtez\u0151 g\u00e9p. A selejtez\u00e9s c\u00e9lja, hogy a g\u00e1zpalack tov\u00e1bbi haszn\u00e1lat\u00e1t megakad\u00e1lyozza. A g\u00e1zpalack selejtez\u00e9se t\u00f6rt\u00e9nhet ak\u00e1r v\u00e1g\u00e1ssal ak\u00e1r lyukaszt\u00e1ssal. Jelen selejtez\u0151 g\u00e9p\u00fcnk\u00a0 PWENT-SCRAP-01 a palack selejtez\u00e9s\u00e9t lyukaszt\u00e1ssal v\u00e9gzi el.<\/p>\n<p>A g\u00e9p a lyukaszt\u00e1s folyam\u00e1n egy 40 mm \u00e1tm\u00e9r\u0151j\u0171 t\u00fcske palackba t\u00f6rt\u00e9n\u0151 nyom\u00e1s\u00e1val teszi haszn\u00e1lhatatlann\u00e1 a g\u00e1zpalackot. A teljes folyamat g\u00e1zpalack \u00e1tm\u00e9r\u0151t\u0151l f\u00fcgg\u0151en\u00a0 1 perc 10-30 mp alatt megy v\u00e9gbe. 30 tonna lyukaszt\u00e1si er\u0151vel dolgozunk. A g\u00e9p k\u00e9pes magasnyom\u00e1s\u00fa ac\u00e9l g\u00e1zpalackok lyukaszt\u00e1s\u00e1ra is. Ak\u00e1r a 34CrMo4 ac\u00e9lb\u00f3l gy\u00e1rtott falat is \u00e1t\u00fctj\u00fck.<\/p>\n<hr \/>\n<h2>A g\u00e1zpalack selejtez\u0151 g\u00e9p el\u0151nyei<\/h2>\n<p>A ma szok\u00e1sos g\u00e1zpalack selejtez\u00e9si elj\u00e1r\u00e1s a gyorsv\u00e1g\u00f3val t\u00f6rt\u00e9n\u0151 v\u00e1g\u00e1s. Ez f\u00f6l\u00f6slegesen megterheli a dolgoz\u00f3kat. Sok id\u0151t rabol el, s ha kisz\u00e1moljuk a v\u00e1g\u00f3korong \u00e1r\u00e1t \u00e9s a dolgoz\u00f3k k\u00f6lts\u00e9g\u00e9t akkor jelent\u0151sen magasabb lehet a felhaszn\u00e1lt er\u0151forr\u00e1s.\u00a0 Gombnyom\u00e1sra 1,5 perc! K\u00e9nyelmes gyors megold\u00e1s.<\/p>\n<p>A g\u00e9p haszn\u00e1lata biztons\u00e1gos. Az oper\u00e1tor a m\u0171k\u00f6d\u00e9s alatt nem f\u00e9rhet hozz\u00e1 a vesz\u00e9lyes r\u00e9szekhez. A g\u00e9p tervez\u00e9se, kivitelez\u00e9se \u00e9s vizsg\u00e1lata sor\u00e1n az \u00e9rv\u00e9nyben l\u00e9v\u0151, biztons\u00e1gos munkav\u00e9gz\u00e9sre vonatkoz\u00f3 jogszab\u00e1lyok, szabv\u00e1nyok, szab\u00e1lyzatok szerint j\u00e1rtunk el. Az err\u0151l sz\u00f3l\u00f3 nyilatkozatokat mell\u00e9kletk\u00e9nt csatoljuk..<\/p>\n<h2>Selejtezend\u0151 g\u00e1zpalack m\u00e9retei<\/h2>\n<p>A selejtez\u0151 g\u00e9p 120-300 mm \u00e1tm\u00e9r\u0151j\u0171 g\u00e1zpalack selejtez\u00e9s\u00e9re alkalmas. A r\u00f6gz\u00edt\u0151 elem gyors v\u00e1lt\u00e1ssal h\u00e1rom poz\u00edci\u00f3ban \u00e1ll\u00edthat\u00f3 be amelyek a k\u00f6vetkez\u0151 g\u00e1zpalack \u00e1tm\u00e9r\u0151ket k\u00e9pesek kezelni:<\/p>\n<ul>\n<li>Jobb oldali poz\u00edci\u00f3: 120-183 mm<\/li>\n<li>K\u00f6z\u00e9ps\u0151 poz\u00edci\u00f3: 183-253 mm<\/li>\n<li>Bal oldali poz\u00edci\u00f3: 253 \u2013 300 mm<\/li>\n<\/ul>\n<h2>A g\u00e1zpalack selejtez\u0151 m\u00e9retei \u00e9s \u00fczemeltet\u00e9si felt\u00e9telek<\/h2>\n<ul>\n<li>Lyukaszt\u00e1si er\u0151: 30 tonna<\/li>\n<li>A g\u00e9p m\u00e9retei (sz\u00e9less\u00e9g, magass\u00e1g, m\u00e9lys\u00e9g) &#8211; 1600x1900x900 mm<\/li>\n<li>T\u00f6meg: 410 kg<\/li>\n<li>A g\u00e9pet sz\u00e1ll\u00edt\u00e1sra k\u00e9szen targonc\u00e1val mozgathat\u00f3 \u00e1llapotban adjuk \u00e1t.<\/li>\n<li>Sz\u00fcks\u00e9ges leveg\u0151ell\u00e1t\u00e1s: 6 bar<\/li>\n<li>K\u00f6rnyezeti h\u0151m\u00e9rs\u00e9klet:\u00a0 15-30 C\u02da<\/li>\n<li>Max. p\u00e1ratartalom: 30-70 %<\/li>\n<li>Megvil\u00e1g\u00edt\u00e1s: &gt;350 lux<\/li>\n<\/ul>\n<h1>G\u00e1zpalack selejtez\u0151 g\u00e9p VIDEO<\/h1>\n<p><iframe title=\"Gas cylinder scrap machine\" width=\"800\" height=\"450\" src=\"https:\/\/www.youtube.com\/embed\/w979dyIxkPg?feature=oembed\" frameborder=\"0\" allow=\"accelerometer; autoplay; clipboard-write; encrypted-media; gyroscope; picture-in-picture; web-share\" referrerpolicy=\"strict-origin-when-cross-origin\" allowfullscreen><\/iframe><\/p>\n<p>&nbsp;<\/p>","protected":false},"excerpt":{"rendered":"<p>G\u00e1zpalack selejtez\u0151 g\u00e9p a g\u00e1zpalack lyukaszt\u00e1s\u00e1val. 120-300 mm \u00e1tm\u00e9r\u0151vel rendelkez\u0151 ak\u00e1r MAGASNYOM\u00c1S\u00da vastag falvastags\u00e1ggal rendelkez\u0151 g\u00e1zpalackok selejtez\u00e9s\u00e9re is alkalmas. Lyukasztja a 34CrMo4 kem\u00e9ny ac\u00e9lb\u00f3l gy\u00e1rtott g\u00e1zpalackokat is.<\/p>","protected":false},"featured_media":926,"template":"","meta":[],"product_brand":[],"product_cat":[224,32,225,78,31],"product_tag":[226,227,228],"class_list":{"0":"post-864","1":"product","2":"type-product","3":"status-publish","4":"has-post-thumbnail","6":"product_cat-egyedi-geptervezes","7":"product_cat-gazpalack-nyomasproba-es-felujitas","8":"product_cat-gazpalack-egyeb-gepek","9":"product_cat-nem-kategorizalt","10":"product_cat-termekek","11":"product_tag-destruction","12":"product_tag-scrap","13":"product_tag-selejtezes","15":"first","16":"instock","17":"shipping-taxable","18":"purchasable","19":"product-type-simple"},"_links":{"self":[{"href":"https:\/\/pwent.lionstackailab.hu\/es\/wp-json\/wp\/v2\/product\/864","targetHints":{"allow":["GET"]}}],"collection":[{"href":"https:\/\/pwent.lionstackailab.hu\/es\/wp-json\/wp\/v2\/product"}],"about":[{"href":"https:\/\/pwent.lionstackailab.hu\/es\/wp-json\/wp\/v2\/types\/product"}],"wp:featuredmedia":[{"embeddable":true,"href":"https:\/\/pwent.lionstackailab.hu\/es\/wp-json\/wp\/v2\/media\/926"}],"wp:attachment":[{"href":"https:\/\/pwent.lionstackailab.hu\/es\/wp-json\/wp\/v2\/media?parent=864"}],"wp:term":[{"taxonomy":"product_brand","embeddable":true,"href":"https:\/\/pwent.lionstackailab.hu\/es\/wp-json\/wp\/v2\/product_brand?post=864"},{"taxonomy":"product_cat","embeddable":true,"href":"https:\/\/pwent.lionstackailab.hu\/es\/wp-json\/wp\/v2\/product_cat?post=864"},{"taxonomy":"product_tag","embeddable":true,"href":"https:\/\/pwent.lionstackailab.hu\/es\/wp-json\/wp\/v2\/product_tag?post=864"}],"curies":[{"name":"wp","href":"https:\/\/api.w.org\/{rel}","templated":true}]}}