{"id":853,"date":"2026-03-19T13:36:11","date_gmt":"2026-03-19T13:36:11","guid":{"rendered":"https:\/\/pwent.lionstackailab.hu\/?post_type=product&#038;p=853"},"modified":"2026-03-19T13:36:13","modified_gmt":"2026-03-19T13:36:13","slug":"nyakfestes-a-megfelelo-szinre","status":"publish","type":"product","link":"https:\/\/pwent.lionstackailab.hu\/es\/termek\/nyakfestes-a-megfelelo-szinre\/","title":{"rendered":"Nyakfest\u00e9s a megfelel\u0151 sz\u00ednre"},"content":{"rendered":"<p>G\u00e1zpalack nyaksz\u00edn\u00e9nek megv\u00e1ltoztat\u00e1sa<\/p>\n<hr \/>\n<p>A nyakfest\u00e9s szolg\u00e1ltat\u00e1sunkkal a megfelel\u0151 szabv\u00e1nyok szerint jel\u00f6ltetheti m\u00e1r megl\u00e9v\u0151 g\u00e1zpalackjait, avagy a megrendelt g\u00e1z palackjait a palackba t\u00f6lt\u00f6tt g\u00e1z t\u00edpus\u00e1nak, fajt\u00e1j\u00e1nak megfelel\u0151en.\u00a0 A nyak sz\u00edne a szabv\u00e1nyok szerint inform\u00e1ci\u00f3t ad a g\u00e1zpalackban l\u00e9v\u0151 g\u00e1z tulajdons\u00e1g\u00e1r\u00f3l. A g\u00e1zpalackot adott g\u00e1zzal megt\u00f6lteni csak megfelel\u0151 sz\u00ednjel\u00f6l\u00e9s eset\u00e9n lehets\u00e9ges. A szolg\u00e1ltat\u00e1s \u00e1ra tartalmazza az el\u0151zetes fel\u00fcletkezel\u00e9st, valamint a nyakfest\u00e9st is a k\u00edv\u00e1nt sz\u00edn \u00e9s megfelel\u0151s\u00e9g szerint.<\/p>\n<p>A nyakfest\u00e9shez haszn\u00e1lt fest\u00e9k tart\u00f3s, id\u0151t\u00e1ll\u00f3.<\/p>","protected":false},"excerpt":{"rendered":"<p>G\u00e1zpalack nyakfest\u00e9s szolg\u00e1ltat\u00e1ssal megv\u00e1ltoztatjuk\/\u00fajrafestj\u00fck a g\u00e1zpalack nyaksz\u00edn\u00e9t.<\/p>","protected":false},"featured_media":879,"template":"","meta":[],"product_brand":[],"product_cat":[217],"product_tag":[218,219,220],"class_list":{"0":"post-853","1":"product","2":"type-product","3":"status-publish","4":"has-post-thumbnail","6":"product_cat-szolgaltatasok-gazpalackokhoz","7":"product_tag-neck-painting","8":"product_tag-retest","9":"product_tag-service","11":"first","12":"instock","13":"shipping-taxable","14":"purchasable","15":"product-type-simple"},"_links":{"self":[{"href":"https:\/\/pwent.lionstackailab.hu\/es\/wp-json\/wp\/v2\/product\/853","targetHints":{"allow":["GET"]}}],"collection":[{"href":"https:\/\/pwent.lionstackailab.hu\/es\/wp-json\/wp\/v2\/product"}],"about":[{"href":"https:\/\/pwent.lionstackailab.hu\/es\/wp-json\/wp\/v2\/types\/product"}],"wp:featuredmedia":[{"embeddable":true,"href":"https:\/\/pwent.lionstackailab.hu\/es\/wp-json\/wp\/v2\/media\/879"}],"wp:attachment":[{"href":"https:\/\/pwent.lionstackailab.hu\/es\/wp-json\/wp\/v2\/media?parent=853"}],"wp:term":[{"taxonomy":"product_brand","embeddable":true,"href":"https:\/\/pwent.lionstackailab.hu\/es\/wp-json\/wp\/v2\/product_brand?post=853"},{"taxonomy":"product_cat","embeddable":true,"href":"https:\/\/pwent.lionstackailab.hu\/es\/wp-json\/wp\/v2\/product_cat?post=853"},{"taxonomy":"product_tag","embeddable":true,"href":"https:\/\/pwent.lionstackailab.hu\/es\/wp-json\/wp\/v2\/product_tag?post=853"}],"curies":[{"name":"wp","href":"https:\/\/api.w.org\/{rel}","templated":true}]}}