{"id":822,"date":"2026-03-19T13:36:00","date_gmt":"2026-03-19T13:36:00","guid":{"rendered":"https:\/\/pwent.lionstackailab.hu\/?post_type=product&#038;p=822"},"modified":"2026-03-19T13:36:09","modified_gmt":"2026-03-19T13:36:09","slug":"alkatresz","status":"publish","type":"product","link":"https:\/\/pwent.lionstackailab.hu\/es\/termek\/alkatresz\/","title":{"rendered":"Alkatr\u00e9sz"},"content":{"rendered":"<p>Nem fellist\u00e1zott alkatr\u00e9sz. Egyedi \u00e1raj\u00e1nlatban l\u00e9v\u0151 adatok szerint.<\/p>","protected":false},"excerpt":{"rendered":"<p>Nem fellist\u00e1zott alkatr\u00e9sz. Egyedi \u00e1raj\u00e1nlatban l\u00e9v\u0151 adatok szerint.<\/p>","protected":false},"featured_media":38,"template":"","meta":[],"product_brand":[],"product_cat":[78],"product_tag":[147,145,146,143],"class_list":{"0":"post-822","1":"product","2":"type-product","3":"status-publish","4":"has-post-thumbnail","6":"product_cat-nem-kategorizalt","7":"product_tag-alkatresz","8":"product_tag-hegy","9":"product_tag-kiegeszito","10":"product_tag-mk3-x80","12":"first","13":"instock","14":"shipping-taxable","15":"purchasable","16":"product-type-simple"},"_links":{"self":[{"href":"https:\/\/pwent.lionstackailab.hu\/es\/wp-json\/wp\/v2\/product\/822","targetHints":{"allow":["GET"]}}],"collection":[{"href":"https:\/\/pwent.lionstackailab.hu\/es\/wp-json\/wp\/v2\/product"}],"about":[{"href":"https:\/\/pwent.lionstackailab.hu\/es\/wp-json\/wp\/v2\/types\/product"}],"wp:featuredmedia":[{"embeddable":true,"href":"https:\/\/pwent.lionstackailab.hu\/es\/wp-json\/wp\/v2\/media\/38"}],"wp:attachment":[{"href":"https:\/\/pwent.lionstackailab.hu\/es\/wp-json\/wp\/v2\/media?parent=822"}],"wp:term":[{"taxonomy":"product_brand","embeddable":true,"href":"https:\/\/pwent.lionstackailab.hu\/es\/wp-json\/wp\/v2\/product_brand?post=822"},{"taxonomy":"product_cat","embeddable":true,"href":"https:\/\/pwent.lionstackailab.hu\/es\/wp-json\/wp\/v2\/product_cat?post=822"},{"taxonomy":"product_tag","embeddable":true,"href":"https:\/\/pwent.lionstackailab.hu\/es\/wp-json\/wp\/v2\/product_tag?post=822"}],"curies":[{"name":"wp","href":"https:\/\/api.w.org\/{rel}","templated":true}]}}