{"id":821,"date":"2026-03-19T13:36:00","date_gmt":"2026-03-19T13:36:00","guid":{"rendered":"https:\/\/pwent.lionstackailab.hu\/?post_type=product&#038;p=821"},"modified":"2026-03-19T13:36:09","modified_gmt":"2026-03-19T13:36:09","slug":"s-sorozat-minden-egyben-asztali-gravirozo-jelolo-gep","status":"publish","type":"product","link":"https:\/\/pwent.lionstackailab.hu\/es\/termek\/s-sorozat-minden-egyben-asztali-gravirozo-jelolo-gep\/","title":{"rendered":"S sorozat &#8222;minden egyben&#8221; asztali grav\u00edroz\u00f3 jel\u00f6l\u0151 g\u00e9p"},"content":{"rendered":"<h2>S sorozat &#8222;minden-az-egyben&#8221; asztali jel\u00f6l\u0151 grav\u00edroz\u00f3 g\u00e9p<\/h2>\n<p>Telejsen \u00f6n\u00e1ll\u00f3 r\u00f6gz\u00edtett jel\u00f6l\u0151 \u00e1llom\u00e1s \u00e9rint\u0151k\u00e9pern\u0151s programoz\u00e1ssal<\/p>\n<h2>El\u00e9rhet\u0151 modellek<\/h2>\n<ul>\n<li>S50 &#8211; electro-pneumatikus<\/li>\n<li>S70 &#8211; electro-m\u00e1gneses<\/li>\n<\/ul>\n<h2><strong>Le\u00edr\u00e1s<\/strong><\/h2>\n<ul>\n<li>Nagy erej\u0171, prec\u00edzi\u00f3s pontgrav\u00edroz\u00e1s.<\/li>\n<li>Jel\u00f6l\u0151 ablak: 130 x 100 mm;<\/li>\n<li>\u00c9rint\u0151k\u00e9perny\u0151s k\u00fcl\u00f6n\u00e1ll\u00f3 programoz\u00f3i egys\u00e9g<\/li>\n<li>PC-hez k\u00f6thet\u0151 kivitel.<\/li>\n<\/ul>\n<h2><strong>Jellemz\u0151k<\/strong><\/h2>\n<ul>\n<li>Maxim\u00e1lis rugalmass\u00e1g: nagy pontoss\u00e1g, nagy sebess\u00e9g, m\u00e9ly jel\u00f6l\u00e9s<\/li>\n<li>Aj\u00e1nlott f\u00e9mek \u00e9s nagy kem\u00e9nys\u00e9g\u0171 f\u00e9mek jel\u00f6l\u00e9s\u00e9re<\/li>\n<li>\u00cdves \u00e9s egyenes nem forg\u00f3 munkadarabok jel\u00f6l\u00e9s\u00e9re<\/li>\n<li>Jel\u00f6l\u00e9si ablak: 80 x 50 mm<\/li>\n<\/ul>\n<h2><strong>Jel\u00f6l\u00e9s<\/strong><\/h2>\n<ul>\n<li>V\u00e1ltoz\u00f3 sz\u00f6veg, sorozatsz\u00e1m, d\u00e1tum \u00e9s id\u0151, log\u00f3, grafika ( (DXF, PLT)<\/li>\n<li>20 el\u00e9rhet\u0151 karakterk\u00e9szlet<\/li>\n<li>Programozhat\u00f3 karakterm\u00e9ret, st\u00edlus , \u00e9s ir\u00e1ny<\/li>\n<li>NASA szabv\u00e1nyos DataMatrix k\u00f3d<\/li>\n<\/ul>\n<h2><strong>P\u00f3ngase en contacto con<\/strong><\/h2>\n<ul>\n<li>Soros k\u00e1bel PC kapcsolat \u00e9s Ethernet h\u00e1l\u00f3zati kapcsolat<\/li>\n<li>Ethernet &#8211; USB &#8211; RS-232\/485 serial &#8211; Digital I\/O opto-isolated 24VDC.<\/li>\n<li>USB port programok \u00e9s grafik\u00e1k export \u00e9s importj\u00e1hoz.<\/li>\n<\/ul>\n<h2>Egy\u00e9b jellemz\u0151k<\/h2>\n<ul>\n<li>Mem\u00f3ria: bels\u0151 mem\u00f3ria : 4GB Micro-SD.<\/li>\n<li>Bet\u00e1p:\n<ul>\n<li>Pneumatikus verzi\u00f3: 6 bar max. (10N\/L perc.)<\/li>\n<li>\u00c1ram ell\u00e1t\u00e1s, 90-264 VAC (50 \/ 60Hz) 40W<\/li>\n<\/ul>\n<\/li>\n<\/ul>\n<p>&nbsp;<\/p>\n<p>&nbsp;<\/p>\n<p>&nbsp;<\/p>","protected":false},"excerpt":{"rendered":"<p>S sorozat &#8222;Minden az egyben&#8221; asztali grav\u00edroz\u00f3, jel\u00f6l\u0151 g\u00e9p.\u00a0\u00a0K\u00f6nnyen programozhat\u00f3 g\u00e9p, \u00e9rint\u0151k\u00e9perny\u0151s vez\u00e9rl\u00e9ssel. Jel\u00f6l\u0151 Ablak: 130 x 100 mm. \u00c1lv\u00e1nnyal.<\/p>","protected":false},"featured_media":849,"template":"","meta":[],"product_brand":[],"product_cat":[32,138,36,33,31],"product_tag":[139,140,141,142,143],"class_list":{"0":"post-821","1":"product","2":"type-product","3":"status-publish","4":"has-post-thumbnail","6":"product_cat-gazpalack-nyomasproba-es-felujitas","7":"product_cat-gazpalackok-jelolese","8":"product_cat-muhely-porralolto-keszulek-karbantartasahoz","9":"product_cat-muhely-szendioxiddal-olto-keszulekhez","10":"product_cat-termekek","11":"product_tag-beutes","12":"product_tag-feliratozas","13":"product_tag-gravirozas","14":"product_tag-jeloles","15":"product_tag-mk3-x80","17":"first","18":"instock","19":"featured","20":"shipping-taxable","21":"purchasable","22":"product-type-simple"},"_links":{"self":[{"href":"https:\/\/pwent.lionstackailab.hu\/es\/wp-json\/wp\/v2\/product\/821","targetHints":{"allow":["GET"]}}],"collection":[{"href":"https:\/\/pwent.lionstackailab.hu\/es\/wp-json\/wp\/v2\/product"}],"about":[{"href":"https:\/\/pwent.lionstackailab.hu\/es\/wp-json\/wp\/v2\/types\/product"}],"wp:featuredmedia":[{"embeddable":true,"href":"https:\/\/pwent.lionstackailab.hu\/es\/wp-json\/wp\/v2\/media\/849"}],"wp:attachment":[{"href":"https:\/\/pwent.lionstackailab.hu\/es\/wp-json\/wp\/v2\/media?parent=821"}],"wp:term":[{"taxonomy":"product_brand","embeddable":true,"href":"https:\/\/pwent.lionstackailab.hu\/es\/wp-json\/wp\/v2\/product_brand?post=821"},{"taxonomy":"product_cat","embeddable":true,"href":"https:\/\/pwent.lionstackailab.hu\/es\/wp-json\/wp\/v2\/product_cat?post=821"},{"taxonomy":"product_tag","embeddable":true,"href":"https:\/\/pwent.lionstackailab.hu\/es\/wp-json\/wp\/v2\/product_tag?post=821"}],"curies":[{"name":"wp","href":"https:\/\/api.w.org\/{rel}","templated":true}]}}