{"id":820,"date":"2026-03-19T13:36:00","date_gmt":"2026-03-19T13:36:00","guid":{"rendered":"https:\/\/pwent.lionstackailab.hu\/?post_type=product&#038;p=820"},"modified":"2026-03-19T13:36:08","modified_gmt":"2026-03-19T13:36:08","slug":"aluminium-40-liter-gazpalack-200-bar","status":"publish","type":"product","link":"https:\/\/pwent.lionstackailab.hu\/es\/termek\/aluminium-40-liter-gazpalack-200-bar\/","title":{"rendered":"Aluminium 40 liter g\u00e1zpalack 200 bar"},"content":{"rendered":"<p>Nagy tisztas\u00e1g\u00fa g\u00e1zok \u00e9s g\u00e1zkever\u00e9kek t\u00e1rol\u00e1s\u00e1ra.<\/p>\n<h2>Magasnyom\u00e1s\u00fa g\u00e1zpalack adatok<\/h2>\n<ul>\n<li><span style=\"text-decoration: underline;\">G\u00e1zpalack anyaga:\u00a0<\/span><strong>Varratmentes aluminium AA6061\u00a0<\/strong><\/li>\n<li><span style=\"text-decoration: underline;\">G\u00e1zpalack \u0171rtartalom:<\/span><strong>\u00a040 liter<\/strong><\/li>\n<li><span style=\"text-decoration: underline;\">G\u00e1zpalack \u00fczemi nyom\u00e1s:<\/span>\u00a0<strong>200 bar<\/strong><\/li>\n<li><span style=\"text-decoration: underline;\">G\u00e1zpalack \u00e1tm\u00e9r\u0151:<\/span> <strong>229 mm\u00a0<\/strong><\/li>\n<li><span style=\"text-decoration: underline;\">G\u00e1zpalack hossz:<\/span>\u00a0<strong>1430 mm<\/strong><\/li>\n<li><span style=\"text-decoration: underline;\">G\u00e1zpalack s\u00faly:<\/span> <strong>44,32 kg<\/strong><\/li>\n<li><span style=\"text-decoration: underline;\">G\u00e1zpalack enged\u00e9ly:<\/span> <strong>Eur\u00f3pai enged\u00e9ly<\/strong><\/li>\n<li><span style=\"text-decoration: underline;\">G\u00e1zpalack menet:<\/span> <strong>25E (28,8)<\/strong><\/li>\n<\/ul>\n<p>A g\u00e1zpalack felhaszn\u00e1lhat\u00f3 mind g\u00e1zpalackk\u00f6teg \u00e9p\u00edt\u00e9s\u00e9hez mind egyedi haszn\u00e1latra. A g\u00e1zpalack alkalmas permanens \u00e9s cseppfoly\u00f3s g\u00e1zok t\u00e1rol\u00e1s\u00e1ra. A g\u00e1zpalack megfelel a vonatkoz\u00f3 eur\u00f3pai szabv\u00e1nyoknak. A g\u00e1zpalackkal egy\u00fctt adunk:<\/p>\n<p>\u2022 EU megfelel\u0151s\u00e9gi bizony\u00edtv\u00e1nyt ISO9809\/1<br \/>\n\u2022\u00a0T\u00edpusbizony\u00edtv\u00e1nyt<\/p>\n<h2>Aluminium 40 liter g\u00e1zpalack 200 bar<\/h2>\n<p><strong>Rendelhet\u0151 opci\u00f3k<\/strong><\/p>\n<ul>\n<li>Szelep<\/li>\n<li>Sapka<\/li>\n<\/ul>\n<hr \/>\n<h2><strong>K\u00e9rem h\u00edvjon benn\u00fcnket, mert \u00f6r\u00f6mmel seg\u00edt\u00fcnk ha&#8230;<\/strong><\/h2>\n<ul>\n<li><strong>nem tal\u00e1lja azt a g\u00e1zpalack t\u00edpust amelyet keres<\/strong><\/li>\n<li><strong>ha valamely fontos technikai adatban bizonytalan, vagy nem tal\u00e1lja<\/strong><\/li>\n<li><strong>ha nem tud v\u00e1lasztani a g\u00e1zpalackok vagy m\u00e1s term\u00e9keink k\u00f6z\u00f6tt<\/strong><\/li>\n<li><strong>ha olyan probl\u00e9m\u00e1ja van amelyre nem tal\u00e1lja a v\u00e1laszt a honlapon<\/strong><\/li>\n<\/ul>\n<hr \/>\n<p>l\u00e1s<\/p>","protected":false},"excerpt":{"rendered":"<p>40 liter\/ 200 bar \u00fczemi nyom\u00e1s\/ 229 mm \u00e1tm\u00e9r\u0151 \/ 1430 mm hossz\/ 44,32 kg s\u00faly\/ ISO9809-1 Eur\u00f3pai szabv\u00e1ny szerint<\/p>\n<p>Alum\u00ednium magasnyom\u00e1s\u00fa g\u00e1zpalack nagy tisztas\u00e1g\u00fa\u00a0 g\u00e1zok \u00e9s g\u00e1zkever\u00e9kek sz\u00e1m\u00e1ra<\/p>\n<p><span style=\"color: #ff6600;\"><strong>Minim\u00e1lis rendel\u00e9si mennyis\u00e9g\u00e9rt \u00e9s mennyis\u00e9gi kedvezm\u00e9ny\u00e9rt keressen benn\u00fcnket<\/strong><\/span><\/p>","protected":false},"featured_media":848,"template":"","meta":[],"product_brand":[],"product_cat":[168],"product_tag":[169,192,148,171,187,188,190,191],"class_list":{"0":"post-820","1":"product","2":"type-product","3":"status-publish","4":"has-post-thumbnail","6":"product_cat-gazpalack","7":"product_tag-200-bar","8":"product_tag-40-liter","9":"product_tag-aluminium","10":"product_tag-gas-cylinder","11":"product_tag-high-pressure","12":"product_tag-magasnyomasu","13":"product_tag-seamless","14":"product_tag-varratmentes","16":"first","17":"instock","18":"shipping-taxable","19":"purchasable","20":"product-type-simple"},"_links":{"self":[{"href":"https:\/\/pwent.lionstackailab.hu\/es\/wp-json\/wp\/v2\/product\/820","targetHints":{"allow":["GET"]}}],"collection":[{"href":"https:\/\/pwent.lionstackailab.hu\/es\/wp-json\/wp\/v2\/product"}],"about":[{"href":"https:\/\/pwent.lionstackailab.hu\/es\/wp-json\/wp\/v2\/types\/product"}],"wp:featuredmedia":[{"embeddable":true,"href":"https:\/\/pwent.lionstackailab.hu\/es\/wp-json\/wp\/v2\/media\/848"}],"wp:attachment":[{"href":"https:\/\/pwent.lionstackailab.hu\/es\/wp-json\/wp\/v2\/media?parent=820"}],"wp:term":[{"taxonomy":"product_brand","embeddable":true,"href":"https:\/\/pwent.lionstackailab.hu\/es\/wp-json\/wp\/v2\/product_brand?post=820"},{"taxonomy":"product_cat","embeddable":true,"href":"https:\/\/pwent.lionstackailab.hu\/es\/wp-json\/wp\/v2\/product_cat?post=820"},{"taxonomy":"product_tag","embeddable":true,"href":"https:\/\/pwent.lionstackailab.hu\/es\/wp-json\/wp\/v2\/product_tag?post=820"}],"curies":[{"name":"wp","href":"https:\/\/api.w.org\/{rel}","templated":true}]}}