{"id":815,"date":"2026-03-19T13:36:00","date_gmt":"2026-03-19T13:36:00","guid":{"rendered":"https:\/\/pwent.lionstackailab.hu\/?post_type=product&#038;p=815"},"modified":"2026-03-19T13:36:06","modified_gmt":"2026-03-19T13:36:06","slug":"nyomaseatalakito-tpusb-432-r0-usb-100-mbar-2000bar","status":"publish","type":"product","link":"https:\/\/pwent.lionstackailab.hu\/es\/termek\/nyomaseatalakito-tpusb-432-r0-usb-100-mbar-2000bar\/","title":{"rendered":"Nyom\u00e1s\u00e9\u00e1talak\u00edt\u00f3 TPUSB.432.R0 USB, 100 mbar-2000bar"},"content":{"rendered":"<p>Nyom\u00e1s\u00e1talak\u00edt\u00f3 (100 mbar-2000 bar). Ez a sorozat megk\u00fcl\u00f6nb\u00f6zteti mag\u00e1t m\u00e1s eszk\u00f6z\u00f6kt\u0151l a hossz\u00fa t\u00e1v\u00fa mechanikai \u00e9s elektromos megb\u00edzhat\u00f3s\u00e1g\u00e1val. Nagy v\u00e1kuumos h\u0151kezel\u00e9sek, a rozsdamentes ac\u00e9l alapanyag, biztos\u00edtj\u00e1k a helyes m\u0171k\u00f6d\u00e9st, m\u00e9g akkor is, ha nagyon dinamikus fesz\u00fclts\u00e9gek vannak jelen. A m\u00e9r\u0151elem monolitikus kivitelez\u00e9se, t\u00f6m\u00f6r gy\u0171r\u0171vel vagy t\u00f6m\u00edt\u00e9ssel t\u00f6rt\u00e9n\u0151 \u00f6sszeszerel\u00e9s n\u00e9lk\u00fcl, nagy hossz\u00fa t\u00e1v\u00fa stabilit\u00e1st biztos\u00edt, elhanyagolhat\u00f3 hiszter\u00e9zissel \u00e9s nulla eltol\u00f3d\u00e1ssal. A nyom\u00e1st bels\u0151 h\u00eddm\u00e9rleggel \u00e9rz\u00e9keli, ami cs\u00facsok jelenl\u00e9t\u00e9ben is biztos\u00edtja a teljes\u00edtm\u00e9ny fenntart\u00e1s\u00e1t.<\/p>\n<p>&nbsp;<\/p>\n<p>Az ingyenes szoftver seg\u00edts\u00e9g\u00e9vel be\u00e1ll\u00edthatja a konfigur\u00e1ci\u00f3s param\u00e9tereket. R\u00f6gz\u00edtheti a val\u00f3s idej\u0171 nyom\u00e1sgrafikont (DATA LOGGER). Elv\u00e9gezheti az adatok ment\u00e9s\u00e9t \u00e9s export\u00e1l\u00e1s\u00e1t Excel-be tov\u00e1bbi elemz\u00e9s c\u00e9lj\u00e1b\u00f3l. Ezek a tulajdons\u00e1gok alkalmass\u00e1 teszik a nyom\u00e1s\u00e1talak\u00edt\u00f3t arra, hogy t\u00f6bb ipari ter\u00fcleten haszn\u00e1lj\u00e1k, mint p\u00e9ld\u00e1ul<\/p>\n<ul>\n<li>pneumatikus<\/li>\n<li>hidraulikus<\/li>\n<li>\u00e9lelmiszer-ipari folyamatir\u00e1ny\u00edt\u00e1s<\/li>\n<li>h\u0171t\u0151 (depresszi\u00f3s) \u00fczemek<\/li>\n<li>Ezenk\u00edv\u00fcl tesztpadokon, anyagvizsg\u00e1l\u00f3 g\u00e9peken, laborat\u00f3riumokon \u00e9s kutat\u00e1sokon is \u00e1ltal\u00e1ban telep\u00edt\u00e9sre ker\u00fclnek.<\/li>\n<\/ul>\n<h2>Accesorios<\/h2>\n<p>WinUSBTrasd : free software for the connection of the instrument to a PC complete with DATA LOGGER , graphs and export of the measured values to an EXCEL file. The software allows storage to a file (in ASCII format or Microsoft Excel) for a test. Raw data is the pair measure \/ time allowing to reconstruct the curve after the test. To export in Microsoft Excel is required to have Excel installed on the PC. Some simple commands allow you to perform main functions on a transducer:<\/p>\n<ul>\n<li>Zero<\/li>\n<li>Peak Mode (both pressure and vacuum)<\/li>\n<li>Filter<\/li>\n<li>Conversion Speed<\/li>\n<li>The maximum transmission speed for a complete data packet is 4800 Hz.<\/li>\n<li>You can access to the communication protocol information by clicking on the Help Button.<\/li>\n<\/ul>\n<p>&nbsp;<\/p>\n<p>WinUSBTrasd: ingyenes szoftver a k\u00e9sz\u00fcl\u00e9k PC-hez t\u00f6rt\u00e9n\u0151 csatlakoztat\u00e1s\u00e1hoz DATA LOGGER-rel egy\u00fctt, grafikonok \u00e9s adatok export\u00e1l\u00e1si l\u00e9ehet\u0151s\u00e9ge EXCEL f\u00e1jlba. A szoftver lehet\u0151v\u00e9 teszi egy teszthez k\u00f6t\u0151d\u0151 adatok t\u00e1rol\u00e1s\u00e1t (ASCII vagy Microsoft Excel). A nyers adatok a p\u00e1ros t\u00e1rol\u00e1sa m\u00e9rt adat\/id\u0151, amely lehet\u0151v\u00e9 teszi a g\u00f6rbe fel\u00e9p\u00edt\u00e9s\u00e9t a teszt ut\u00e1n. A Microsoft Excel programban t\u00f6rt\u00e9n\u0151 export\u00e1l\u00e1shoz sz\u00fcks\u00e9ges, hogy az Excel telep\u00edtve legyen a sz\u00e1m\u00edt\u00f3g\u00e9pen. N\u00e9h\u00e1ny egyszer\u0171 parancs lehet\u0151v\u00e9 teszi, hogy f\u0151bb funkci\u00f3kat hajtson v\u00e9gre egy transzduktorban:<\/p>\n<ul>\n<li>Nulla<\/li>\n<li>Cs\u00facs \u00fczemm\u00f3d (nyom\u00e1s \u00e9s v\u00e1kuum)<\/li>\n<li>Sz\u0171r\u0151<\/li>\n<li>Konverzi\u00f3s sebess\u00e9g<\/li>\n<li>A teljes adatcsomag maxim\u00e1lis \u00e1tviteli sebess\u00e9ge 4800 Hz.<\/li>\n<li>A kommunik\u00e1ci\u00f3s protokoll adataihoz kattintson a S\u00fag\u00f3 gombra.<\/li>\n<\/ul>","protected":false},"excerpt":{"rendered":"<p><span lang=\"EN-GB\">Digit\u00e1lis \u00a0nyom\u00e1s\u00e1talak\u00ed USB csatlakoz\u00e1ssal, adatgy\u0171jt\u0151 szoftverrel 100mbar-2000 bar k\u00f6z\u00f6tt.\u00a0<\/span><\/p>","protected":false},"featured_media":843,"template":"","meta":[],"product_brand":[],"product_cat":[32,40,75,70,64,31],"product_tag":[178,43,204,180],"class_list":{"0":"post-815","1":"product","2":"type-product","3":"status-publish","4":"has-post-thumbnail","6":"product_cat-gazpalack-nyomasproba-es-felujitas","7":"product_cat-gazpalack-nyomasproba-rampa","8":"product_cat-kiegeszitok","9":"product_cat-merlegek-meroeszkozok","10":"product_cat-nyomasproba-szivattyu","11":"product_cat-termekek","12":"product_tag-meroeszkoz","13":"product_tag-nyomasproba","14":"product_tag-pressure-test","15":"product_tag-regiszter","17":"first","18":"instock","19":"shipping-taxable","20":"purchasable","21":"product-type-simple"},"_links":{"self":[{"href":"https:\/\/pwent.lionstackailab.hu\/es\/wp-json\/wp\/v2\/product\/815","targetHints":{"allow":["GET"]}}],"collection":[{"href":"https:\/\/pwent.lionstackailab.hu\/es\/wp-json\/wp\/v2\/product"}],"about":[{"href":"https:\/\/pwent.lionstackailab.hu\/es\/wp-json\/wp\/v2\/types\/product"}],"wp:featuredmedia":[{"embeddable":true,"href":"https:\/\/pwent.lionstackailab.hu\/es\/wp-json\/wp\/v2\/media\/843"}],"wp:attachment":[{"href":"https:\/\/pwent.lionstackailab.hu\/es\/wp-json\/wp\/v2\/media?parent=815"}],"wp:term":[{"taxonomy":"product_brand","embeddable":true,"href":"https:\/\/pwent.lionstackailab.hu\/es\/wp-json\/wp\/v2\/product_brand?post=815"},{"taxonomy":"product_cat","embeddable":true,"href":"https:\/\/pwent.lionstackailab.hu\/es\/wp-json\/wp\/v2\/product_cat?post=815"},{"taxonomy":"product_tag","embeddable":true,"href":"https:\/\/pwent.lionstackailab.hu\/es\/wp-json\/wp\/v2\/product_tag?post=815"}],"curies":[{"name":"wp","href":"https:\/\/api.w.org\/{rel}","templated":true}]}}