{"id":814,"date":"2026-03-19T13:36:00","date_gmt":"2026-03-19T13:36:00","guid":{"rendered":"https:\/\/pwent.lionstackailab.hu\/?post_type=product&#038;p=814"},"modified":"2026-03-19T13:36:05","modified_gmt":"2026-03-19T13:36:05","slug":"gazpalack-szallito-paletta-56-db","status":"publish","type":"product","link":"https:\/\/pwent.lionstackailab.hu\/es\/termek\/gazpalack-szallito-paletta-56-db\/","title":{"rendered":"G\u00e1zpalack sz\u00e1ll\u00edt\u00f3 paletta 56 db"},"content":{"rendered":"<p>Horganyzott, robot hegesztett f\u00e9m paletta 56 db g\u00e1zpalack sz\u00e1ll\u00edt\u00e1s\u00e1ra, t\u00e1rol\u00e1s\u00e1ra. 1698 mm x 2380 mm x 1080 mm.<\/p>\n<p>A\u00a0 Recoma tervez\u0151i, technikusai \u00e9s oper\u00e1torai minden ig\u00e9nyek k\u00e9pesek megfelelni. Munkat\u00e1rsaink megfelel\u0151en k\u00e9pzettek \u00e9s megfelel\u0151 bizony\u00edtv\u00e1nyokkal rendelkeznek hegeszt\u00e9s, forraszt\u00e1s \u00e9s b\u00e1rmilyen m\u00e1s ac\u00e9lmunk\u00e1k ter\u00fclet\u00e9n. A bels\u0151 szervezeti fel\u00e9p\u00edt\u00e9s biztos\u00edtja a legmagasabb min\u0151s\u00e9g sz\u00e1ll\u00edt\u00e1s\u00e1t.<\/p>\n<p>&nbsp;<\/p>","protected":false},"excerpt":{"rendered":"<p>Szabv\u00e1nyos horganyzott g\u00e1zpalack sz\u00e1ll\u00edt\u00f3 kaloda <strong>r\u00e1mpa n\u00e9lk\u00fcl<\/strong>. A horganyzott paletta robot hegesztett, 56 db g\u00e1zpalack t\u00e1rol\u00e1s\u00e1ra \u00e9s sz\u00e1ll\u00edt\u00e1s\u00e1ra szolg\u00e1l.<span style=\"color: #ff6600;\"> Mennyis\u00e9gi kedvezm\u00e9ny\u00e9rt keressen benn\u00fcnket<\/span><\/p>","protected":false},"featured_media":38,"template":"","meta":[],"product_brand":[],"product_cat":[78],"product_tag":[159,203,90],"class_list":{"0":"post-814","1":"product","2":"type-product","3":"status-publish","4":"has-post-thumbnail","6":"product_cat-nem-kategorizalt","7":"product_tag-femszerkezet","8":"product_tag-kaloda","9":"product_tag-paletta","11":"first","12":"instock","13":"shipping-taxable","14":"purchasable","15":"product-type-simple"},"_links":{"self":[{"href":"https:\/\/pwent.lionstackailab.hu\/es\/wp-json\/wp\/v2\/product\/814","targetHints":{"allow":["GET"]}}],"collection":[{"href":"https:\/\/pwent.lionstackailab.hu\/es\/wp-json\/wp\/v2\/product"}],"about":[{"href":"https:\/\/pwent.lionstackailab.hu\/es\/wp-json\/wp\/v2\/types\/product"}],"wp:featuredmedia":[{"embeddable":true,"href":"https:\/\/pwent.lionstackailab.hu\/es\/wp-json\/wp\/v2\/media\/38"}],"wp:attachment":[{"href":"https:\/\/pwent.lionstackailab.hu\/es\/wp-json\/wp\/v2\/media?parent=814"}],"wp:term":[{"taxonomy":"product_brand","embeddable":true,"href":"https:\/\/pwent.lionstackailab.hu\/es\/wp-json\/wp\/v2\/product_brand?post=814"},{"taxonomy":"product_cat","embeddable":true,"href":"https:\/\/pwent.lionstackailab.hu\/es\/wp-json\/wp\/v2\/product_cat?post=814"},{"taxonomy":"product_tag","embeddable":true,"href":"https:\/\/pwent.lionstackailab.hu\/es\/wp-json\/wp\/v2\/product_tag?post=814"}],"curies":[{"name":"wp","href":"https:\/\/api.w.org\/{rel}","templated":true}]}}