{"id":746,"date":"2026-03-19T13:35:36","date_gmt":"2026-03-19T13:35:36","guid":{"rendered":"https:\/\/pwent.lionstackailab.hu\/?post_type=product&#038;p=746"},"modified":"2026-03-19T13:35:59","modified_gmt":"2026-03-19T13:35:59","slug":"fem-kaloda-csepfolyos-tarolohordok-reszere-sella-hv","status":"publish","type":"product","link":"https:\/\/pwent.lionstackailab.hu\/es\/termek\/fem-kaloda-csepfolyos-tarolohordok-reszere-sella-hv\/","title":{"rendered":"F\u00e9m kaloda csepfoly\u00f3s t\u00e1rol\u00f3hord\u00f3k r\u00e9sz\u00e9re &#8211; SELLA HV"},"content":{"rendered":"<p>Horganyzott, robot hegesztett f\u00e9m paletta nagy m\u00e9ret\u0171 hord\u00f3k \u00e9s tart\u00e1lyok r\u00f6gz\u00edt\u00e9s\u00e9hez. Targonc\u00e1zhat\u00f3, kivitel amely megoldja a tart\u00e1lyok biztons\u00e1gos mozgat\u00e1s\u00e1t \u00e9s sz\u00e1ll\u00edt\u00e1s\u00e1t. Enn\u00e9l a modelln\u00e9l plusz r\u00f6gz\u00edt\u0151ket \u00e9p\u00edtett\u00fcnk be, amelyek seg\u00edtenek elker\u00fclni a targoncavilla \u00e1ltal okozott esetlegese s\u00e9r\u00fcl\u00e9seket. A\u00a0kaloda r\u00e9sze a g\u00e1zpalackok biztons\u00e1gos r\u00f6gz\u00edt\u00e9s\u00e9re szolg\u00e1l\u00f3 spanifer is.<\/p>\n<h3>Tipikus felhaszn\u00e1l\u00e1si ter\u00fcletek<\/h3>\n<ul>\n<li>h\u0171t\u0151g\u00e1z hord\u00f3<\/li>\n<li>kl\u00edmag\u00e1z hord\u00f3<\/li>\n<li>kl\u00f3r sz\u00e1rmaz\u00e9kok t\u00e1rol\u00e1s\u00e1ra szolg\u00e1l\u00f3 hord\u00f3k<\/li>\n<li>m\u00e1s csepfoly\u00f3s \u00e1llapotban alacsony nyom\u00e1son t\u00e1rolt \u00e9s sz\u00e1ll\u00edtott g\u00e1zok t\u00e1rol\u00e1sa \u00e9s sz\u00e1ll\u00edt\u00e1sa<\/li>\n<\/ul>\n<p>A \u00a0Recoma tervez\u0151i, technikusai \u00e9s oper\u00e1torai minden ig\u00e9nyek k\u00e9pesek megfelelni. Munkat\u00e1rsaink megfelel\u0151en k\u00e9pzettek \u00e9s megfelel\u0151 bizony\u00edtv\u00e1nyokkal rendelkeznek hegeszt\u00e9s, forraszt\u00e1s \u00e9s b\u00e1rmilyen m\u00e1s ac\u00e9lmunk\u00e1k ter\u00fclet\u00e9n. A bels\u0151 szervezeti fel\u00e9p\u00edt\u00e9s biztos\u00edtja a legmagasabb min\u0151s\u00e9g sz\u00e1ll\u00edt\u00e1s\u00e1t.<\/p>\n<p>A k\u00e9pek illusztr\u00e1ci\u00f3k\u00e9nt szolg\u00e1lnak. Az \u00e1r a hord\u00f3 n\u00e9lk\u00fcl \u00e9rtend\u0151. A sz\u00e1ll\u00edt\u00e1si terjedelembe csak a f\u00e9m szerkezet \u00e9s a r\u00f6gz\u00edt\u0151 spanifer tartozik bele.<\/p>\n<p>&nbsp;<\/p>","protected":false},"excerpt":{"rendered":"<div id=\"cont06\" class=\"fondino\">Horganyzott, robot hegesztett f\u00e9m paletta nagy m\u00e9ret\u0171 hord\u00f3k \u00e9s tart\u00e1lyok r\u00f6gz\u00edt\u00e9s\u00e9hez. Targonc\u00e1zhat\u00f3, kivitel amely megoldja a tart\u00e1lyok biztons\u00e1gos mozgat\u00e1s\u00e1t \u00e9s sz\u00e1ll\u00edt\u00e1s\u00e1t. Enn\u00e9l a modelln\u00e9l plusz r\u00f6gz\u00edt\u0151ket \u00e9p\u00edtett\u00fcnk be, amelyek seg\u00edtenek elker\u00fclni a targoncavilla \u00e1ltal okozott esetlegese s\u00e9r\u00fcl\u00e9seket. A\u00a0kaloda r\u00e9sze a g\u00e1zpalackok biztons\u00e1gos r\u00f6gz\u00edt\u00e9s\u00e9re szolg\u00e1l\u00f3 spanifer is. <span style=\"color: #ff6600\">Mennyis\u00e9gi kedvezm\u00e9ny\u00e9rt, egyedi kivitel miatt keressen benn\u00fcnket<\/span><\/div>","protected":false},"featured_media":800,"template":"","meta":[],"product_brand":[],"product_cat":[158,31],"product_tag":[159,50,90],"class_list":{"0":"post-746","1":"product","2":"type-product","3":"status-publish","4":"has-post-thumbnail","6":"product_cat-gazpalack-szallito-fem-paletta","7":"product_cat-termekek","8":"product_tag-femszerkezet","9":"product_tag-lpg","10":"product_tag-paletta","12":"first","13":"instock","14":"shipping-taxable","15":"purchasable","16":"product-type-simple"},"_links":{"self":[{"href":"https:\/\/pwent.lionstackailab.hu\/es\/wp-json\/wp\/v2\/product\/746","targetHints":{"allow":["GET"]}}],"collection":[{"href":"https:\/\/pwent.lionstackailab.hu\/es\/wp-json\/wp\/v2\/product"}],"about":[{"href":"https:\/\/pwent.lionstackailab.hu\/es\/wp-json\/wp\/v2\/types\/product"}],"wp:featuredmedia":[{"embeddable":true,"href":"https:\/\/pwent.lionstackailab.hu\/es\/wp-json\/wp\/v2\/media\/800"}],"wp:attachment":[{"href":"https:\/\/pwent.lionstackailab.hu\/es\/wp-json\/wp\/v2\/media?parent=746"}],"wp:term":[{"taxonomy":"product_brand","embeddable":true,"href":"https:\/\/pwent.lionstackailab.hu\/es\/wp-json\/wp\/v2\/product_brand?post=746"},{"taxonomy":"product_cat","embeddable":true,"href":"https:\/\/pwent.lionstackailab.hu\/es\/wp-json\/wp\/v2\/product_cat?post=746"},{"taxonomy":"product_tag","embeddable":true,"href":"https:\/\/pwent.lionstackailab.hu\/es\/wp-json\/wp\/v2\/product_tag?post=746"}],"curies":[{"name":"wp","href":"https:\/\/api.w.org\/{rel}","templated":true}]}}