{"id":745,"date":"2026-03-19T13:35:36","date_gmt":"2026-03-19T13:35:36","guid":{"rendered":"https:\/\/pwent.lionstackailab.hu\/?post_type=product&#038;p=745"},"modified":"2026-03-19T13:35:53","modified_gmt":"2026-03-19T13:35:53","slug":"fpf-elso-biztonsagi-vedoajto-fit50-gephez","status":"publish","type":"product","link":"https:\/\/pwent.lionstackailab.hu\/es\/termek\/fpf-elso-biztonsagi-vedoajto-fit50-gephez\/","title":{"rendered":"FPF Els\u0151 biztons\u00e1gi v\u00e9d\u0151ajt\u00f3 FIT50 g\u00e9phez"},"content":{"rendered":"<p>A FIT50 nyom\u00e1spr\u00f3ba g\u00e9peink a vonatkoz\u00f3 EU- szabv\u00e1nyoknak megfelel\u0151en infrasoromp\u00f3s v\u00e9delemmel vannak ell\u00e1tva. Amint a vesz\u00e9lyeztetett ter\u00fcletre b\u00e1rki bel\u00e9pne, \u00fagy mindenfajta mozg\u00e1s megsz\u0171nik. A biztons\u00e1g fokoz\u00e1sa \u00e9rdek\u00e9ben aj\u00e1nljuk jelenlegi biztons\u00e1gi ajt\u00f3nkat, amely m\u00e1r a a vesz\u00e9lyes z\u00f3n\u00e1t fizikailag is v\u00e9di<\/p>","protected":false},"excerpt":{"rendered":"<p>Biztons\u00e1gi v\u00e9d\u0151r\u00e1cs FIT50 g\u00e9pekhez<\/p>","protected":false},"featured_media":799,"template":"","meta":[],"product_brand":[],"product_cat":[32,40],"product_tag":[153,181],"class_list":{"0":"post-745","1":"product","2":"type-product","3":"status-publish","4":"has-post-thumbnail","6":"product_cat-gazpalack-nyomasproba-es-felujitas","7":"product_cat-gazpalack-nyomasproba-rampa","8":"product_tag-kevero","9":"product_tag-protection","11":"first","12":"instock","13":"shipping-taxable","14":"purchasable","15":"product-type-simple"},"_links":{"self":[{"href":"https:\/\/pwent.lionstackailab.hu\/es\/wp-json\/wp\/v2\/product\/745","targetHints":{"allow":["GET"]}}],"collection":[{"href":"https:\/\/pwent.lionstackailab.hu\/es\/wp-json\/wp\/v2\/product"}],"about":[{"href":"https:\/\/pwent.lionstackailab.hu\/es\/wp-json\/wp\/v2\/types\/product"}],"wp:featuredmedia":[{"embeddable":true,"href":"https:\/\/pwent.lionstackailab.hu\/es\/wp-json\/wp\/v2\/media\/799"}],"wp:attachment":[{"href":"https:\/\/pwent.lionstackailab.hu\/es\/wp-json\/wp\/v2\/media?parent=745"}],"wp:term":[{"taxonomy":"product_brand","embeddable":true,"href":"https:\/\/pwent.lionstackailab.hu\/es\/wp-json\/wp\/v2\/product_brand?post=745"},{"taxonomy":"product_cat","embeddable":true,"href":"https:\/\/pwent.lionstackailab.hu\/es\/wp-json\/wp\/v2\/product_cat?post=745"},{"taxonomy":"product_tag","embeddable":true,"href":"https:\/\/pwent.lionstackailab.hu\/es\/wp-json\/wp\/v2\/product_tag?post=745"}],"curies":[{"name":"wp","href":"https:\/\/api.w.org\/{rel}","templated":true}]}}