{"id":742,"date":"2026-03-19T13:35:36","date_gmt":"2026-03-19T13:35:36","guid":{"rendered":"https:\/\/pwent.lionstackailab.hu\/?post_type=product&#038;p=742"},"modified":"2026-03-19T13:35:52","modified_gmt":"2026-03-19T13:35:52","slug":"rcp-filtrcp-ca-porelszivas-rcp-270-gephez","status":"publish","type":"product","link":"https:\/\/pwent.lionstackailab.hu\/es\/termek\/rcp-filtrcp-ca-porelszivas-rcp-270-gephez\/","title":{"rendered":"RCP\/FILT+RCP\/CA &#8211; porelsz\u00edv\u00e1s RCP 270 g\u00e9phez"},"content":{"rendered":"<p>Porelsz\u00edv\u00e1s, sz\u0171r\u00e9s az RCP270 g\u00e9phez + f\u00e9m doboz a megsz\u0171rt leveg\u0151 k\u00fclt\u00e9rbe t\u00f6rt\u00e9n\u0151 sz\u00e1ll\u00edt\u00e1s\u00e1hoz. RCP\/FILT<\/p>\n<hr \/>\n<h3>Alkatr\u00e9szek \u00e9s eszk\u00f6z\u00f6k<\/h3>\n<ul>\n<li>Elektromos sz\u00edv\u00f3ventil\u00e1tor nyitott penge ventil\u00e1torral<\/li>\n<li>Kerekes keret horganyzott ac\u00e9lb\u00f3l<\/li>\n<li>Nagyfel\u00fclet\u0171 sz\u0171r\u0151patron<\/li>\n<li>Por regener\u00e1l\u00f3 zs\u00e1k<\/li>\n<li>K\u00e1bel \u00e9s dug\u00f3 amellyel a g\u00e9p csatlakoztathat\u00f3 az elektromos RCP panelhez<\/li>\n<li>Rugalmas t\u00f6ml\u0151t az RCP kabinhoz t\u00f6rt\u00e9n\u0151 csatlakoz\u00e1shoz<\/li>\n<\/ul>\n<p>&nbsp;<\/p>\n<table class=\"NormalTable\">\n<tbody>\n<tr>\n<td width=\"200\"><strong><span class=\"fontstyle0\">Le\u00edr\u00e1s<\/span><\/strong><\/td>\n<td width=\"200\">modell<\/td>\n<\/tr>\n<tr>\n<td width=\"200\"><strong><span class=\"fontstyle2\">Katal\u00f3gus cikksz\u00e1m<\/span><\/strong><\/td>\n<td width=\"200\"><span class=\"fontstyle2\">MZPE001<\/span><\/td>\n<\/tr>\n<tr>\n<td width=\"200\"><strong><span class=\"fontstyle2\">Be\u00e9p\u00edtett elektromos teljes\u00edtm\u00e9ny (kW) <\/span><\/strong><\/td>\n<td width=\"200\"><span class=\"fontstyle2\">1,5<\/span><\/td>\n<\/tr>\n<tr>\n<td width=\"200\"><span class=\"fontstyle2\"><strong>Motor fordulatsz\u00e1m(ford\/perc)<\/strong> <\/span><\/td>\n<td width=\"200\"><span class=\"fontstyle2\">2800<\/span><\/td>\n<\/tr>\n<tr>\n<td width=\"200\"><strong><span class=\"fontstyle2\">Maxim\u00e1lis sz\u00edv\u00f3teljes\u00edtm\u00e9ny (m<\/span><span class=\"fontstyle2\">3<\/span><span class=\"fontstyle2\">\/\u00f3ra) <\/span><\/strong><\/td>\n<td width=\"200\"><span class=\"fontstyle2\">2500<\/span><\/td>\n<\/tr>\n<tr>\n<td width=\"200\"><strong><span class=\"fontstyle2\">Sz\u0171r\u0151fel\u00fclet m\u00e9rete (m<\/span><span class=\"fontstyle2\">2<\/span><span class=\"fontstyle2\">) <\/span><\/strong><\/td>\n<td width=\"200\"><span class=\"fontstyle2\">12,5<\/span><\/td>\n<\/tr>\n<tr>\n<td width=\"200\"><strong><span class=\"fontstyle2\">Leveg\u0151sz\u00e1ll\u00edt\u00f3 RCP\/CA t\u00edpussz\u00e1m<\/span><\/strong><\/td>\n<td width=\"200\"><span class=\"fontstyle2\">AZPE001<\/span><\/td>\n<\/tr>\n<tr>\n<td width=\"200\"><span class=\"fontstyle2\">M\u00e9retek mm (<strong>RCP\/FILT+RCP\/CA) (SZxMxM)\u00a0<\/strong><\/span><\/td>\n<td width=\"200\"><span class=\"fontstyle2\">1200 x 520 x 3500<\/span><\/td>\n<\/tr>\n<\/tbody>\n<\/table>\n<p>&nbsp;<\/p>\n<p>&nbsp;<\/p>\n<hr \/>\n<p><strong>Let\u00f6lthet\u0151 anyagok<\/strong><\/p>\n<ul>\n<li><a href=\"https:\/\/pwent.eu\/wp-content\/uploads\/2016\/05\/RCP_external_cleaning.pdf\" rel=\"\">RCP_sorozat RCP 270 g\u00e1zpalack k\u00fcls\u0151 tiszt\u00edt\u00f3 egys\u00e9g<\/a><\/li>\n<\/ul>","protected":false},"excerpt":{"rendered":"<p>Porelsz\u00edv\u00e1s, sz\u0171r\u00e9s az RCP270 g\u00e9phez + f\u00e9m doboz a megsz\u0171rt leveg\u0151 k\u00fclt\u00e9rbe t\u00f6rt\u00e9n\u0151 sz\u00e1ll\u00edt\u00e1s\u00e1hoz. RCP\/FILT<\/p>","protected":false},"featured_media":797,"template":"","meta":[],"product_brand":[],"product_cat":[133,32,121,36,33,31],"product_tag":[],"class_list":{"0":"post-742","1":"product","2":"type-product","3":"status-publish","4":"has-post-thumbnail","6":"product_cat-gazpalack-kulso-festese-feluletkezeles","7":"product_cat-gazpalack-nyomasproba-es-felujitas","8":"product_cat-gazpalackok-kulso-tisztitasa","9":"product_cat-muhely-porralolto-keszulek-karbantartasahoz","10":"product_cat-muhely-szendioxiddal-olto-keszulekhez","11":"product_cat-termekek","13":"first","14":"instock","15":"shipping-taxable","16":"purchasable","17":"product-type-simple"},"_links":{"self":[{"href":"https:\/\/pwent.lionstackailab.hu\/es\/wp-json\/wp\/v2\/product\/742","targetHints":{"allow":["GET"]}}],"collection":[{"href":"https:\/\/pwent.lionstackailab.hu\/es\/wp-json\/wp\/v2\/product"}],"about":[{"href":"https:\/\/pwent.lionstackailab.hu\/es\/wp-json\/wp\/v2\/types\/product"}],"wp:featuredmedia":[{"embeddable":true,"href":"https:\/\/pwent.lionstackailab.hu\/es\/wp-json\/wp\/v2\/media\/797"}],"wp:attachment":[{"href":"https:\/\/pwent.lionstackailab.hu\/es\/wp-json\/wp\/v2\/media?parent=742"}],"wp:term":[{"taxonomy":"product_brand","embeddable":true,"href":"https:\/\/pwent.lionstackailab.hu\/es\/wp-json\/wp\/v2\/product_brand?post=742"},{"taxonomy":"product_cat","embeddable":true,"href":"https:\/\/pwent.lionstackailab.hu\/es\/wp-json\/wp\/v2\/product_cat?post=742"},{"taxonomy":"product_tag","embeddable":true,"href":"https:\/\/pwent.lionstackailab.hu\/es\/wp-json\/wp\/v2\/product_tag?post=742"}],"curies":[{"name":"wp","href":"https:\/\/api.w.org\/{rel}","templated":true}]}}