{"id":741,"date":"2026-03-19T13:35:36","date_gmt":"2026-03-19T13:35:36","guid":{"rendered":"https:\/\/pwent.lionstackailab.hu\/?post_type=product&#038;p=741"},"modified":"2026-03-19T13:35:52","modified_gmt":"2026-03-19T13:35:52","slug":"air4-bil-s-pneumatikus-satu","status":"publish","type":"product","link":"https:\/\/pwent.lionstackailab.hu\/es\/termek\/air4-bil-s-pneumatikus-satu\/","title":{"rendered":"AIR4\/BIL-S pneumatikus satu"},"content":{"rendered":"<p>M\u00e9rlegre szerelhet\u0151 pneumatikus satu, 140-450 mm \u00e1tm\u00e9r\u0151h\u00f6z. A SATU SZELEPEL\u00c9SRE NEM ALKALMAS. A f\u0151 funkci\u00f3ja hogy a t\u00f6lt\u00e9s alatt l\u00e9v\u0151 g\u00e1zpalack ne mozduljon el. A vez\u00e9rl\u0151 panel a satu jobb oldal\u00e1n tal\u00e1lhat\u00f3. A satu tartalmaz egy \u00e1ll\u00edthat\u00f3 magass\u00e1g\u00fa lemezt a kis palackok t\u00f6lt\u00e9s\u00e9hez is. A satu fels\u0151 r\u00e9sze 180\u00b0 elford\u00edthat\u00f3, ami lehet\u0151v\u00e9 teszi a m\u00e9rleg haszn\u00e1lat\u00e1t 450 mm-n\u00e9l nagyobb \u00e1tm\u00e9r\u0151j\u0171 g\u00e1zpalackok t\u00f6lt\u00e9s\u00e9hez is.<\/p>\n<hr \/>\n<p>&nbsp;<\/p>","protected":false},"excerpt":{"rendered":"<p>M\u00e9rlegre szerelhet\u0151 pneumatikus satu, 140-450 mm \u00e1tm\u00e9r\u0151h\u00f6z. A SATU SZELEPEL\u00c9SRE NEM ALKALMAS. A f\u0151 funkci\u00f3ja hogy a t\u00f6lt\u00e9s alatt l\u00e9v\u0151 g\u00e1zpalack ne mozduljon el.<\/p>","protected":false},"featured_media":796,"template":"","meta":[],"product_brand":[],"product_cat":[69,71],"product_tag":[96,35],"class_list":{"0":"post-741","1":"product","2":"type-product","3":"status-publish","4":"has-post-thumbnail","6":"product_cat-co2-tolto-es-atfejto-gepek","7":"product_cat-transzfer-gepek-fm200-novec-es-inert-oltogazokhoz","8":"product_tag-satu","9":"product_tag-szelepeles","11":"first","12":"instock","13":"shipping-taxable","14":"purchasable","15":"product-type-simple"},"_links":{"self":[{"href":"https:\/\/pwent.lionstackailab.hu\/es\/wp-json\/wp\/v2\/product\/741","targetHints":{"allow":["GET"]}}],"collection":[{"href":"https:\/\/pwent.lionstackailab.hu\/es\/wp-json\/wp\/v2\/product"}],"about":[{"href":"https:\/\/pwent.lionstackailab.hu\/es\/wp-json\/wp\/v2\/types\/product"}],"wp:featuredmedia":[{"embeddable":true,"href":"https:\/\/pwent.lionstackailab.hu\/es\/wp-json\/wp\/v2\/media\/796"}],"wp:attachment":[{"href":"https:\/\/pwent.lionstackailab.hu\/es\/wp-json\/wp\/v2\/media?parent=741"}],"wp:term":[{"taxonomy":"product_brand","embeddable":true,"href":"https:\/\/pwent.lionstackailab.hu\/es\/wp-json\/wp\/v2\/product_brand?post=741"},{"taxonomy":"product_cat","embeddable":true,"href":"https:\/\/pwent.lionstackailab.hu\/es\/wp-json\/wp\/v2\/product_cat?post=741"},{"taxonomy":"product_tag","embeddable":true,"href":"https:\/\/pwent.lionstackailab.hu\/es\/wp-json\/wp\/v2\/product_tag?post=741"}],"curies":[{"name":"wp","href":"https:\/\/api.w.org\/{rel}","templated":true}]}}