{"id":740,"date":"2026-03-19T13:35:36","date_gmt":"2026-03-19T13:35:36","guid":{"rendered":"https:\/\/pwent.lionstackailab.hu\/?post_type=product&#038;p=740"},"modified":"2026-03-19T13:35:49","modified_gmt":"2026-03-19T13:35:49","slug":"nyomasertek-adatgyujto-digitalis-100mbar-3000-bar","status":"publish","type":"product","link":"https:\/\/pwent.lionstackailab.hu\/es\/termek\/nyomasertek-adatgyujto-digitalis-100mbar-3000-bar\/","title":{"rendered":"Nyom\u00e1s\u00e9rt\u00e9k adatgy\u0171jt\u0151: digit\u00e1lis (100mbar &#8211; 3000 bar)"},"content":{"rendered":"<p class=\"m_7322905299496299925MsoListParagraph\">Adatgy\u0171jt\u0151, logger, napl\u00f3z\u00f3<\/p>\n<p class=\"m_7322905299496299925MsoListParagraph\">Nyom\u00e1s\u00e9rt\u00e9k adatgy\u0171jt\u0151vel digit\u00e1lisan r\u00f6gz\u00edtheti a nyom\u00e1spr\u00f3ba alatt m\u00e9rt nyom\u00e1s\u00e9rt\u00e9keket. Az adatgy\u0171jt\u0151ben l\u00e9v\u0151 adatok gyorsan analiz\u00e1l\u00f3 program seg\u00edts\u00e9g\u00e9vel kinyerhet\u0151ek (opci\u00f3).\u00a0 Az nyom\u00e1sm\u00e9r\u0151 a k\u00f6vetkez\u0151 nyom\u00e1startom\u00e1nyokban \u00e9rhet\u0151 el:<\/p>\n<ul>\n<li class=\"m_7322905299496299925MsoListParagraph\">0-160 bar pontoss\u00e1g 0,2%\u00a0standard (0,1% k\u00e9r\u00e9sre)<\/li>\n<li class=\"m_7322905299496299925MsoListParagraph\">0-600 bar pontoss\u00e1g 0,2 %\u00a0 standard (0,1% k\u00e9r\u00e9sre)<\/li>\n<li>100 mbar-3000 bar m\u00e9r\u00e9si tartom\u00e1ny lehets\u00e9ges, pontos ig\u00e9ny\u00e9vel keressen benn\u00fcnket.<\/li>\n<\/ul>\n<p>R\u00f6gz\u00edtheti \u00e9s let\u00f6lt\u00e9s ut\u00e1n archiv\u00e1lhatja a v\u00edznyom\u00e1spr\u00f3b\u00e1n m\u00e9rt nyom\u00e1s\u00e9rt\u00e9keket. Ezzel bizony\u00edthatja \u00e9s visszakeresheti az adatokat.<\/p>\n<p>A standard modell adataihoz egy USB \u00a0k\u00e1belen kereszt\u00fcl PC seg\u00edts\u00e9g\u00e9vel lehet hozz\u00e1f\u00e9rni. A rendszer Windows oper\u00e1ci\u00f3s rendszeren m\u0171k\u00f6dik. A sz\u00e1m\u00edt\u00f3g\u00e9pnek minimum 2 USB porttal kell rendelkeznie ( a PC nem a csomag r\u00e9sze).<\/p>\n<p>Az adatgy\u0171jt\u0151 maximum 60,000 m\u00e9r\u00e9st k\u00e9pes r\u00f6gz\u00edteni (30.000 db a maximum ha a h\u0151m\u00e9rs\u00e9kletet is r\u00f6gz\u00edtj\u00fck) 1 mp-t\u0151l eg\u00e9szen 10 \u00f3r\u00e1s intervallumonk\u00e9nt. Ezt a t1 param\u00e9terben \u00e1ll\u00edtjuk be a &#8222;Setting Menu&#8221; alatt. A m\u00e9r\u00e9si hosszt a t2 param\u00e9ter hat\u00e1rozza meg (\u00e1ltal\u00e1ban 120 mp).<\/p>\n<p>Az adatokat egy nem t\u00f6rl\u0151d\u0151 mem\u00f3ri\u00e1ba mentj\u00fck. Az elmentett adatok mindig el\u00e9rhet\u0151ek lesznek, am\u00edg nem kezd\u00fcnk el \u00faj ciklust r\u00f6gz\u00edteni. \u00a0FIGYELEM: \u00faj m\u00e9r\u00e9si ciklus \u00a0= \u00faj pr\u00f3baciklus, teh\u00e1t az adatokat \u00e9rdemes let\u00f6lteni \u00e9s elmenteni minden tesztel\u00e9si ciklust k\u00f6vet\u0151en. \u00a0FIGYELEM: az adatgy\u0171jt\u0151 \u00f6sszes funkci\u00f3ja el\u00e9rhet\u0151 a PC haszn\u00e1latos &#8222;Quick Analyzer&#8221; programb\u00f3l is. Itt a k\u00f6vetkez\u0151 funkci\u00f3kat tudja haszn\u00e1lni:<\/p>\n<ul>\n<li>Az aktu\u00e1lis ciklus st\u00e1tusza<\/li>\n<li>Let\u00f6lthet\u0151 az \u00f6sszes m\u00e9rt adat<\/li>\n<li>Az adatok f\u00e1jlba menthet\u0151ek<\/li>\n<li>A nyom\u00e1sg\u00f6rbe kirajzolhat\u00f3<\/li>\n<li>A nyom\u00e1sg\u00f6rbe kinyomtathat\u00f3<\/li>\n<li>Lehet\u0151s\u00e9g van az adatok Microsoft Excel-be t\u00f6rt\u00e9n\u0151 export\u00e1l\u00e1s\u00e1ra<\/li>\n<li>A m\u00e9r\u00e9s elind\u00edthat\u00f3 \u00e9s meg\u00e1ll\u00edthat\u00f3<\/li>\n<\/ul>\n<h2>A sz\u00e1ll\u00edtand\u00f3 csomag tartalma:<\/h2>\n<ul>\n<li>digit\u00e1lis nyom\u00e1sm\u00e9r\u0151 \u00e9s adatr\u00f6gz\u00edt\u0151<\/li>\n<li>\u00fct\u00e9s\u00e1ll\u00f3 szilikon bor\u00edt\u00e1s.<\/li>\n<li>hordoz\u00f3t\u00e1ska<\/li>\n<li>USB \u00e1ramell\u00e1t\u00e1s(5VDC @700mA)<\/li>\n<li>USB k\u00e1bel<\/li>\n<li>CD haszn\u00e1lati utas\u00edt\u00e1ssal \u00e9s USB meghajt\u00f3programmal<\/li>\n<\/ul>\n<h2>Opci\u00f3k\u00e9nt rendelhet\u0151:<\/h2>\n<ul>\n<li>M\u00c9R\u00c9SI ADATOK TOV\u00c1BB\u00cdT\u00c1SA\u00a0 vezet\u00e9k n\u00e9lk\u00fcl (opci\u00f3)<\/li>\n<li>NYOM\u00c1S KAPCSOL\u00d3 TESZT (opci\u00f3)<\/li>\n<li>V\u00c1KUUM kalibr\u00e1ci\u00f3 (opci\u00f3)<\/li>\n<li>Kalibr\u00e1ci\u00f3s jegyz\u0151k\u00f6nyv (opci\u00f3)<\/li>\n<\/ul>\n<p>A JET digit\u00e1lis nyom\u00e1sm\u00e9r\u0151 modern technol\u00f3gi\u00e1k felhaszn\u00e1l\u00e1s\u00e1val k\u00e9sz\u00fcl, annak \u00e9rdek\u00e9ben, hogy magas megb\u00edzhat\u00f3s\u00e1got, sokoldal\u00fas\u00e1got \u00e9rj\u00fcnk el megfizethet\u0151 \u00e1r mellet. F\u0151 felhaszn\u00e1l\u00e1si ter\u00fclete az olyan ipari megold\u00e1sok, ahol a standard 0,2%-os pontoss\u00e1gra van sz\u00fcks\u00e9g. Ig\u00e9ny eset\u00e9n ak\u00e1r 0,1% pontoss\u00e1g\u00fa modellt is tudunk sz\u00e1ll\u00edtani.<\/p>\n<p>Az egys\u00e9get teljesen \u00f6n\u00e1ll\u00f3ra tervezt\u00fck. Ezt az \u00f6n\u00e1ll\u00f3s\u00e1got t\u00e1mogatja a be\u00e9p\u00edtett Li-ion \u00fajrat\u00f6lthet\u0151 elem is, amely ak\u00e1r USB k\u00e1bellel vagy dedik\u00e1lt \u00e1ramell\u00e1t\u00e1ssal is ut\u00e1nat\u00f6lthet\u0151.<\/p>\n<p>A programoz\u00e1si men\u00fcben a gombokkal k\u00fcl\u00f6nb\u00f6z\u0151 funkci\u00f3kat ind\u00edthatunk el:<\/p>\n<p>digit\u00e1lis sz\u0171r\u0151 amely k\u00e9pes stabil m\u00f3don m\u00e9rni gyakran v\u00e1ltoz\u00f3 k\u00f6rnyezetben is. V\u00e1ltoztathatjuk a kijelzett \u00e9rt\u00e9k felbont\u00e1s\u00e1t. \u00c1ll\u00edthatjuk az \u00e9rt\u00e9keket ak\u00e1r 1 baros\u00e1val de ak\u00e1r 5, 10 bar l\u00e9ptet\u00e9ssel is. A m\u00e9rt \u00e9rt\u00e9ket kijelezhetj\u00fck t\u00f6bb m\u00e9rt\u00e9kegys\u00e9gben:\u00a0 mbar, bar, kPa, MPa, psi, kg\/cm2, mHg, mmHg, mH2O e mH2O.<\/p>\n<p>Kommunik\u00e1ci\u00f3 USB porton kereszt\u00fcl vagy ak\u00e1r opcion\u00e1lisan WIFI csatlakoz\u00e1son kereszt\u00fcl.\u00a0 Az adatgy\u0171jt\u0151 funkci\u00f3i kifejezetten alkalmasak arra, ha az adatokkal tov\u00e1bb akarunk dolgozni sz\u00e1m\u00edt\u00f3g\u00e9pen.\u00a0 A szenzor teljes eg\u00e9sz\u00e9ben rozsdamentes ac\u00e9lb\u00f3l k\u00e9sz\u00fclt.hogy biztos\u00edtsa a hossz\u00fa t\u00fav\u00fa megb\u00edzhat\u00f3 m\u00e9r\u00e9st m\u00e9g gyakran v\u00e1ltoz\u00f3 k\u00f6rnyezetben is.<\/p>\n<p>A H\u0150M\u00c9RS\u00c9KLET (TEMPERATURE) funkci\u00f3 v\u00e1laszt\u00e1s\u00e1val a mrt folyad\u00e9k h\u0151m\u00e9rs\u00e9klet\u00e9t is ki tudjuk jelezni.<\/p>\n<h2>F\u0151 jellemz\u0151k:<\/h2>\n<p>\u2022 Norm\u00e1l m\u00e9r\u00e9startom\u00e1ny 100 mbar\u00a0 &#8211; 3000 bar<br \/>\n\u2022 Programozhat\u00f3 felbont\u00e1s, digit\u00e1lis sz\u0171r\u0151 \u00e9s adat\u00e1tviteli sebess\u00e9g<br \/>\n\u2022 Z\u00c9R\u00d3 \u00e9s CS\u00daCS (Akt\u00edv funkci\u00f3 nyom\u00e1sban \u00e9s v\u00e1kumban is) funkci\u00f3k<br \/>\n\u2022 USB, SOROS port kivezet\u0151 csatlakoz\u00e1s<br \/>\n\u2022 Adatgy\u0171jt\u00e9s<br \/>\n\u2022 H\u00e1tt\u00e9r-vil\u00e1g\u00edt\u00e1s a kijelz\u0151n<br \/>\n\u2022 H\u0150M\u00c9RS\u00c9KLET m\u00e9r\u00e9se<br \/>\n\u2022 BILLENTY\u0170Z\u00c1R funkci\u00f3<br \/>\n\u2022 ANAL\u00d3G NYOM\u00c1S KIJELZ\u00c9S MINDIG AKT\u00cdV (nyom\u00e1sdiagramm)<br \/>\n\u2022 M\u00c9R\u00c9SI ADATOK TOV\u00c1BB\u00cdT\u00c1SA\u00a0 vezet\u00e9k n\u00e9lk\u00fcl (opci\u00f3)<br \/>\n\u2022 NYOM\u00c1S KAPCSOL\u00d3 TESZT (opci\u00f3)<br \/>\n\u2022 V\u00c1KUUM kalibr\u00e1ci\u00f3 (opci\u00f3)<\/p>\n<p>&nbsp;<\/p>","protected":false},"excerpt":{"rendered":"<p><span lang=\"EN-GB\">Digit\u00e1lis \u00a0nyom\u00e1s\u00e9rt\u00e9k gy\u0171jt\u0151, regiszter. Nyom\u00e1shat\u00e1rok 0-160 bar, 0-600 bar vagy ak\u00e1r egyedi tartom\u00e1ny 100 mbar-3000 bar<\/span><\/p>","protected":false},"featured_media":795,"template":"","meta":[],"product_brand":[],"product_cat":[32,40,75,64,34],"product_tag":[178,43,180],"class_list":{"0":"post-740","1":"product","2":"type-product","3":"status-publish","4":"has-post-thumbnail","6":"product_cat-gazpalack-nyomasproba-es-felujitas","7":"product_cat-gazpalack-nyomasproba-rampa","8":"product_cat-kiegeszitok","9":"product_cat-nyomasproba-szivattyu","10":"product_cat-szelepszereles","11":"product_tag-meroeszkoz","12":"product_tag-nyomasproba","13":"product_tag-regiszter","15":"first","16":"instock","17":"shipping-taxable","18":"purchasable","19":"product-type-simple"},"_links":{"self":[{"href":"https:\/\/pwent.lionstackailab.hu\/es\/wp-json\/wp\/v2\/product\/740","targetHints":{"allow":["GET"]}}],"collection":[{"href":"https:\/\/pwent.lionstackailab.hu\/es\/wp-json\/wp\/v2\/product"}],"about":[{"href":"https:\/\/pwent.lionstackailab.hu\/es\/wp-json\/wp\/v2\/types\/product"}],"wp:featuredmedia":[{"embeddable":true,"href":"https:\/\/pwent.lionstackailab.hu\/es\/wp-json\/wp\/v2\/media\/795"}],"wp:attachment":[{"href":"https:\/\/pwent.lionstackailab.hu\/es\/wp-json\/wp\/v2\/media?parent=740"}],"wp:term":[{"taxonomy":"product_brand","embeddable":true,"href":"https:\/\/pwent.lionstackailab.hu\/es\/wp-json\/wp\/v2\/product_brand?post=740"},{"taxonomy":"product_cat","embeddable":true,"href":"https:\/\/pwent.lionstackailab.hu\/es\/wp-json\/wp\/v2\/product_cat?post=740"},{"taxonomy":"product_tag","embeddable":true,"href":"https:\/\/pwent.lionstackailab.hu\/es\/wp-json\/wp\/v2\/product_tag?post=740"}],"curies":[{"name":"wp","href":"https:\/\/api.w.org\/{rel}","templated":true}]}}