{"id":737,"date":"2026-03-19T13:35:36","date_gmt":"2026-03-19T13:35:36","guid":{"rendered":"https:\/\/pwent.lionstackailab.hu\/?post_type=product&#038;p=737"},"modified":"2026-03-19T13:35:46","modified_gmt":"2026-03-19T13:35:46","slug":"bahco-7851-340-mechanikus-nyomatekkulcs-1-2","status":"publish","type":"product","link":"https:\/\/pwent.lionstackailab.hu\/es\/termek\/bahco-7851-340-mechanikus-nyomatekkulcs-1-2\/","title":{"rendered":"Bahco 7851-340 Mechanikus nyomat\u00e9kkulcs 1\/2&#8221;"},"content":{"rendered":"<p>Mechanikus nyomat\u00e9kkulcs, kattan\u00f3s, ablakos sk\u00e1l\u00e1val. A kulcs a k\u00f6vetkez\u0151 jellemz\u0151kkel b\u00edr:<\/p>\n<ul>\n<li>Fel\u00fclet: kr\u00f3m bor\u00edt\u00e1s\u00fa<\/li>\n<li>K\u00f6nnyen olvashat\u00f3 &#8222;ablak&#8221; sk\u00e1la<\/li>\n<li>Pontoss\u00e1g: +\/- 3%, egyir\u00e1ny\u00fa<\/li>\n<li>Kih\u00fazhat\u00f3 r\u00f6gz\u00edt\u0151foganty\u00fa a markolaton a gyors \u00e9s egyszer\u0171 nyomat\u00e9kbe\u00e1l\u00ed\u00edt\u00e1shoz<\/li>\n<li>Egyszeres nyomat\u00e9ksk\u00e1la a k\u00f6nny\u0171 haszn\u00e1lat \u00e9rdek\u00e9ben<\/li>\n<li>Fix racsni fej, 32 fog, 11,25\u00b0-os m\u0171k\u00f6d\u00e9s<\/li>\n<li>A z\u00e1r\u00f3mechanizmus r\u00f6gz\u00edtve tartja a dug\u00f3kulcsot<\/li>\n<li>Adug\u00f3kulcs gyorsan cser\u00e9lhet\u0151 a r\u00f6gzit\u0151gomb megnyom\u00e1s\u00e1val<\/li>\n<li>K\u00e9nyelmes ny\u00e9l 0.1 Nm beoszt\u00e1ssal<\/li>\n<\/ul>","protected":false},"excerpt":{"rendered":"<p>Mechanikus nyomat\u00e9kkulcs, kattan\u00f3s, ablakos sk\u00e1l\u00e1val 70-340 Nm er\u0151h\u00f6z. Nagy teherb\u00edr\u00e1s\u00fa, folyamatos haszn\u00e1latra aj\u00e1nljuk.<\/p>","protected":false},"featured_media":790,"template":"","meta":[],"product_brand":[],"product_cat":[32,75,34],"product_tag":[77,35],"class_list":{"0":"post-737","1":"product","2":"type-product","3":"status-publish","4":"has-post-thumbnail","6":"product_cat-gazpalack-nyomasproba-es-felujitas","7":"product_cat-kiegeszitok","8":"product_cat-szelepszereles","9":"product_tag-nyomatekkulcs","10":"product_tag-szelepeles","12":"first","13":"instock","14":"shipping-taxable","15":"purchasable","16":"product-type-simple"},"_links":{"self":[{"href":"https:\/\/pwent.lionstackailab.hu\/es\/wp-json\/wp\/v2\/product\/737","targetHints":{"allow":["GET"]}}],"collection":[{"href":"https:\/\/pwent.lionstackailab.hu\/es\/wp-json\/wp\/v2\/product"}],"about":[{"href":"https:\/\/pwent.lionstackailab.hu\/es\/wp-json\/wp\/v2\/types\/product"}],"wp:featuredmedia":[{"embeddable":true,"href":"https:\/\/pwent.lionstackailab.hu\/es\/wp-json\/wp\/v2\/media\/790"}],"wp:attachment":[{"href":"https:\/\/pwent.lionstackailab.hu\/es\/wp-json\/wp\/v2\/media?parent=737"}],"wp:term":[{"taxonomy":"product_brand","embeddable":true,"href":"https:\/\/pwent.lionstackailab.hu\/es\/wp-json\/wp\/v2\/product_brand?post=737"},{"taxonomy":"product_cat","embeddable":true,"href":"https:\/\/pwent.lionstackailab.hu\/es\/wp-json\/wp\/v2\/product_cat?post=737"},{"taxonomy":"product_tag","embeddable":true,"href":"https:\/\/pwent.lionstackailab.hu\/es\/wp-json\/wp\/v2\/product_tag?post=737"}],"curies":[{"name":"wp","href":"https:\/\/api.w.org\/{rel}","templated":true}]}}