{"id":736,"date":"2026-03-19T13:35:36","date_gmt":"2026-03-19T13:35:36","guid":{"rendered":"https:\/\/pwent.lionstackailab.hu\/?post_type=product&#038;p=736"},"modified":"2026-03-19T13:35:46","modified_gmt":"2026-03-19T13:35:46","slug":"bahco-izo-d-340-nyomatekkulcs","status":"publish","type":"product","link":"https:\/\/pwent.lionstackailab.hu\/es\/termek\/bahco-izo-d-340-nyomatekkulcs\/","title":{"rendered":"Bahco IZO-D-340 Nyomat\u00e9kkulcs"},"content":{"rendered":"<p class=\"tw-data-text vk_txt tw-ta tw-text-small\" dir=\"ltr\" data-placeholder=\"Ford\u00edt\u00e1s\">A BAHCO IZO-D elektronikus nyomat\u00e9kkulcsokat az ipar minden ter\u00fclet\u00e9n megtal\u00e1lja pl.: g\u00e9pj\u00e1rm\u0171gy\u00e1rt\u00e1s \u00e9s t\u00e1rsipar\u00e1gak, rep\u00fcl\u0151g\u00e9pgy\u00e1rt\u00e1s \u00e9s t\u00e1rsipar\u00e1gak, b\u00e1rmely term\u00e9k szerel\u0151sorai. Ezek a term\u00e9kek minden\u00fctt<br \/>\nmegtal\u00e1lhat\u00f3k, ahol min\u0151s\u00e9g tekintet\u00e9ben nincs kompromisszum. Tervez\u00e9s: 2003-ban d\u00edjnyertes. \u201cPiros Pont\u201d d\u00edj a kiemelked\u0151 tervez\u00e9si min\u0151s\u00e9g\u00e9rt, innov\u00e1ci\u00f3t kifejezve a forma \u00e9s funkci\u00f3 tekintet\u00e9ben p\u00e9ldamutat\u00f3<br \/>\nm\u00f3don.\u00a0A Piros Pont tervez\u00e9si d\u00edj az egyik legnagyobb preszt\u00edzzsel b\u00edr\u00f3 nemzetk\u00f6zi tervez\u00e9si verseny d\u00edja. 1955 \u00f3ta szakmai zs\u0171ri \u00e9vente d\u00edjazza a kiemelked\u0151 tervez\u00e9si teljes\u00edtm\u00e9nyeket, amelyek \u00faj m\u00e9rc\u00e9t adnak a fontosabb<br \/>\nterm\u00e9kkateg\u00f3ri\u00e1kban. \u013agy a Piros Pontlett az egyik leg\u00e9rt\u00e9kesebb \u00e9s vil\u00e1gszerte ismert min\u0151s\u00e9gi<\/p>\n<p class=\"tw-data-text vk_txt tw-ta tw-text-small\" dir=\"ltr\" data-placeholder=\"Ford\u00edt\u00e1s\">Nyomat\u00e9k \u00e9s m\u00e9r\u00e9s. Mint b\u00e1rmelyik kijelz\u0151s vagy \u00f3r\u00e1s kulcs, a BAHCO IZO-D szint\u00e9n rendelkezik egy \u201cK\u00f6vet\u00e9s, Cs\u00facs\u00e9rt\u00e9k tart\u00e1s\u201d digit\u00e1lis kijelz\u00e9si m\u00f3ddal az aktu\u00e1lisan alkalmazott nyomat\u00e9kra vonatkoz\u00f3an. Progamozhat\u00f3 be\u00e1ll\u00edtott \u00e9rt\u00e9kek \u00e9s nyomat\u00e9k. A nyomat\u00e9k\u00e9rt\u00e9kek ism\u00e9tl\u00e9s\u00e9hez egyszer\u0171en be lehet programozni a k\u00edv\u00e1nt nyomat\u00e9k\u00e9rt\u00e9ket \u00b1 toleranci\u00e1val, ami azut\u00e1n biztons\u00e1got ny\u00fajt a v\u00e9letlen m\u00f3dos\u00edt\u00e1sokkal szemben. Ez lehet\u0151v\u00e9 teszi, hogy a felhaszn\u00e1l\u00f3 saj\u00e1t be\u00e1ll\u00edt\u00e1saival m\u00e9rjen nyomat\u00e9kot \u00e9s ellen\u0151rizze munk\u00e1j\u00e1t. Ha a csavar m\u00e1r az OK s\u00e1von bel\u00fcl mozog, a BAHCO IZO-D k\u00f6nnyen beazonos\u00edthat\u00f3 jelet gener\u00e1l.<\/p>\n<hr \/>\n<h3><span lang=\"hu\"><strong>Let\u00f6lthet\u0151 anyagok<\/strong><\/span><\/h3>\n<ul>\n<li class=\"tw-data-text vk_txt tw-ta tw-text-small\" data-placeholder=\"Ford\u00edt\u00e1s\"><a href=\"https:\/\/pwent.eu\/wp-content\/uploads\/2017\/01\/Bahco-nyomat\u00e9kkulcs_.pdf\">Bahco IZO-D-340 nyomat\u00e9kkulcs g\u00e1zpalackok szelepel\u00e9s\u00e9hez<\/a><\/li>\n<\/ul>","protected":false},"excerpt":{"rendered":"<p>Professzion\u00e1lis elektronikus nyomat\u00e9kkulcs, digit\u00e1lis kijelz\u0151vel, mem\u00f3ria n\u00e9lk\u00fcl 34-340 Nm er\u0151h\u00f6z. Nagy teherb\u00edr\u00e1s\u00fa, folyamatos haszn\u00e1latra aj\u00e1nljuk.<\/p>","protected":false},"featured_media":786,"template":"","meta":[],"product_brand":[],"product_cat":[32,75,34,31],"product_tag":[77,35],"class_list":{"0":"post-736","1":"product","2":"type-product","3":"status-publish","4":"has-post-thumbnail","6":"product_cat-gazpalack-nyomasproba-es-felujitas","7":"product_cat-kiegeszitok","8":"product_cat-szelepszereles","9":"product_cat-termekek","10":"product_tag-nyomatekkulcs","11":"product_tag-szelepeles","13":"first","14":"instock","15":"shipping-taxable","16":"purchasable","17":"product-type-simple"},"_links":{"self":[{"href":"https:\/\/pwent.lionstackailab.hu\/es\/wp-json\/wp\/v2\/product\/736","targetHints":{"allow":["GET"]}}],"collection":[{"href":"https:\/\/pwent.lionstackailab.hu\/es\/wp-json\/wp\/v2\/product"}],"about":[{"href":"https:\/\/pwent.lionstackailab.hu\/es\/wp-json\/wp\/v2\/types\/product"}],"wp:featuredmedia":[{"embeddable":true,"href":"https:\/\/pwent.lionstackailab.hu\/es\/wp-json\/wp\/v2\/media\/786"}],"wp:attachment":[{"href":"https:\/\/pwent.lionstackailab.hu\/es\/wp-json\/wp\/v2\/media?parent=736"}],"wp:term":[{"taxonomy":"product_brand","embeddable":true,"href":"https:\/\/pwent.lionstackailab.hu\/es\/wp-json\/wp\/v2\/product_brand?post=736"},{"taxonomy":"product_cat","embeddable":true,"href":"https:\/\/pwent.lionstackailab.hu\/es\/wp-json\/wp\/v2\/product_cat?post=736"},{"taxonomy":"product_tag","embeddable":true,"href":"https:\/\/pwent.lionstackailab.hu\/es\/wp-json\/wp\/v2\/product_tag?post=736"}],"curies":[{"name":"wp","href":"https:\/\/api.w.org\/{rel}","templated":true}]}}