{"id":706,"date":"2026-03-19T13:35:21","date_gmt":"2026-03-19T13:35:21","guid":{"rendered":"https:\/\/pwent.lionstackailab.hu\/?post_type=product&#038;p=706"},"modified":"2026-03-19T13:35:34","modified_gmt":"2026-03-19T13:35:34","slug":"gyurus-kaliber-25e-288x1-14-gazpalack-szelep-kupos-menet-vizsgalatahoz","status":"publish","type":"product","link":"https:\/\/pwent.lionstackailab.hu\/es\/termek\/gyurus-kaliber-25e-288x1-14-gazpalack-szelep-kupos-menet-vizsgalatahoz\/","title":{"rendered":"Gy\u0171r\u0171s kaliber 25E (28,8&#215;1\/14&#8221;) g\u00e1zpalack szelep k\u00fapos menet vizsg\u00e1lat\u00e1hoz"},"content":{"rendered":"<p>Gy\u0171r\u0171s kaliber 25E (28,8&#215;1\/14&#8221;) g\u00e1zpalack szelep k\u00fapos menet vizsg\u00e1lat\u00e1hoz,<\/p>\n<h2>Gy\u0171r\u0171s kaliber t\u00edpusok 25E (28,8 x 1\/14&#8221;, nagyk\u00fapos) menethez<\/h2>\n<ul>\n<li><strong>AM.28-680F &#8211;\u00a0<\/strong>Menetes kaliber- teljes profil, \u00a0Con.12% DIN 477<\/li>\n<li><strong>AM.28-681F &#8211; <\/strong>Menetes kaliber &#8211; els\u0151, Con.12% DIN 477<\/li>\n<li><strong>AM.28-682F &#8211;\u00a0<\/strong>Menetes kaliber &#8211; h\u00e1ts\u00f3 profil, Con.12% DIN 477<\/li>\n<\/ul>\n<ul>\n<li><strong>AM.28-680L &#8211; <\/strong>Dug\u00f3s idomszer &#8211; teljes profil, Con.12% DIN477<\/li>\n<li><strong>AM.28-681L &#8211; <\/strong>Dug\u00f3s idomszer\u00a0&#8211; els\u0151 profil, Con.12% DIN477<\/li>\n<li><strong>AM.28-682L &#8211; <\/strong>Dug\u00f3s idomszer\u00a0&#8211; h\u00e1ts\u00f3 profil, Con.12% DIN477<\/li>\n<\/ul>","protected":false},"excerpt":{"rendered":"<p>Gy\u0171r\u0151s kaliber 25E (28,8&#215;1\/14&#8221;) g\u00e1zpalack szelep nagy k\u00fapos menet vizsg\u00e1lat\u00e1hoz<\/p>","protected":false},"featured_media":726,"template":"","meta":[],"product_brand":[],"product_cat":[75,70],"product_tag":[177,178],"class_list":{"0":"post-706","1":"product","2":"type-product","3":"status-publish","4":"has-post-thumbnail","6":"product_cat-kiegeszitok","7":"product_cat-merlegek-meroeszkozok","8":"product_tag-caliber","9":"product_tag-meroeszkoz","11":"first","12":"instock","13":"featured","14":"shipping-taxable","15":"purchasable","16":"product-type-simple"},"_links":{"self":[{"href":"https:\/\/pwent.lionstackailab.hu\/es\/wp-json\/wp\/v2\/product\/706","targetHints":{"allow":["GET"]}}],"collection":[{"href":"https:\/\/pwent.lionstackailab.hu\/es\/wp-json\/wp\/v2\/product"}],"about":[{"href":"https:\/\/pwent.lionstackailab.hu\/es\/wp-json\/wp\/v2\/types\/product"}],"wp:featuredmedia":[{"embeddable":true,"href":"https:\/\/pwent.lionstackailab.hu\/es\/wp-json\/wp\/v2\/media\/726"}],"wp:attachment":[{"href":"https:\/\/pwent.lionstackailab.hu\/es\/wp-json\/wp\/v2\/media?parent=706"}],"wp:term":[{"taxonomy":"product_brand","embeddable":true,"href":"https:\/\/pwent.lionstackailab.hu\/es\/wp-json\/wp\/v2\/product_brand?post=706"},{"taxonomy":"product_cat","embeddable":true,"href":"https:\/\/pwent.lionstackailab.hu\/es\/wp-json\/wp\/v2\/product_cat?post=706"},{"taxonomy":"product_tag","embeddable":true,"href":"https:\/\/pwent.lionstackailab.hu\/es\/wp-json\/wp\/v2\/product_tag?post=706"}],"curies":[{"name":"wp","href":"https:\/\/api.w.org\/{rel}","templated":true}]}}