{"id":699,"date":"2026-03-19T13:35:21","date_gmt":"2026-03-19T13:35:21","guid":{"rendered":"https:\/\/pwent.lionstackailab.hu\/?post_type=product&#038;p=699"},"modified":"2026-03-19T13:35:32","modified_gmt":"2026-03-19T13:35:32","slug":"wj18-27-vizkoppeny-tartaly-tagulasos-nyomasprobazo-gephez","status":"publish","type":"product","link":"https:\/\/pwent.lionstackailab.hu\/es\/termek\/wj18-27-vizkoppeny-tartaly-tagulasos-nyomasprobazo-gephez\/","title":{"rendered":"WJ18\/27 v\u00edzk\u00f6ppeny tart\u00e1ly t\u00e1gul\u00e1sos nyom\u00e1spr\u00f3b\u00e1z\u00f3 g\u00e9phez"},"content":{"rendered":"<p>Maxim\u00e1lis pr\u00f3banyom\u00e1s : 500 bar. A \u00a0WJ18\/27\u00a0egys\u00e9g k\u00e9pes a k\u00f6vetkez\u0151 maxim\u00e1lis m\u00e9retekkel rendelkez\u0151 g\u00e1zpalack kezel\u00e9s\u00e9re:<\/p>\n<ul>\n<li>Maxim\u00e1lis g\u00e1zpalack hossz 1800 mm<\/li>\n<li>Maxim\u00e1lis g\u00e1zpalack \u00e1tm\u00e9r\u0151 270 mm<\/li>\n<\/ul>\n<p>A v\u00edzk\u00f6peny hozz\u00e1k\u00f6thet\u0151 a WINJ72 t\u00e1gul\u00e1sos nyom\u00e1spr\u00f3b\u00e1z\u00f3 g\u00e9phez. A nyom\u00e1spr\u00f3b\u00e1z\u00e1si folyamat felgyors\u00edthat\u00f3, ha a v\u00edzk\u00f6penyb\u0151l 2 db-ot v\u00e1s\u00e1rol. Am\u00edg az egyik k\u00f6pennyel v\u00e9gzi a nyom\u00e1spr\u00f3b\u00e1t, addig a m\u00e1sik k\u00f6penyben el\u0151k\u00e9sz\u00edtheti a k\u00f6vetkez\u0151 g\u00e1zpalackot. A v\u00e1lt\u00e1s a k\u00e9t \u00edzk\u00f6peny k\u00f6z\u00f6tt gyors \u00e9s egyszer\u0171.<\/p>\n<hr \/>\n<p>&nbsp;<\/p>\n<p>&nbsp;<\/p>\n<p><strong>Let\u00f6lthet\u0151 anyagok<\/strong><\/p>\n<ul>\n<li><a href=\"https:\/\/pwent.eu\/wp-content\/uploads\/2016\/04\/WINJ72_hydraulic_exp_test.pdf\" rel=\"\">WINJ72 model &#8211; G\u00e1zpalack v\u00edznyom\u00e1spr\u00f3ba t\u00e1gul\u00e1si vizsg\u00e1lat vez\u00e9rl\u0151egys\u00e9g<\/a><\/li>\n<\/ul>","protected":false},"excerpt":{"rendered":"<p>A WJ18\/27 v\u00edzk\u00f6peny hozzz\u00e1k\u00f6thet\u0151 WINJ72 t\u00e1gul\u00e1sos nyom\u00e1spr\u00f3b\u00e1z\u00f3 g\u00e9phez. Az eszk\u00f6z alkalmas maximum 1800 mm hossz\u00fa \u00e9s maximum 270 mm \u00e1tm\u00e9r\u0151vel rendelkez\u0151 g\u00e1zpalackok kezel\u00e9s\u00e9re.<\/p>","protected":false},"featured_media":723,"template":"","meta":[],"product_brand":[],"product_cat":[32,40],"product_tag":[43,63],"class_list":{"0":"post-699","1":"product","2":"type-product","3":"status-publish","4":"has-post-thumbnail","6":"product_cat-gazpalack-nyomasproba-es-felujitas","7":"product_cat-gazpalack-nyomasproba-rampa","8":"product_tag-nyomasproba","9":"product_tag-vizkoppeny","11":"first","12":"instock","13":"shipping-taxable","14":"purchasable","15":"product-type-simple"},"_links":{"self":[{"href":"https:\/\/pwent.lionstackailab.hu\/es\/wp-json\/wp\/v2\/product\/699","targetHints":{"allow":["GET"]}}],"collection":[{"href":"https:\/\/pwent.lionstackailab.hu\/es\/wp-json\/wp\/v2\/product"}],"about":[{"href":"https:\/\/pwent.lionstackailab.hu\/es\/wp-json\/wp\/v2\/types\/product"}],"wp:featuredmedia":[{"embeddable":true,"href":"https:\/\/pwent.lionstackailab.hu\/es\/wp-json\/wp\/v2\/media\/723"}],"wp:attachment":[{"href":"https:\/\/pwent.lionstackailab.hu\/es\/wp-json\/wp\/v2\/media?parent=699"}],"wp:term":[{"taxonomy":"product_brand","embeddable":true,"href":"https:\/\/pwent.lionstackailab.hu\/es\/wp-json\/wp\/v2\/product_brand?post=699"},{"taxonomy":"product_cat","embeddable":true,"href":"https:\/\/pwent.lionstackailab.hu\/es\/wp-json\/wp\/v2\/product_cat?post=699"},{"taxonomy":"product_tag","embeddable":true,"href":"https:\/\/pwent.lionstackailab.hu\/es\/wp-json\/wp\/v2\/product_tag?post=699"}],"curies":[{"name":"wp","href":"https:\/\/api.w.org\/{rel}","templated":true}]}}