{"id":690,"date":"2026-03-19T13:35:20","date_gmt":"2026-03-19T13:35:20","guid":{"rendered":"https:\/\/pwent.lionstackailab.hu\/?post_type=product&#038;p=690"},"modified":"2026-03-19T13:35:29","modified_gmt":"2026-03-19T13:35:29","slug":"acel-675-liter-gazpalack-250-bar-probanyomas-non-eu-gyarto","status":"publish","type":"product","link":"https:\/\/pwent.lionstackailab.hu\/es\/termek\/acel-675-liter-gazpalack-250-bar-probanyomas-non-eu-gyarto\/","title":{"rendered":"Ac\u00e9l 67,5 liter g\u00e1zpalack 250 bar pr\u00f3banyom\u00e1s, non-EU gy\u00e1rt\u00f3"},"content":{"rendered":"<p>Ac\u00e9l 67,5 liter g\u00e1zpalack 250 bar pr\u00f3banyom\u00e1s non-EU gy\u00e1rt\u00f3 &#8211; felhaszn\u00e1lhat\u00f3 mind g\u00e1zpalackk\u00f6teg \u00e9p\u00edt\u00e9s\u00e9hez mind egyedi haszn\u00e1latra. A g\u00e1zpalack alkalmas permanens \u00e9s cseppfoly\u00f3s g\u00e1zok t\u00e1rol\u00e1s\u00e1ra.<\/p>\n<p>A g\u00e1zpalack megfelel a vonatkoz\u00f3 eur\u00f3pai szabv\u00e1nyoknak. A g\u00e1zpalackkal egy\u00fctt adunk:<\/p>\n<p>\u2022 EU megfelel\u0151s\u00e9gi bizony\u00edtv\u00e1nyt 2010\/35\/EU<br \/>\n\u2022\u00a0T\u00edpusbizony\u00edtv\u00e1nyt<\/p>\n<h2>Ac\u00e9l 67,5 liter g\u00e1zpalack 250 bar pr\u00f3banyom\u00e1s, non-EU gy\u00e1rt\u00f3<\/h2>\n<p>A g\u00e1zpalack fel\u00fclet\u00e9t speci\u00e1lis porfest\u00e9kkel l\u00e1tjuk el, amely hat\u00e9kony v\u00e9delmet jelent a magas korr\u00f3zi\u00f3s hat\u00e1sok ellen. A nagy r\u00e9tegvastags\u00e1g\u00fa porsz\u00f3rt fel\u00fclet megv\u00e9di palackjait a korai korr\u00f3zi\u00f3t\u00f3l. Ezzel a g\u00e1zpalackok \u00e9let\u00e9t meghosszabb\u00edtja, a biztons\u00e1gi kock\u00e1zatot cs\u00f6kkenti.<\/p>\n<p><strong>Rendelhet\u0151 opci\u00f3k<\/strong><\/p>\n<ul>\n<li>Szelep<\/li>\n<li>Sapka<\/li>\n<\/ul>","protected":false},"excerpt":{"rendered":"<p>Ac\u00e9l g\u00e1zpalack 67,5 liter 250 bar pr\u00f3banyom\u00e1s, non-EU gy\u00e1rt\u00f3. \u00a0 <span style=\"color: #ff6600;\"><strong>Minim\u00e1lis rendel\u00e9si mennyis\u00e9g\u00e9rt \u00e9s mennyis\u00e9gi kedvezm\u00e9ny\u00e9rt keressen benn\u00fcnket<\/strong><\/span><\/p>","protected":false},"featured_media":659,"template":"","meta":[],"product_brand":[],"product_cat":[168,31],"product_tag":[175,170,172],"class_list":{"0":"post-690","1":"product","2":"type-product","3":"status-publish","4":"has-post-thumbnail","6":"product_cat-gazpalack","7":"product_cat-termekek","8":"product_tag-250-bar","9":"product_tag-50-liter","10":"product_tag-gazpalack","12":"first","13":"instock","14":"shipping-taxable","15":"purchasable","16":"product-type-simple"},"_links":{"self":[{"href":"https:\/\/pwent.lionstackailab.hu\/es\/wp-json\/wp\/v2\/product\/690","targetHints":{"allow":["GET"]}}],"collection":[{"href":"https:\/\/pwent.lionstackailab.hu\/es\/wp-json\/wp\/v2\/product"}],"about":[{"href":"https:\/\/pwent.lionstackailab.hu\/es\/wp-json\/wp\/v2\/types\/product"}],"wp:featuredmedia":[{"embeddable":true,"href":"https:\/\/pwent.lionstackailab.hu\/es\/wp-json\/wp\/v2\/media\/659"}],"wp:attachment":[{"href":"https:\/\/pwent.lionstackailab.hu\/es\/wp-json\/wp\/v2\/media?parent=690"}],"wp:term":[{"taxonomy":"product_brand","embeddable":true,"href":"https:\/\/pwent.lionstackailab.hu\/es\/wp-json\/wp\/v2\/product_brand?post=690"},{"taxonomy":"product_cat","embeddable":true,"href":"https:\/\/pwent.lionstackailab.hu\/es\/wp-json\/wp\/v2\/product_cat?post=690"},{"taxonomy":"product_tag","embeddable":true,"href":"https:\/\/pwent.lionstackailab.hu\/es\/wp-json\/wp\/v2\/product_tag?post=690"}],"curies":[{"name":"wp","href":"https:\/\/api.w.org\/{rel}","templated":true}]}}