{"id":644,"date":"2026-03-19T13:35:05","date_gmt":"2026-03-19T13:35:05","guid":{"rendered":"https:\/\/pwent.lionstackailab.hu\/?post_type=product&#038;p=644"},"modified":"2026-03-19T13:35:34","modified_gmt":"2026-03-19T13:35:34","slug":"acel-2455-liter-jumbo-gazpalack-non-eu-gyarto","status":"publish","type":"product","link":"https:\/\/pwent.lionstackailab.hu\/es\/termek\/acel-2455-liter-jumbo-gazpalack-non-eu-gyarto\/","title":{"rendered":"Ac\u00e9l 2455 liter JUMBO g\u00e1zpalack non-EU gy\u00e1rt\u00f3"},"content":{"rendered":"<p>Ac\u00e9l 2455 liter JUMBO g\u00e1zpalack non-EU gy\u00e1rt\u00f3 &#8211; \u00a0haszn\u00e1lhat\u00f3 g\u00e1zsz\u00e1ll\u00edt\u00f3 trailer \u00e9p\u00edt\u00e9s\u00e9re 200 bar, 300 bar kivitel. \u00a0A g\u00e1zpalack tartalmazhatja a k\u00f6vetkez\u0151 g\u00e1zokat:<\/p>\n<ul>\n<li>Oxig\u00e9n<\/li>\n<li>Nitrog\u00e9n<\/li>\n<li>Argon<\/li>\n<li>Hidrog\u00e9n<\/li>\n<\/ul>\n<p>A g\u00e1zpalack teljes\u00edti az ISO 11120 nomra k\u00f6vetelm\u00e9nyeit. A k\u00f6vetkez\u0151 dokumnetumokkal sz\u00e1ll\u00edtjuk:<\/p>\n<ul>\n<li>Megfelel\u0151s\u00e9gi nyilatkozat ISO 11120<\/li>\n<li>Typusenged\u00e9ly<\/li>\n<\/ul>\n<h2>Ac\u00e9l 2455 liter JUMBO g\u00e1zpalack non-EU gy\u00e1rt\u00f3<\/h2>\n<p>A minimum rendel\u00e9si mennyis\u00e9g 10 db. \u00a0A g\u00e1zpalack megv\u00e1s\u00e1rolhat\u00f3 a k\u00f6vetkez\u0151 kivitelekben:<\/p>\n<ul>\n<li>200 bar \u00fczemi nyom\u00e1s<\/li>\n<li>300 bar \u00fczemi nyom\u00e1s<\/li>\n<li>Nitrog\u00e9n, Oxig\u00e9n, Argon<\/li>\n<li>Hidrog\u00e9n<\/li>\n<\/ul>\n<p>&nbsp;<\/p>\n<p>Egyedi ig\u00e9nyeivel keressen benn\u00fcnket. Koll\u00e9g\u00e1ink megtal\u00e1lj\u00e1k az \u00d6n sz\u00e1m\u00e1ra ide\u00e1lis g\u00e1zpalackot \u00e9s a trailerre szerelhet\u0151 ide\u00e1lis mennyis\u00e9get. A gy\u00e1rtand\u00f3 trailert a g\u00e1znak, ig\u00e9nyeknek, ter\u00fcleti szabv\u00e1nyok szerint gy\u00e1rtjuk.<\/p>","protected":false},"excerpt":{"rendered":"<p>Ac\u00e9l 2455 liter JUMBO g\u00e1zpalack non-EU gy\u00e1rt\u00f3 &#8211; \u00a0haszn\u00e1lhat\u00f3 g\u00e1zsz\u00e1ll\u00edt\u00f3 trailer \u00e9p\u00edt\u00e9s\u00e9re 200 bar, 300 bar kivitel<\/p>","protected":false},"featured_media":675,"template":"","meta":[],"product_brand":[],"product_cat":[168,124,31],"product_tag":[169,170,171],"class_list":{"0":"post-644","1":"product","2":"type-product","3":"status-publish","4":"has-post-thumbnail","6":"product_cat-gazpalack","7":"product_cat-gazszallito-trailerek-tobbelemes-gazkontenerek-megc","8":"product_cat-termekek","9":"product_tag-200-bar","10":"product_tag-50-liter","11":"product_tag-gas-cylinder","13":"first","14":"instock","15":"shipping-taxable","16":"purchasable","17":"product-type-variable"},"_links":{"self":[{"href":"https:\/\/pwent.lionstackailab.hu\/es\/wp-json\/wp\/v2\/product\/644","targetHints":{"allow":["GET"]}}],"collection":[{"href":"https:\/\/pwent.lionstackailab.hu\/es\/wp-json\/wp\/v2\/product"}],"about":[{"href":"https:\/\/pwent.lionstackailab.hu\/es\/wp-json\/wp\/v2\/types\/product"}],"wp:featuredmedia":[{"embeddable":true,"href":"https:\/\/pwent.lionstackailab.hu\/es\/wp-json\/wp\/v2\/media\/675"}],"wp:attachment":[{"href":"https:\/\/pwent.lionstackailab.hu\/es\/wp-json\/wp\/v2\/media?parent=644"}],"wp:term":[{"taxonomy":"product_brand","embeddable":true,"href":"https:\/\/pwent.lionstackailab.hu\/es\/wp-json\/wp\/v2\/product_brand?post=644"},{"taxonomy":"product_cat","embeddable":true,"href":"https:\/\/pwent.lionstackailab.hu\/es\/wp-json\/wp\/v2\/product_cat?post=644"},{"taxonomy":"product_tag","embeddable":true,"href":"https:\/\/pwent.lionstackailab.hu\/es\/wp-json\/wp\/v2\/product_tag?post=644"}],"curies":[{"name":"wp","href":"https:\/\/api.w.org\/{rel}","templated":true}]}}