{"id":643,"date":"2026-03-19T13:35:05","date_gmt":"2026-03-19T13:35:05","guid":{"rendered":"https:\/\/pwent.lionstackailab.hu\/?post_type=product&#038;p=643"},"modified":"2026-03-19T13:35:18","modified_gmt":"2026-03-19T13:35:18","slug":"c-tipus-iso-kontener-gazszallitasra","status":"publish","type":"product","link":"https:\/\/pwent.lionstackailab.hu\/es\/termek\/c-tipus-iso-kontener-gazszallitasra\/","title":{"rendered":"&#8222;C&#8221; t\u00edpus &#8211; ISO kont\u00e9ner g\u00e1zsz\u00e1ll\u00edt\u00e1sra"},"content":{"rendered":"<p>T\u00edpus &#8222;C&#8221; &#8211; ISO kont\u00e9ner g\u00e1zsz\u00e1ll\u00edt\u00e1sra. Akkor aj\u00e1nljuk ha a g\u00e1zfogyaszt\u00e1s lassabban t\u00f6rt\u00e9nik meg. A megold\u00e1ssal el\u00e9g csak az ISO kont\u00e9nert a vev\u0151n\u00e9l hagyni. A f\u00e9l-p\u00f3tkocsi \u00e9s a vontat\u00f3 m\u00e1s vev\u0151ket is kiszolg\u00e1lhat. A g\u00e1zsz\u00e1ll\u00edt\u00f3 ISO kont\u00e9ner le \u00e9s felrakod\u00e1s\u00e1hoz sz\u00fcks\u00e9ges egy daru.<\/p>\n<p><strong><span style=\"text-decoration: underline\">A kiaj\u00e1nlott \u00e1r tartalmazza<\/span><\/strong><\/p>\n<ul>\n<li>ac\u00e9lszerkezetet<\/li>\n<li>szerelv\u00e9nyeket, cs\u00f6vez\u00e9st<\/li>\n<li>\u00f6sszeszerel\u00e9st<\/li>\n<li>enged\u00e9lyeztet\u00e9st<\/li>\n<\/ul>\n<p><span style=\"color: #ff0000\"><strong><span style=\"text-decoration: underline\">DE nem tartalmazza a g\u00e1zpalackok \u00e9s p\u00f3tkocsi \u00e1r\u00e1t<\/span><\/strong><\/span><\/p>\n<h1>ISO kont\u00e9ner g\u00e1zsz\u00e1ll\u00edt\u00e1sra<\/h1>\n<p>A magas v\u00e9delem miatt a sz\u00e1ll\u00edtott g\u00e1z mennyis\u00e9ge a felhaszn\u00e1lt palackok sz\u00e1m\u00e1hoz itt a legkedvez\u0151tlenebb. Ez azt jelenti, hogy<\/p>\n<ul>\n<li>A f\u0151 elz\u00e1r\u00f3k z\u00e1rhat\u00f3 dobozban tal\u00e1lhat\u00f3ak,<\/li>\n<li>A szerelv\u00e9nyek \u00e9s a cs\u00f6vez\u00e9s is z\u00e1rt dobozban tal\u00e1lhat\u00f3.<\/li>\n<\/ul>\n<p>A kiaj\u00e1nlott megold\u00e1st minden esetben testre szabjuk a<\/p>\n<ul>\n<li>vev\u0151i ig\u00e9nyek szerint<\/li>\n<li>a sz\u00e1ll\u00edtand\u00f3 g\u00e1z jellege szerint<\/li>\n<li>\u00a0az orsz\u00e1gos szab\u00e1lyok szerint<\/li>\n<\/ul>\n<p>Fentieket figyelembe v\u00e9ve hat\u00e1rozzuk meg a trailerre felszerelhet\u0151 g\u00e1zpalackok m\u00e9ret\u00e9t \u00e9s sz\u00e1m\u00e1t.<\/p>\n<p>Nagy mennyis\u00e9g\u0171 g\u00e1z sz\u00e1ll\u00edt\u00e1s\u00e1ra \u00e9s t\u00e1rol\u00e1s\u00e1ra szolg\u00e1l\u00f3 megold\u00e1sok k\u00fcl\u00f6nb\u00f6z\u0151 enged\u00e9lyekkel. Ac\u00e9lpalackokkal szerelt megold\u00e1s ak\u00e1r 7000 m3 sz\u00e1ll\u00edt\u00e1s\u00e1ra is alkalmasak lehetnek<\/p>\n<p>A RECOMA trailerei TPED\u00a0min\u0151s\u00edt\u00e9sekkel k\u00e9sz\u00fclnek, amelyet k\u00fcls\u0151s vizsg\u00e1l\u00f3 szervezet ad meg. Ez n\u00f6veli term\u00e9keink megb\u00edzhat\u00f3s\u00e1g\u00e1t \u00e9s nagyobb garanci\u00e1lis biztons\u00e1got ad.<\/p>\n<p>Ez a term\u00e9k hasznos, ha a sz\u00fcks\u00e9ges g\u00e1z mennyis\u00e9ge m\u00e1r meghaladja az egyedi megold\u00e1sok (g\u00e1zpalack, egyszer\u0171 g\u00e1zpalackk\u00f6teg) kapacit\u00e1s\u00e1t, de m\u00e9g nem \u00e9ri el a kriogenikus megold\u00e1sokat.<\/p>\n<p>A trailer s\u00falya f\u00e9l-p\u00f3tkocsival \u00e9s szerelv\u00e9nyekkel, de g\u00e1zpalackok, g\u00e1z \u00e9s p\u00f3tkocsi n\u00e9lk\u00fcl: <strong>kb. 5500 kg.<\/strong><\/p>\n<p><span style=\"color: #ff6600\">Minden esetben egyedi \u00e1raj\u00e1nlatot k\u00e9sz\u00edt\u00fcnk ig\u00e9nyeinek megfelel\u0151en. K\u00e9rem keresse munkat\u00e1rsainkat<\/span><\/p>","protected":false},"excerpt":{"rendered":"<p>T\u00edpus &#8222;C&#8221; &#8211; ISO kont\u00e9ner g\u00e1zsz\u00e1ll\u00edt\u00e1sra. Akkor aj\u00e1nljuk ha a g\u00e1zfogyaszt\u00e1s lassabban t\u00f6rt\u00e9nik meg. A megold\u00e1ssal el\u00e9g csak az ISO kont\u00e9nert a vev\u0151n\u00e9l hagyni. \u00a0<strong><span style=\"text-decoration: underline\">Az itt kiaj\u00e1nlott \u00e1r g\u00e1zpalack n\u00e9lk\u00fcl \u00e9rtend\u0151.<\/span><\/strong><\/p>","protected":false},"featured_media":661,"template":"","meta":[],"product_brand":[],"product_cat":[124,31],"product_tag":[125,126,127,128],"class_list":{"0":"post-643","1":"product","2":"type-product","3":"status-publish","4":"has-post-thumbnail","6":"product_cat-gazszallito-trailerek-tobbelemes-gazkontenerek-megc","7":"product_cat-termekek","8":"product_tag-gaz-trailer","9":"product_tag-gazszallitas","10":"product_tag-gaztarolas","11":"product_tag-trailer","13":"first","14":"instock","15":"featured","16":"shipping-taxable","17":"purchasable","18":"product-type-simple"},"_links":{"self":[{"href":"https:\/\/pwent.lionstackailab.hu\/es\/wp-json\/wp\/v2\/product\/643","targetHints":{"allow":["GET"]}}],"collection":[{"href":"https:\/\/pwent.lionstackailab.hu\/es\/wp-json\/wp\/v2\/product"}],"about":[{"href":"https:\/\/pwent.lionstackailab.hu\/es\/wp-json\/wp\/v2\/types\/product"}],"wp:featuredmedia":[{"embeddable":true,"href":"https:\/\/pwent.lionstackailab.hu\/es\/wp-json\/wp\/v2\/media\/661"}],"wp:attachment":[{"href":"https:\/\/pwent.lionstackailab.hu\/es\/wp-json\/wp\/v2\/media?parent=643"}],"wp:term":[{"taxonomy":"product_brand","embeddable":true,"href":"https:\/\/pwent.lionstackailab.hu\/es\/wp-json\/wp\/v2\/product_brand?post=643"},{"taxonomy":"product_cat","embeddable":true,"href":"https:\/\/pwent.lionstackailab.hu\/es\/wp-json\/wp\/v2\/product_cat?post=643"},{"taxonomy":"product_tag","embeddable":true,"href":"https:\/\/pwent.lionstackailab.hu\/es\/wp-json\/wp\/v2\/product_tag?post=643"}],"curies":[{"name":"wp","href":"https:\/\/api.w.org\/{rel}","templated":true}]}}