{"id":592,"date":"2026-03-19T13:34:43","date_gmt":"2026-03-19T13:34:43","guid":{"rendered":"https:\/\/pwent.lionstackailab.hu\/?post_type=product&#038;p=592"},"modified":"2026-03-19T13:35:09","modified_gmt":"2026-03-19T13:35:09","slug":"gazpalack-koteg-tengeri","status":"publish","type":"product","link":"https:\/\/pwent.lionstackailab.hu\/es\/termek\/gazpalack-koteg-tengeri\/","title":{"rendered":"Haz de bombonas de gas (marino)"},"content":{"rendered":"<p>\u00c1ll\u00f3 g\u00e1zpalack k\u00f6teg tengeri haszn\u00e1latra. Speci\u00e1lis r\u00f6gz\u00edt\u0151f\u00fclek, tenger\u00e1ll\u00f3 fel\u00fcletkezel\u00e9s, tengeri \u00e9s kik\u00f6t\u0151i haszn\u00e1latra sz\u00f3l\u00f3 enged\u00e9lyek. \u00a04, 8, 9, 12, 16, 20, 24, 30 palackos kivitelben, ak\u00e1r 200 bar ak\u00e1r 300 bar \u00fczemi nyom\u00e1ssal. G\u00e1zpalack k\u00f6tegeink megfelelnek a 2010\/35\/EU szabv\u00e1nynak. A g\u00e1zpalack k\u00f6tegekkel egy\u00fctt adunk:<\/p>\n<p>\u2022 EU megfelel\u0151s\u00e9gi bizony\u00edtv\u00e1nyt 2010\/35\/EU \u2013 ADR szekci\u00f3 szerint<br \/>\n\u2022 Tesztbizonylatot<br \/>\n\u2022 Haszn\u00e1lati \u00e9s karbantart\u00e1si utas\u00edt\u00e1st<\/p>\n<h2>Tengeri g\u00e1zpalack k\u00f6teghez haszn\u00e1lt g\u00e1zpalack<\/h2>\n<p>G\u00e1zpalack k\u00f6tegeinket\u00a0ak\u00e1r teljesen k\u00e9szre szerelj\u00fck saj\u00e1t palackunkkal, de ha szeretn\u00e9 hogy az \u00d6n g\u00e1zpalackjait haszn\u00e1ljuk, akkor erre is lehet\u0151s\u00e9g van.<\/p>\n<p>Amennyiben az g\u00e1zpalack k\u00f6teget k\u00e9ri hogy az \u00d6n \u00e1ltal sz\u00e1ll\u00edtott g\u00e1zpalackkal szerelj\u00fck, akkor annak rendelkeznie kell TPED (PI) jel\u00f6l\u00e9ssel s megfelel\u0151 dokument\u00e1ci\u00f3val.<br \/>\nA g\u00e1zpalack k\u00f6teg szerkezet\u00e9t t\u0171zihorganyzott kivitelben gy\u00e1rtjuk a\u00a0EN ISO 1461:2009 szabv\u00e1nynak megfelel\u0151en.<\/p>\n<ul>\n<li>Bizonylattal rendelkez\u0151 speci\u00e1lis r\u00f6gz\u00edt\u0151f\u00fclek<\/li>\n<li>Rozsdamentes ac\u00e9l\u00a0AISI 316 gy\u0171jt\u0151cs\u00f6vez\u00e9s\u00d8 26.67 x 5.56 mm<\/li>\n<li>Rozsdamentes AISI 316 cs\u0151le\u00e1ll\u00e1s a palackhoz \u00d8 8&#215;2 mm menetes di\u00f3val a szelephez t\u00f6rt\u00e9n\u0151 csatlakoz\u00e1shoz<\/li>\n<li>Magas \u00e1tereszt\u0151k\u00e9pess\u00e9g\u0171 marad\u00e9knyom\u00e1sos (RPV) szelepekkel szerelj\u00fck \u00e9s sz\u00e1ll\u00edtjuk g\u00e1zpalack k\u00f6tegeinket<\/li>\n<li>G\u00e1zpalack k\u00f6teg szerel\u00e9se ig\u00e9ny szerint vev\u0151i g\u00e1zpalackkal<\/li>\n<li>R\u00e9z csatlakoz\u00f3k biztos\u00edt\u00e1sa amellyel a palackok a kivezet\u0151 cs\u00f6vez\u00e9hez csatlakoztathat\u00f3<\/li>\n<li>Nyomat\u00e9kkulccsal t\u00f6rt\u00e9n\u0151 megh\u00faz\u00e1si er\u0151 ellen\u0151rz\u00e9s a csatlakoz\u00f3kn\u00e1l<\/li>\n<li>T\u00f6m\u00f6rs\u00e9gi teszt inert g\u00e1zzal az \u00fczemi nyom\u00e1son<\/li>\n<li>G\u00e1zpalack sz\u00e1r\u00edt\u00e1s \u00e9s marad\u00e9k nedvess\u00e9g ellen\u0151rz\u00e9s (garant\u00e1ltan kevesebb mint 40 ppm 50 baron)<\/li>\n<li>UNI EN ISO 10961 szabv\u00e1ny szerinti roncsol\u00e1smentes teszt a szerkezeten, a gy\u0171jt\u0151cs\u00f6vez\u00e9sen \u00e9s a csatlakoz\u00e1sokon \u00a0az \u00f6sszeszerelt g\u00e1zpalack k\u00f6tegen<\/li>\n<li>TPED\/ADR adatt\u00e1bla<\/li>\n<\/ul>\n<p><strong><span style=\"color: #ff6600;\">Elt\u00e9r\u0151 palackm\u00e9retek\u00e9rt, nyom\u00e1s\u00e9rt \u00e9s palacksz\u00e1mok\u00e9rt k\u00e9rem keressen benn\u00fcnket<\/span><\/strong><\/p>\n<h2><strong>Rendelhet\u0151 opci\u00f3k<\/strong><\/h2>\n<ul>\n<li>M\u00e1sodik kivezet\u0151 csatlakoz\u00e1s \u00e9s hozz\u00e1 kapcsol\u00f3d\u00f3 cs\u00f6vez\u00e9s<\/li>\n<li>Manometer (200 bar vagy 300 bar)<\/li>\n<li>Nyom\u00e1scs\u00f6kkent\u0151vel szerelt kivezet\u00e9s (60 bar)<\/li>\n<li>K\u00e9t f\u00e1zis\u00fa cs\u00f6vez\u00e9s (cseppfoly\u00f3s \u00e9s g\u00e1z halmaz\u00e1llapot elv\u00e9tel\u00e9hez)<\/li>\n<\/ul>","protected":false},"excerpt":{"rendered":"<p>Conjunto de botellas de gas de pie para uso mar\u00edtimo. Orejetas de fijaci\u00f3n especiales, tratamiento superficial resistente al mar, homologaciones para uso mar\u00edtimo y portuario.  Disponible en 4, 8, 9, 12, 16, 20, 24, 30 cilindros con presiones de trabajo de hasta 200 bar y 300 bar. Estructura de acero galvanizado con agujas soldadas por robot. <strong><span style=\"color: #ff0000;\">Ll\u00e1menos para solicitar una oferta especial y un descuento por volumen<\/span><\/strong><\/p>","protected":false},"featured_media":648,"template":"","meta":[],"product_brand":[],"product_cat":[160,78,31],"product_tag":[161,155,165],"class_list":{"0":"post-592","1":"product","2":"type-product","3":"status-publish","4":"has-post-thumbnail","6":"product_cat-gazpalackkoteg","7":"product_cat-nem-kategorizalt","8":"product_cat-termekek","9":"product_tag-bundel","10":"product_tag-gazpalack-koteg","11":"product_tag-tengeri","13":"first","14":"instock","15":"shipping-taxable","16":"purchasable","17":"product-type-simple"},"_links":{"self":[{"href":"https:\/\/pwent.lionstackailab.hu\/es\/wp-json\/wp\/v2\/product\/592","targetHints":{"allow":["GET"]}}],"collection":[{"href":"https:\/\/pwent.lionstackailab.hu\/es\/wp-json\/wp\/v2\/product"}],"about":[{"href":"https:\/\/pwent.lionstackailab.hu\/es\/wp-json\/wp\/v2\/types\/product"}],"wp:featuredmedia":[{"embeddable":true,"href":"https:\/\/pwent.lionstackailab.hu\/es\/wp-json\/wp\/v2\/media\/648"}],"wp:attachment":[{"href":"https:\/\/pwent.lionstackailab.hu\/es\/wp-json\/wp\/v2\/media?parent=592"}],"wp:term":[{"taxonomy":"product_brand","embeddable":true,"href":"https:\/\/pwent.lionstackailab.hu\/es\/wp-json\/wp\/v2\/product_brand?post=592"},{"taxonomy":"product_cat","embeddable":true,"href":"https:\/\/pwent.lionstackailab.hu\/es\/wp-json\/wp\/v2\/product_cat?post=592"},{"taxonomy":"product_tag","embeddable":true,"href":"https:\/\/pwent.lionstackailab.hu\/es\/wp-json\/wp\/v2\/product_tag?post=592"}],"curies":[{"name":"wp","href":"https:\/\/api.w.org\/{rel}","templated":true}]}}