{"id":587,"date":"2026-03-19T13:34:43","date_gmt":"2026-03-19T13:34:43","guid":{"rendered":"https:\/\/pwent.lionstackailab.hu\/?post_type=product&#038;p=587"},"modified":"2026-03-19T13:35:04","modified_gmt":"2026-03-19T13:35:04","slug":"gazpalack-koteg-fekvo","status":"publish","type":"product","link":"https:\/\/pwent.lionstackailab.hu\/es\/termek\/gazpalack-koteg-fekvo\/","title":{"rendered":"G\u00e1zpalack k\u00f6teg (fekv\u0151)"},"content":{"rendered":"<p>Horizont\u00e1lis g\u00e1zpalack k\u00f6teg 12-16-20 palackos kivitelben, ak\u00e1r 200 bar ak\u00e1r 300 bar \u00fczemi nyom\u00e1ssal. G\u00e1zpalack k\u00f6tegeink megfelelnek a 2010\/35\/EU szabv\u00e1nynak. A g\u00e1zpalack k\u00f6tegekkel egy\u00fctt adunk:<\/p>\n<p>\u2022 EU megfelel\u0151s\u00e9gi bizony\u00edtv\u00e1nyt 2010\/35\/EU &#8211; ADR szekci\u00f3 szerint<br \/>\n\u2022 Tesztbizonylatot<br \/>\n\u2022 Haszn\u00e1lati \u00e9s karbantart\u00e1si utas\u00edt\u00e1st<\/p>\n<h2>G\u00e1zpalack k\u00f6teghez haszn\u00e1lt g\u00e1zpalack<\/h2>\n<p>G\u00e1zpalack k\u00f6tegeinket\u00a0ak\u00e1r teljesen k\u00e9szre szerelj\u00fck saj\u00e1t palackunkkal, de ha szeretn\u00e9 hogy az \u00d6n g\u00e1zpalackjait haszn\u00e1ljuk, akkor erre is lehet\u0151s\u00e9g van.<\/p>\n<p>Amennyiben az g\u00e1zpalack k\u00f6teget k\u00e9ri hogy az \u00d6n \u00e1ltal sz\u00e1ll\u00edtott g\u00e1zpalackkal szerelj\u00fck, akkor annak rendelkeznie kell TPED (PI) jel\u00f6l\u00e9ssel s megfelel\u0151 dokument\u00e1ci\u00f3val.<br \/>\nA g\u00e1zpalack k\u00f6teg szerkezet\u00e9t t\u0171zihorganyzott kivitelben gy\u00e1rtjuk a\u00a0EN ISO 1461:2009 szabv\u00e1nynak megfelel\u0151en.<br \/>\n\u2022 R\u00e9z gy\u0171jt\u0151cs\u00f6vez\u00e9s \u00d810&#215;2,5 mm, r\u00e9z szerelv\u00e9nyekkel, szor\u00edt\u00f3gy\u0171r\u0171kkel<br \/>\n\u2022 Magas \u00e1tereszt\u0151k\u00e9pess\u00e9g\u0171 marad\u00e9knyom\u00e1sos (RPV) szelepekkel szerelj\u00fck \u00e9s sz\u00e1ll\u00edtjuk g\u00e1zpalack k\u00f6tegeinket<br \/>\n\u2022 R\u00e9z csatlakoz\u00f3k mind a f\u0151 gy\u0171jt\u0151cs\u00f6vez\u00e9sn\u00e9l mint a le\u00e1gaz\u00f3 g\u00e1zpalackokhoz csatlakoz\u00f3 cs\u00f6vez\u00e9sn\u00e9l<br \/>\n\u2022 G\u00e1zpalack k\u00f6teg szetrel\u00e9se ig\u00e9ny szerint vev\u0151i g\u00e1zpalackkal<br \/>\n\u2022 Nyomat\u00e9kkulccsal t\u00f6rt\u00e9n\u0151 megh\u00faz\u00e1si er\u0151 ellen\u0151rz\u00e9s a csatlakoz\u00f3kn\u00e1l<br \/>\n\u2022 T\u00f6m\u00f6rs\u00e9gi teszt inert g\u00e1zzal az \u00fczemi nyom\u00e1son<br \/>\n\u2022 G\u00e1zpalack sz\u00e1r\u00edt\u00e1s \u00e9s marad\u00e9k nedvess\u00e9g ellen\u0151rz\u00e9s (garant\u00e1ltan kevesebb mint 40 ppm 50 baron)<br \/>\n\u2022 UNI EN ISO 10961 szabv\u00e1ny szerinti roncsol\u00e1smentes teszt a szerkezeten, a gy\u0171jt\u0151cs\u00f6vez\u00e9sen \u00e9s a csatlakoz\u00e1sokon \u00a0az \u00f6sszeszerelt g\u00e1zpalack k\u00f6tegen<br \/>\n\u2022 TPED\/ADR adatt\u00e1bla<\/p>\n<p><strong>12X50 horizont\u00e1lis g\u00e1zpalack k\u00f6teg (g\u00e1zpalack n\u00e9lk\u00fcl):\u00a0<\/strong>\u00dczemi nyom\u00e1s: 200 bar. Teszt nyom\u00e1s 300 \u00a0bar. \u00a0Tervezett h\u0151m\u00e9rsk\u00e9let -20, +65 Celsius. V\u00edz kapacit\u00e1s: 12 g\u00e1zpalack X 50=600 Hozz\u00e1vet\u0151leges s\u00faly komplett b\u00fcndel keret: 370 kg.<\/p>\n<p><strong>12X50 horizont\u00e1lis g\u00e1zpalack k\u00f6teg (g\u00e1zpalackkal):\u00a0<\/strong>\u00dczemi nyom\u00e1s: 200 bar. Teszt nyom\u00e1s 300 \u00a0bar. \u00a0Tervezett h\u0151m\u00e9rsk\u00e9let -20, +65 Celsius. V\u00edz kapacit\u00e1s: 12 g\u00e1zpalack X 50=600.<\/p>\n<p><strong>16X50 horizont\u00e1lis g\u00e1zpalack k\u00f6teg (g\u00e1zpalack n\u00e9lk\u00fcl):<\/strong> \u00dczemi nyom\u00e1s: 200 vagy 300 bar. Teszt nyom\u00e1s 300 vagy 450 bar. \u00a0Tervezett h\u0151m\u00e9rs\u00e9klet -20, +65 Celsius. V\u00edz kapacit\u00e1s: 16 g\u00e1zpalack X 50=800 Hozz\u00e1vet\u0151leges s\u00faly komplett g\u00e1zpalack k\u00f6teg szerkezet: 290 kg.<\/p>\n<p><strong>16X50 horizont\u00e1lis g\u00e1zpalack k\u00f6teg (g\u00e1zpalackkal):<\/strong> \u00dczemi nyom\u00e1s: 200 vagy 300 bar. Teszt nyom\u00e1s 300 vagy 450 bar. \u00a0Tervezett h\u0151m\u00e9rs\u00e9klet -20, +65 Celsius. V\u00edz kapacit\u00e1s: 16 g\u00e1zpalack X 50=800.<\/p>\n<p><strong>20X50 horizont\u00e1lis g\u00e1zpalack k\u00f6teg (g\u00e1zpalack n\u00e9lk\u00fcl):<\/strong>\u00a0\u00dczemi nyom\u00e1s: 200 bar. Teszt nyom\u00e1s 300 bar. \u00a0Tervezett h\u0151m\u00e9rs\u00e9klet -20, +65 Celsius. V\u00edz kapacit\u00e1s: 20 X 50=1000 liter. Hozz\u00e1vet\u0151leges s\u00faly komplett g\u00e1zpalack k\u00f6teg szerkezet: 430 kg.<\/p>\n<p><strong>20X50 horizont\u00e1lis g\u00e1zpalack k\u00f6teg (g\u00e1zpalackkal):<\/strong>\u00a0\u00dczemi nyom\u00e1s: 200 bar. Teszt nyom\u00e1s 300 bar. \u00a0Tervezett h\u0151m\u00e9rs\u00e9klet -20, +65 Celsius. V\u00edz kapacit\u00e1s: 20 X 50=1000 liter. Hozz\u00e1vet\u0151leges s\u00faly komplett g\u00e1zpalack k\u00f6teg szerkezet: 430 kg.<\/p>\n<p><strong>Rendelhet\u0151 opci\u00f3k<\/strong><\/p>\n<ul>\n<li>M\u00e1sodik kivezet\u0151 csatlakoz\u00e1s \u00e9s hozz\u00e1 kapcsol\u00f3d\u00f3 cs\u00f6vez\u00e9s<\/li>\n<li>Manometer (200 bar vagy 300 bar)<\/li>\n<li>Nyom\u00e1scs\u00f6kkent\u0151vel szerelt kivezet\u00e9s (60 bar)<\/li>\n<\/ul>\n<p><span style=\"color: #ff0000\"><em><strong>Egyedi kivitelek meg\u00e9p\u00edt\u00e9s\u00e9\u00e9rt \u00e9s egyedi \u00e1rak\u00e9rt h\u00edvja munkat\u00e1rsainkat<\/strong><\/em><\/span><\/p>","protected":false},"excerpt":{"rendered":"<p>Fekv\u0151 g\u00e1zpalack k\u00f6teg 12, 16, 20 db g\u00e1zpalackos vagy ak\u00e1r egyedi kivitelben. 2010\/35\/EU szabv\u00e1nyi megfelel\u0151s\u00e9g. Robot hegesztett horganyzott ac\u00e9l szerkezet.\u00a0<span style=\"color: #ff0000\"><strong>Ll\u00e1menos para solicitar una oferta especial y un descuento por volumen<\/strong><\/span><\/p>","protected":false},"featured_media":636,"template":"","meta":[],"product_brand":[],"product_cat":[160,31],"product_tag":[161,162,155,163],"class_list":{"0":"post-587","1":"product","2":"type-product","3":"status-publish","4":"has-post-thumbnail","6":"product_cat-gazpalackkoteg","7":"product_cat-termekek","8":"product_tag-bundel","9":"product_tag-fekvo","10":"product_tag-gazpalack-koteg","11":"product_tag-vertical","13":"first","14":"instock","15":"shipping-taxable","16":"purchasable","17":"product-type-simple"},"_links":{"self":[{"href":"https:\/\/pwent.lionstackailab.hu\/es\/wp-json\/wp\/v2\/product\/587","targetHints":{"allow":["GET"]}}],"collection":[{"href":"https:\/\/pwent.lionstackailab.hu\/es\/wp-json\/wp\/v2\/product"}],"about":[{"href":"https:\/\/pwent.lionstackailab.hu\/es\/wp-json\/wp\/v2\/types\/product"}],"wp:featuredmedia":[{"embeddable":true,"href":"https:\/\/pwent.lionstackailab.hu\/es\/wp-json\/wp\/v2\/media\/636"}],"wp:attachment":[{"href":"https:\/\/pwent.lionstackailab.hu\/es\/wp-json\/wp\/v2\/media?parent=587"}],"wp:term":[{"taxonomy":"product_brand","embeddable":true,"href":"https:\/\/pwent.lionstackailab.hu\/es\/wp-json\/wp\/v2\/product_brand?post=587"},{"taxonomy":"product_cat","embeddable":true,"href":"https:\/\/pwent.lionstackailab.hu\/es\/wp-json\/wp\/v2\/product_cat?post=587"},{"taxonomy":"product_tag","embeddable":true,"href":"https:\/\/pwent.lionstackailab.hu\/es\/wp-json\/wp\/v2\/product_tag?post=587"}],"curies":[{"name":"wp","href":"https:\/\/api.w.org\/{rel}","templated":true}]}}