{"id":584,"date":"2026-03-19T13:34:43","date_gmt":"2026-03-19T13:34:43","guid":{"rendered":"https:\/\/pwent.lionstackailab.hu\/?post_type=product&#038;p=584"},"modified":"2026-03-19T13:34:47","modified_gmt":"2026-03-19T13:34:47","slug":"lpg-gazpalack-szallito-paletta","status":"publish","type":"product","link":"https:\/\/pwent.lionstackailab.hu\/es\/termek\/lpg-gazpalack-szallito-paletta\/","title":{"rendered":"LPG g\u00e1zpalack sz\u00e1ll\u00edt\u00f3 paletta"},"content":{"rendered":"<p>R\u00e1mp\u00e1val rendelkez\u0151 horganyzott, robot hegesztett f\u00e9m paletta LPG (alacsony nyom\u00e1s\u00fa g\u00e1zpalack t\u00e1rol\u00e1s\u00e1ra, sz\u00e1ll\u00edt\u00e1s\u00e1ra). T\u00f6bb szinten ak\u00e1r 24 db 10 kg-os g\u00e1zpalack (2 x 12 db) vagy 48 db 5 kg-os g\u00e1zpalack (3 x 16 db) sz\u00e1ll\u00edt\u00e1s\u00e1ra, t\u00e1rol\u00e1s\u00e1ra alkalmas. A paletta targonc\u00e1zhat\u00f3 kivitelben k\u00e9sz\u00fcl \u00e9s daru emel\u0151f\u00fcllel rendelkezik. A r\u00e1mpa tartoz\u00e9ka a g\u00e1zpalackok biztons\u00e1gos r\u00f6gz\u00edt\u00e9s\u00e9re szolg\u00e1l\u00f3 r\u00f6gz\u00edt\u0151k is.<\/p>\n<p>Ig\u00e9ny szerint a f\u00e9mszerkezetet a g\u00e1zpalackkal \u00e9rintkez\u0151 fel\u00fcleten szilikonbor\u00edt\u00e1ssal l\u00e1tjuk el. A kisebb g\u00e1zpalackok kies\u00e9s\u00e9t a g\u00e1zpalack sz\u00e1ll\u00edt\u00f3 kaloda oldals\u00f3 f\u00e9mszerkezet\u00e9nek kialak\u00edt\u00e1sa biztos\u00edtja.<\/p>\n<p>A Recoma tervez\u0151i, technikusai \u00e9s oper\u00e1torai minden ig\u00e9nyek k\u00e9pesek megfelelni. Munkat\u00e1rsaink megfelel\u0151en k\u00e9pzettek \u00e9s megfelel\u0151 bizony\u00edtv\u00e1nyokkal rendelkeznek hegeszt\u00e9s, forraszt\u00e1s \u00e9s b\u00e1rmilyen m\u00e1s ac\u00e9lmunk\u00e1k ter\u00fclet\u00e9n. A bels\u0151 szervezeti fel\u00e9p\u00edt\u00e9s biztos\u00edtja a legmagasabb min\u0151s\u00e9g sz\u00e1ll\u00edt\u00e1s\u00e1t.<\/p>","protected":false},"excerpt":{"rendered":"<div id=\"cont06\" class=\"fondino\">R\u00e1mp\u00e1val rendelkez\u0151 horganyzott, robot hegesztett f\u00e9m paletta LPG (alacsony nyom\u00e1s\u00fa g\u00e1zpalack t\u00e1rol\u00e1s\u00e1ra, sz\u00e1ll\u00edt\u00e1s\u00e1ra). T\u00f6bb szinten ak\u00e1r 24 db 10 kg-os g\u00e1zpalack (2 x 12 db) vagy 48 db 5 kg-os g\u00e1zpalack (3 x 16 db) sz\u00e1ll\u00edt\u00e1s\u00e1ra, t\u00e1rol\u00e1s\u00e1ra alkalmas. \u00a0<span style=\"color: #ff6600\">Mennyis\u00e9gi kedvezm\u00e9ny\u00e9rt keressen benn\u00fcnket<\/span><\/div>","protected":false},"featured_media":614,"template":"","meta":[],"product_brand":[],"product_cat":[158,31],"product_tag":[159,50,90],"class_list":{"0":"post-584","1":"product","2":"type-product","3":"status-publish","4":"has-post-thumbnail","6":"product_cat-gazpalack-szallito-fem-paletta","7":"product_cat-termekek","8":"product_tag-femszerkezet","9":"product_tag-lpg","10":"product_tag-paletta","12":"first","13":"instock","14":"shipping-taxable","15":"purchasable","16":"product-type-simple"},"_links":{"self":[{"href":"https:\/\/pwent.lionstackailab.hu\/es\/wp-json\/wp\/v2\/product\/584","targetHints":{"allow":["GET"]}}],"collection":[{"href":"https:\/\/pwent.lionstackailab.hu\/es\/wp-json\/wp\/v2\/product"}],"about":[{"href":"https:\/\/pwent.lionstackailab.hu\/es\/wp-json\/wp\/v2\/types\/product"}],"wp:featuredmedia":[{"embeddable":true,"href":"https:\/\/pwent.lionstackailab.hu\/es\/wp-json\/wp\/v2\/media\/614"}],"wp:attachment":[{"href":"https:\/\/pwent.lionstackailab.hu\/es\/wp-json\/wp\/v2\/media?parent=584"}],"wp:term":[{"taxonomy":"product_brand","embeddable":true,"href":"https:\/\/pwent.lionstackailab.hu\/es\/wp-json\/wp\/v2\/product_brand?post=584"},{"taxonomy":"product_cat","embeddable":true,"href":"https:\/\/pwent.lionstackailab.hu\/es\/wp-json\/wp\/v2\/product_cat?post=584"},{"taxonomy":"product_tag","embeddable":true,"href":"https:\/\/pwent.lionstackailab.hu\/es\/wp-json\/wp\/v2\/product_tag?post=584"}],"curies":[{"name":"wp","href":"https:\/\/api.w.org\/{rel}","templated":true}]}}