{"id":532,"date":"2026-03-19T13:34:28","date_gmt":"2026-03-19T13:34:28","guid":{"rendered":"https:\/\/pwent.lionstackailab.hu\/?post_type=product&#038;p=532"},"modified":"2026-03-19T13:34:42","modified_gmt":"2026-03-19T13:34:42","slug":"fit-6-evo-automata-viznyomasproba-pad-6-palackhoz","status":"publish","type":"product","link":"https:\/\/pwent.lionstackailab.hu\/es\/termek\/fit-6-evo-automata-viznyomasproba-pad-6-palackhoz\/","title":{"rendered":"FIT 6-EVO automata v\u00edznyom\u00e1spr\u00f3ba pad 6 palackhoz"},"content":{"rendered":"<p>A Fit-6 teljes automata pr\u00f3bapad, 25E menettel rendelkez\u0151 g\u00e1zpalackhoz. Felt\u00f6lt\u00e9s, nyom\u00e1spr\u00f3ba, le\u00fcr\u00edt\u00e9s, egyetlen csatlakoz\u00f3n kereszt\u00fcl.<\/p>\n<ul>\n<li>Maxim\u00e1lis nyom\u00e1s\u00e9rt\u00e9k: 450 bar.<\/li>\n<li>G\u00e1zpalack \u00e1tm\u00e9r\u0151: 110-270 mm<\/li>\n<li>G\u00e1zpalack hossz: 500-1755 mm<\/li>\n<li>Kapacit\u00e1s maximum: 30 palack\/\u00f3ra.<\/li>\n<\/ul>\n<p>A FIT 6-EVO egy tov\u00e1bbfejlesztett automata nyom\u00e1spr\u00f3ba rendszer g\u00e1zpalackok \u00e9s t\u0171zolt\u00f3k\u00e9sz\u00fcl\u00e9kek nyom\u00e1spr\u00f3b\u00e1z\u00e1s\u00e1hoz. Az \u00faj pr\u00f3bapad az 1990-es \u00e9vekt\u0151l gy\u00e1rtott FIT50 pr\u00f3bapad tov\u00e1bbfejlesztett v\u00e1ltozata. A g\u00e9p az \u00fcgyfelekn\u00e9l t\u00f6rt\u00e9n\u0151 telep\u00edt\u00e9s ut\u00e1n teljesen automatikusan kezeli a nyom\u00e1spr\u00f3b\u00e1z\u00e1s folyamat\u00e1t: g\u00e1zpalack megt\u00f6lt\u00e9se, magasnyom\u00e1s\u00fa teszt, g\u00e1zpalack \u00fcr\u00edt\u00e9se, g\u00e1zpalack sz\u00e1r\u00edt\u00e1s az opcion\u00e1lisan rendelhet\u0151 t\u00falhev\u00edtett g\u0151zsz\u00e1r\u00edt\u00f3val. A g\u00e9p f\u0151 koncepci\u00f3ja az egyetlen kezel\u0151vel el\u00e9rt magas termel\u00e9kenys\u00e9g, az \u00f3r\u00e1nk\u00e9nti t\u00f6bb mint 30 palack el\u00e9r\u00e9se aki a palackok cser\u00e9j\u00e9t lesz\u00e1m\u00edtva csak a kezel\u0151panel vez\u00e9rli a folyamatot. A g\u00e9p gy\u00e1rthat\u00f3 6 palackhoz (egyszer\u0171 pad) \u00e9s 6+6 palackhoz (DUO verzi\u00f3) a megn\u00f6velt teljes\u00edtm\u00e9nyhez. A nyom\u00f3padba integr\u00e1lhatunk egy magasnyom\u00e1s\u00fa g\u0151zsz\u00e1r\u00edt\u00f3t, amellyel a nyom\u00e1spr\u00f3b\u00e1zott palackok k\u00f6zvetlen\u00fcl a nyom\u00f3padon kisz\u00e1r\u00edthat\u00f3ak (csak ac\u00e9lpalackokn\u00e1l haszn\u00e1l)<\/p>\n<hr \/>\n<p><strong>Let\u00f6lthet\u0151\u00a0anyagok<\/strong><\/p>\n<ul>\n<li><a href=\"https:\/\/pwent.eu\/wp-content\/uploads\/2016\/04\/FIT6_EVO.pdf\" rel=\"\">FIT6_EVO<\/a><\/li>\n<\/ul>\n<p>&nbsp;<\/p>","protected":false},"excerpt":{"rendered":"<p>Teljes automata nyom\u00e1spr\u00f3bapad 25E menettel rendelkez\u0151 palackokhoz. Egy csatlakoz\u00e1ssal teljes ciklus: t\u00f6lt\u00e9s, nyom\u00e1s, \u00fcr\u00edt\u00e9s, (sz\u00e1r\u00edt\u00e1s). Maxim\u00e1lis nyom\u00e1s\u00e9rt\u00e9k: 450 bar.G\u00e1zpalack \u00e1tm\u00e9r\u0151: 110-270 mm G\u00e1zpalack hossz: 500-1755 mm Kapacit\u00e1s maximum: 30 palack\/\u00f3ra<\/p>","protected":false},"featured_media":583,"template":"","meta":[],"product_brand":[],"product_cat":[32,40,31],"product_tag":[156,42,157,44],"class_list":{"0":"post-532","1":"product","2":"type-product","3":"status-publish","4":"has-post-thumbnail","6":"product_cat-gazpalack-nyomasproba-es-felujitas","7":"product_cat-gazpalack-nyomasproba-rampa","8":"product_cat-termekek","9":"product_tag-6-palack","10":"product_tag-automata","11":"product_tag-fit-6-evo","12":"product_tag-nyomopad","14":"first","15":"instock","16":"shipping-taxable","17":"purchasable","18":"product-type-simple"},"_links":{"self":[{"href":"https:\/\/pwent.lionstackailab.hu\/es\/wp-json\/wp\/v2\/product\/532","targetHints":{"allow":["GET"]}}],"collection":[{"href":"https:\/\/pwent.lionstackailab.hu\/es\/wp-json\/wp\/v2\/product"}],"about":[{"href":"https:\/\/pwent.lionstackailab.hu\/es\/wp-json\/wp\/v2\/types\/product"}],"wp:featuredmedia":[{"embeddable":true,"href":"https:\/\/pwent.lionstackailab.hu\/es\/wp-json\/wp\/v2\/media\/583"}],"wp:attachment":[{"href":"https:\/\/pwent.lionstackailab.hu\/es\/wp-json\/wp\/v2\/media?parent=532"}],"wp:term":[{"taxonomy":"product_brand","embeddable":true,"href":"https:\/\/pwent.lionstackailab.hu\/es\/wp-json\/wp\/v2\/product_brand?post=532"},{"taxonomy":"product_cat","embeddable":true,"href":"https:\/\/pwent.lionstackailab.hu\/es\/wp-json\/wp\/v2\/product_cat?post=532"},{"taxonomy":"product_tag","embeddable":true,"href":"https:\/\/pwent.lionstackailab.hu\/es\/wp-json\/wp\/v2\/product_tag?post=532"}],"curies":[{"name":"wp","href":"https:\/\/api.w.org\/{rel}","templated":true}]}}