{"id":523,"date":"2026-03-19T13:34:28","date_gmt":"2026-03-19T13:34:28","guid":{"rendered":"https:\/\/pwent.lionstackailab.hu\/?post_type=product&#038;p=523"},"modified":"2026-03-19T13:34:37","modified_gmt":"2026-03-19T13:34:37","slug":"2320-asm-001-aluminium-gazpalack-fej-adapter-mk3-x80-hoz","status":"publish","type":"product","link":"https:\/\/pwent.lionstackailab.hu\/es\/termek\/2320-asm-001-aluminium-gazpalack-fej-adapter-mk3-x80-hoz\/","title":{"rendered":"2320-ASM-001 aluminium g\u00e1zpalack fej adapter MK3-X80-hoz"},"content":{"rendered":"<p>Alum\u00ednium fejadapter\u00a0g\u00e1zpalack be\u00fct\u00e9s\u00e9hez, kieg\u00e9sz\u00edt\u0151 oldals\u00f3 fog\u00f3val, gyors szor\u00edt\u00f3 ac\u00e9lsodronnyal, r\u00f6gz\u00edt\u0151 gy\u0171r\u0171vel a s\u00falykiegyenl\u00edt\u0151h\u00f6z<\/p>","protected":false},"excerpt":{"rendered":"<p>Alum\u00ednium fejadapter g\u00e1zpalack be\u00fct\u00e9s\u00e9hez, kieg\u00e9sz\u00edt\u0151 oldals\u00f3 fog\u00f3val, gyors szor\u00edt\u00f3 ac\u00e9lsodronnyal, r\u00f6gz\u00edt\u0151 gy\u0171r\u0171vel a s\u00falykiegyenl\u00edt\u0151h\u00f6z<\/p>","protected":false},"featured_media":565,"template":"","meta":[],"product_brand":[],"product_cat":[32,138,75],"product_tag":[151,146,143],"class_list":{"0":"post-523","1":"product","2":"type-product","3":"status-publish","4":"has-post-thumbnail","6":"product_cat-gazpalack-nyomasproba-es-felujitas","7":"product_cat-gazpalackok-jelolese","8":"product_cat-kiegeszitok","9":"product_tag-atalakito","10":"product_tag-kiegeszito","11":"product_tag-mk3-x80","13":"first","14":"instock","15":"shipping-taxable","16":"purchasable","17":"product-type-simple"},"_links":{"self":[{"href":"https:\/\/pwent.lionstackailab.hu\/es\/wp-json\/wp\/v2\/product\/523","targetHints":{"allow":["GET"]}}],"collection":[{"href":"https:\/\/pwent.lionstackailab.hu\/es\/wp-json\/wp\/v2\/product"}],"about":[{"href":"https:\/\/pwent.lionstackailab.hu\/es\/wp-json\/wp\/v2\/types\/product"}],"wp:featuredmedia":[{"embeddable":true,"href":"https:\/\/pwent.lionstackailab.hu\/es\/wp-json\/wp\/v2\/media\/565"}],"wp:attachment":[{"href":"https:\/\/pwent.lionstackailab.hu\/es\/wp-json\/wp\/v2\/media?parent=523"}],"wp:term":[{"taxonomy":"product_brand","embeddable":true,"href":"https:\/\/pwent.lionstackailab.hu\/es\/wp-json\/wp\/v2\/product_brand?post=523"},{"taxonomy":"product_cat","embeddable":true,"href":"https:\/\/pwent.lionstackailab.hu\/es\/wp-json\/wp\/v2\/product_cat?post=523"},{"taxonomy":"product_tag","embeddable":true,"href":"https:\/\/pwent.lionstackailab.hu\/es\/wp-json\/wp\/v2\/product_tag?post=523"}],"curies":[{"name":"wp","href":"https:\/\/api.w.org\/{rel}","templated":true}]}}