{"id":520,"date":"2026-03-19T13:34:28","date_gmt":"2026-03-19T13:34:28","guid":{"rendered":"https:\/\/pwent.lionstackailab.hu\/?post_type=product&#038;p=520"},"modified":"2026-03-19T13:34:36","modified_gmt":"2026-03-19T13:34:36","slug":"memec524-rugo","status":"publish","type":"product","link":"https:\/\/pwent.lionstackailab.hu\/es\/termek\/memec524-rugo\/","title":{"rendered":"MEMEC524 Rug\u00f3"},"content":{"rendered":"<p>Rug\u00f3k 6 mm-es be\u00fct\u0151hegyekhez, 10 db\/csomag<\/p>","protected":false},"excerpt":{"rendered":"<p>Rug\u00f3k 6 mm-es be\u00fct\u0151hegyhez 10 db\/csomag<\/p>","protected":false},"featured_media":562,"template":"","meta":[],"product_brand":[],"product_cat":[32,138,75],"product_tag":[147,145,143],"class_list":{"0":"post-520","1":"product","2":"type-product","3":"status-publish","4":"has-post-thumbnail","6":"product_cat-gazpalack-nyomasproba-es-felujitas","7":"product_cat-gazpalackok-jelolese","8":"product_cat-kiegeszitok","9":"product_tag-alkatresz","10":"product_tag-hegy","11":"product_tag-mk3-x80","13":"first","14":"instock","15":"shipping-taxable","16":"purchasable","17":"product-type-simple"},"_links":{"self":[{"href":"https:\/\/pwent.lionstackailab.hu\/es\/wp-json\/wp\/v2\/product\/520","targetHints":{"allow":["GET"]}}],"collection":[{"href":"https:\/\/pwent.lionstackailab.hu\/es\/wp-json\/wp\/v2\/product"}],"about":[{"href":"https:\/\/pwent.lionstackailab.hu\/es\/wp-json\/wp\/v2\/types\/product"}],"wp:featuredmedia":[{"embeddable":true,"href":"https:\/\/pwent.lionstackailab.hu\/es\/wp-json\/wp\/v2\/media\/562"}],"wp:attachment":[{"href":"https:\/\/pwent.lionstackailab.hu\/es\/wp-json\/wp\/v2\/media?parent=520"}],"wp:term":[{"taxonomy":"product_brand","embeddable":true,"href":"https:\/\/pwent.lionstackailab.hu\/es\/wp-json\/wp\/v2\/product_brand?post=520"},{"taxonomy":"product_cat","embeddable":true,"href":"https:\/\/pwent.lionstackailab.hu\/es\/wp-json\/wp\/v2\/product_cat?post=520"},{"taxonomy":"product_tag","embeddable":true,"href":"https:\/\/pwent.lionstackailab.hu\/es\/wp-json\/wp\/v2\/product_tag?post=520"}],"curies":[{"name":"wp","href":"https:\/\/api.w.org\/{rel}","templated":true}]}}