{"id":519,"date":"2026-03-19T13:34:28","date_gmt":"2026-03-19T13:34:28","guid":{"rendered":"https:\/\/pwent.lionstackailab.hu\/?post_type=product&#038;p=519"},"modified":"2026-03-19T13:34:35","modified_gmt":"2026-03-19T13:34:35","slug":"mk3-tcs-7-asztali-kiegeszito-erintokepernyo","status":"publish","type":"product","link":"https:\/\/pwent.lionstackailab.hu\/es\/termek\/mk3-tcs-7-asztali-kiegeszito-erintokepernyo\/","title":{"rendered":"MK3-TCS-7 asztali kieg\u00e9sz\u00edt\u0151 \u00e9rint\u0151k\u00e9perny\u0151"},"content":{"rendered":"<p>Opcion\u00e1lis asztali \u00e9rint\u0151k\u00e9perny\u0151s 7 &#8222;-es sz\u00ednes kijelz\u0151 az online\u00a0konfigur\u00e1ci\u00f3, programoz\u00e1shoz , feladatok v\u00e9grehajt\u00e1s\u00e1hoz, v\u00e1ltoz\u00f3k \u00e9s adatok bet\u00e1pl\u00e1l\u00e1s\u00e1hoz. Az egys\u00e9g tartalmazza az\u00a0energiaell\u00e1t\u00e1st, akkumul\u00e1tort, USB portot. Csatlakoz\u00e1s a be\u00fct\u0151fejhez soros k\u00e1bellel vagy Bluetooth kapcsolattal.<\/p>\n<p>&nbsp;<\/p>","protected":false},"excerpt":{"rendered":"<p>Opcion\u00e1lis asztali \u00e9rint\u0151k\u00e9perny\u0151s 7 &#8222;-es sz\u00ednes kijelz\u0151 az online\u00a0konfigur\u00e1ci\u00f3, programoz\u00e1shoz , feladatok v\u00e9grehajt\u00e1s\u00e1hoz, v\u00e1ltoz\u00f3k \u00e9s adatok bet\u00e1pl\u00e1l\u00e1s\u00e1hoz. csatlakoz\u00e1s a be\u00fct\u0151fejhez soros k\u00e1bellel vagy Bluetooth kapcsolattal<\/p>","protected":false},"featured_media":561,"template":"","meta":[],"product_brand":[],"product_cat":[32,138,75],"product_tag":[147,149,150,143],"class_list":{"0":"post-519","1":"product","2":"type-product","3":"status-publish","4":"has-post-thumbnail","6":"product_cat-gazpalack-nyomasproba-es-felujitas","7":"product_cat-gazpalackok-jelolese","8":"product_cat-kiegeszitok","9":"product_tag-alkatresz","10":"product_tag-asztali","11":"product_tag-erintokepernyo","12":"product_tag-mk3-x80","14":"first","15":"instock","16":"shipping-taxable","17":"purchasable","18":"product-type-simple"},"_links":{"self":[{"href":"https:\/\/pwent.lionstackailab.hu\/es\/wp-json\/wp\/v2\/product\/519","targetHints":{"allow":["GET"]}}],"collection":[{"href":"https:\/\/pwent.lionstackailab.hu\/es\/wp-json\/wp\/v2\/product"}],"about":[{"href":"https:\/\/pwent.lionstackailab.hu\/es\/wp-json\/wp\/v2\/types\/product"}],"wp:featuredmedia":[{"embeddable":true,"href":"https:\/\/pwent.lionstackailab.hu\/es\/wp-json\/wp\/v2\/media\/561"}],"wp:attachment":[{"href":"https:\/\/pwent.lionstackailab.hu\/es\/wp-json\/wp\/v2\/media?parent=519"}],"wp:term":[{"taxonomy":"product_brand","embeddable":true,"href":"https:\/\/pwent.lionstackailab.hu\/es\/wp-json\/wp\/v2\/product_brand?post=519"},{"taxonomy":"product_cat","embeddable":true,"href":"https:\/\/pwent.lionstackailab.hu\/es\/wp-json\/wp\/v2\/product_cat?post=519"},{"taxonomy":"product_tag","embeddable":true,"href":"https:\/\/pwent.lionstackailab.hu\/es\/wp-json\/wp\/v2\/product_tag?post=519"}],"curies":[{"name":"wp","href":"https:\/\/api.w.org\/{rel}","templated":true}]}}