{"id":517,"date":"2026-03-19T13:34:28","date_gmt":"2026-03-19T13:34:28","guid":{"rendered":"https:\/\/pwent.lionstackailab.hu\/?post_type=product&#038;p=517"},"modified":"2026-03-19T13:34:35","modified_gmt":"2026-03-19T13:34:35","slug":"ass-6hs-90-05-beuto-hegy","status":"publish","type":"product","link":"https:\/\/pwent.lionstackailab.hu\/es\/termek\/ass-6hs-90-05-beuto-hegy\/","title":{"rendered":"ASS-6HS-90-05 be\u00fct\u0151 hegy"},"content":{"rendered":"<p>Be\u00fct\u0151hegy, 6 mm \u00e1tm\u00e9r\u0151j\u0171, 90 \u00b0-os sz\u00f6gben, rug\u00f3s, o-gy\u0171r\u0171, al\u00e1t\u00e9t. Csak S \/ F \/ M fejegys\u00e9gekhez haszn\u00e1lhat\u00f3. A\u00a090 \u00b0-os-os kialak\u00edt\u00e1s ide\u00e1lis puha f\u00e9mek jel\u00f6l\u00e9s\u00e9hez pl, alum\u00ednium g\u00e1zpalackok feliratoz\u00e1s\u00e1hoz<\/p>","protected":false},"excerpt":{"rendered":"<p>Be\u00fct\u0151hegy+rug\u00f3s, o-gy\u0171r\u0171, al\u00e1t\u00e9t. 6 mm \u00e1tm\u00e9r\u0151j\u0171, 90 \u00b0-os sz\u00f6gben. Ide\u00e1lis puha f\u00e9mek jel\u00f6l\u00e9s\u00e9hez. P\u00e9ld\u00e1ul alum\u00ednium g\u00e1zpalackok be\u00fct\u00e9s\u00e9hez<\/p>","protected":false},"featured_media":560,"template":"","meta":[],"product_brand":[],"product_cat":[32,138,75,36,33,31],"product_tag":[147,148,145,143],"class_list":{"0":"post-517","1":"product","2":"type-product","3":"status-publish","4":"has-post-thumbnail","6":"product_cat-gazpalack-nyomasproba-es-felujitas","7":"product_cat-gazpalackok-jelolese","8":"product_cat-kiegeszitok","9":"product_cat-muhely-porralolto-keszulek-karbantartasahoz","10":"product_cat-muhely-szendioxiddal-olto-keszulekhez","11":"product_cat-termekek","12":"product_tag-alkatresz","13":"product_tag-aluminium","14":"product_tag-hegy","15":"product_tag-mk3-x80","17":"first","18":"instock","19":"shipping-taxable","20":"purchasable","21":"product-type-simple"},"_links":{"self":[{"href":"https:\/\/pwent.lionstackailab.hu\/es\/wp-json\/wp\/v2\/product\/517","targetHints":{"allow":["GET"]}}],"collection":[{"href":"https:\/\/pwent.lionstackailab.hu\/es\/wp-json\/wp\/v2\/product"}],"about":[{"href":"https:\/\/pwent.lionstackailab.hu\/es\/wp-json\/wp\/v2\/types\/product"}],"wp:featuredmedia":[{"embeddable":true,"href":"https:\/\/pwent.lionstackailab.hu\/es\/wp-json\/wp\/v2\/media\/560"}],"wp:attachment":[{"href":"https:\/\/pwent.lionstackailab.hu\/es\/wp-json\/wp\/v2\/media?parent=517"}],"wp:term":[{"taxonomy":"product_brand","embeddable":true,"href":"https:\/\/pwent.lionstackailab.hu\/es\/wp-json\/wp\/v2\/product_brand?post=517"},{"taxonomy":"product_cat","embeddable":true,"href":"https:\/\/pwent.lionstackailab.hu\/es\/wp-json\/wp\/v2\/product_cat?post=517"},{"taxonomy":"product_tag","embeddable":true,"href":"https:\/\/pwent.lionstackailab.hu\/es\/wp-json\/wp\/v2\/product_tag?post=517"}],"curies":[{"name":"wp","href":"https:\/\/api.w.org\/{rel}","templated":true}]}}