{"id":516,"date":"2026-03-19T13:34:28","date_gmt":"2026-03-19T13:34:28","guid":{"rendered":"https:\/\/pwent.lionstackailab.hu\/?post_type=product&#038;p=516"},"modified":"2026-03-19T13:34:35","modified_gmt":"2026-03-19T13:34:35","slug":"50500113-beuto-fej","status":"publish","type":"product","link":"https:\/\/pwent.lionstackailab.hu\/es\/termek\/50500113-beuto-fej\/","title":{"rendered":"50500113 be\u00fct\u0151 fej"},"content":{"rendered":"<p>Nagy teherb\u00edr\u00e1s\u00fa be\u00fct\u0151 fej \u00e9s hegy\u00a06 mm-es \u00e1tm\u00e9r\u0151j\u0171, 120 \u00b0, 0,5 mm-es sug\u00e1rral.\u00a0K\u00fcl\u00f6nleges, magas jel\u00f6l\u00e9si er\u0151, csak S \/ F \/ M grav\u00edroz\u00f3 egys\u00e9gekhez. A\u00a0120 \u00b0-os be\u00fct\u0151t kem\u00e9nyf\u00e9mek jel\u00f6l\u00e9s\u00e9re aj\u00e1nljuk mint p\u00e9ld\u00e1ul CrMo54.<\/p>\n<p>&nbsp;<\/p>","protected":false},"excerpt":{"rendered":"<p><span style=\"line-height: 1.5\">Nagy teherb\u00edr\u00e1s\u00fa be\u00fct\u0151 fej \u00e9s hegy\u00a06 mm-es \u00e1tm\u00e9r\u0151j\u0171, 120 \u00b0, 0,5 mm-es sug\u00e1rral.\u00a0K\u00fcl\u00f6nleges, magas jel\u00f6l\u00e9si er\u0151, (csak S \/ F \/ M grav\u00edroz\u00f3 egys\u00e9gekhez). A\u00a0120 \u00b0-os be\u00fct\u0151t kem\u00e9nyf\u00e9mek jel\u00f6l\u00e9s\u00e9re aj\u00e1nljuk mint p\u00e9ld\u00e1ul CrMo54.).<\/span><\/p>","protected":false},"featured_media":559,"template":"","meta":[],"product_brand":[],"product_cat":[138,75],"product_tag":[144,145,146,143],"class_list":{"0":"post-516","1":"product","2":"type-product","3":"status-publish","4":"has-post-thumbnail","6":"product_cat-gazpalackok-jelolese","7":"product_cat-kiegeszitok","8":"product_tag-fej","9":"product_tag-hegy","10":"product_tag-kiegeszito","11":"product_tag-mk3-x80","13":"first","14":"instock","15":"shipping-taxable","16":"purchasable","17":"product-type-simple"},"_links":{"self":[{"href":"https:\/\/pwent.lionstackailab.hu\/es\/wp-json\/wp\/v2\/product\/516","targetHints":{"allow":["GET"]}}],"collection":[{"href":"https:\/\/pwent.lionstackailab.hu\/es\/wp-json\/wp\/v2\/product"}],"about":[{"href":"https:\/\/pwent.lionstackailab.hu\/es\/wp-json\/wp\/v2\/types\/product"}],"wp:featuredmedia":[{"embeddable":true,"href":"https:\/\/pwent.lionstackailab.hu\/es\/wp-json\/wp\/v2\/media\/559"}],"wp:attachment":[{"href":"https:\/\/pwent.lionstackailab.hu\/es\/wp-json\/wp\/v2\/media?parent=516"}],"wp:term":[{"taxonomy":"product_brand","embeddable":true,"href":"https:\/\/pwent.lionstackailab.hu\/es\/wp-json\/wp\/v2\/product_brand?post=516"},{"taxonomy":"product_cat","embeddable":true,"href":"https:\/\/pwent.lionstackailab.hu\/es\/wp-json\/wp\/v2\/product_cat?post=516"},{"taxonomy":"product_tag","embeddable":true,"href":"https:\/\/pwent.lionstackailab.hu\/es\/wp-json\/wp\/v2\/product_tag?post=516"}],"curies":[{"name":"wp","href":"https:\/\/api.w.org\/{rel}","templated":true}]}}