{"id":398,"date":"2026-03-19T13:33:37","date_gmt":"2026-03-19T13:33:37","guid":{"rendered":"https:\/\/pwent.lionstackailab.hu\/?post_type=product&#038;p=398"},"modified":"2026-03-19T13:34:13","modified_gmt":"2026-03-19T13:34:13","slug":"hc-1200-3-m-fuggesztopalyas-soretezo-gep","status":"publish","type":"product","link":"https:\/\/pwent.lionstackailab.hu\/es\/termek\/hc-1200-3-m-fuggesztopalyas-soretezo-gep\/","title":{"rendered":"HC-1200-3-M f\u00fcggeszt\u0151p\u00e1ly\u00e1s s\u00f6r\u00e9tez\u0151 g\u00e9p"},"content":{"rendered":"<p>G\u00e1zpalack hossz -2200 mm, \u00e1tm\u00e9r\u0151 &#8211; 1200 mm, s\u00faly -400 kg. 3 sz\u00f3r\u00f3kerekes szemcsesz\u00f3r\u00f3 g\u00e1zpalackok tiszt\u00edt\u00e1s\u00e1hoz. 1000 kg szemcset\u00f6ltet.\u00a0A g\u00e1zpalackok m\u00e9ret\u00e9t\u0151l f\u00fcgg\u0151en egy f\u00fcggeszt\u00e9s ak\u00e1r t\u00f6bb g\u00e1zpalackot is jelenthet.\u00a0<em><strong>8-10 f\u00fcggeszt\u00e9s \/ \u00f3ra (250 db g\u00e1zpalack\/m\u0171szak) teljes\u00edtm\u00e9nyre k\u00e9pes g\u00e9p<\/strong><\/em>.<\/p>\n<h2><\/h2>\n<h2>Lehets\u00e9ges opci\u00f3k<\/h2>\n<ul>\n<li>G\u00e9pi emel\u00e9s\u0171 \u00e9s mozgat\u00e1s\u00fa fut\u00f3macska<\/li>\n<li>Frekvenciav\u00e1lt\u00f3 a sz\u00f3r\u00f3kerekekhez, a szemcse sz\u00f3r\u00e1si erej\u00e9nek v\u00e1ltoztat\u00e1s\u00e1hoz<\/li>\n<li>\u00dczembe helyez\u00e9s k\u00fcl\u00f6n k\u00f6lts\u00e9gk\u00e9nt ker\u00fcl felsz\u00e1m\u00edt\u00e1sra<\/li>\n<\/ul>\n<p><strong>Elrendez\u00e9s rajz:\u00a0<a href=\"https:\/\/pwent.eu\/wp-content\/uploads\/2016\/05\/HC-1200-3-elrendez\u00e9s.pdf\" rel=\"\">HC 1200-3 elrendez\u00e9s<\/a><\/strong><\/p>\n<h2><\/h2>\n<h2>\u00c1ltal\u00e1nos le\u00edr\u00e1s<\/h2>\n<p>A HC 1200-3 tip. szemcsesz\u00f3r\u00f3 berendez\u00e9s \u00e1ltal\u00e1nos esetben kisebb \u00f6ntv\u00e9nyek, hegesztett munkadarabok, csokros\u00edtva f\u00fcggeszthet\u0151 alkatr\u00e9szek fel\u00fclettiszt\u00edt\u00e1s\u00e1ra aj\u00e1nlott.\u00a0A berendez\u00e9s h\u00e1rom sz\u00f3r\u00f3fejjel rendelkeznek.\u00a0Ezek egym\u00e1st\u00f3l eltolt s\u00edk\u00fa elhelyezked\u00e9se biztos\u00edtja azt, hogy a munkadarabok teljes fel\u00fclet\u00e9n \u00e9rv\u00e9nyes\u00fclj\u00f6n a szemcsesug\u00e1r tiszt\u00edt\u00f3 hat\u00e1sa.\u00a0A sz\u00f3r\u00f3fejek axi\u00e1lis gravit\u00e1ci\u00f3s sz\u00f3r\u00f3anyag bevezet\u00e9s\u0171ek, mechanikus el\u0151gyors\u00edt\u00f3val rendelkez\u0151 8 lap\u00e1tos konstrukci\u00f3k, pontos sz\u00f3r\u00f3anyagsug\u00e1r be\u00e1ll\u00edt\u00e1si lehet\u0151s\u00e9ggel.\u00a0A szemcsesz\u00f3rand\u00f3 alkatr\u00e9szeket k\u00e9zi konvejorp\u00e1ly\u00e1s f\u00fcggeszt\u00e9sen kell a tiszt\u00edt\u00f3kamr\u00e1ba vonszolni. A f\u00fcggeszt\u00e9s a munkadarabokkal egy\u00fctt folyamatos forg\u00f3mozg\u00e1st v\u00e9gez, a sz\u00f3r\u00f3kerekek el\u0151tt.\u00a0Az ipszilon p\u00e1ly\u00e1ra szerelt k\u00e9t darab f\u00fcggeszt\u00e9s lehet\u0151s\u00e9get biztos\u00edt arra, hogy m\u00edg az egyik f\u00fcggeszt\u00e9s a sz\u00f3r\u00f3kabinban tart\u00f3zkodik, addig a m\u00e1sik f\u00fcggeszt\u00e9sen el\u0151 lehet k\u00e9sz\u00edteni a k\u00f6vetkez\u0151 sz\u00f3rand\u00f3 adagot.\u00a0A sz\u00f3r\u00f3kabin akt\u00edv szemcsesug\u00e1r z\u00f3n\u00e1ba es\u0151 bels\u0151 fel\u00fclete nagy kop\u00e1s\u00e1ll\u00f3s\u00e1g\u00fa mang\u00e1nac\u00e9l burkolattal rendelkezik, m\u00edg az egy\u00e9b bels\u0151 fel\u00fcletek kop\u00e1s\u00e1ll\u00f3 gumilemezzel v\u00e9dettek.<br \/>\nSzemcsesz\u00f3r\u00e1s csak a kabin z\u00e1rt ajtai mellett lehets\u00e9ges, mely t\u00f6k\u00e9letes szemcsekipattan\u00e1s elleni v\u00e9delmet ny\u00fajt.\u00a0A kabin ajtait pneumatikus munkahenger nyitja-z\u00e1rja.\u00a0A sz\u00f3r\u00f3anyag z\u00e1rt \u00e9s folyamatos cirkul\u00e1ci\u00f3j\u00e1t sz\u00e1ll\u00edt\u00f3csiga, serleges elev\u00e1tor ,sz\u00f3r\u00f3anyag tiszt\u00edt\u00f3 egys\u00e9g \u00e9s adagol\u00f3 biztos\u00edtja.\u00a0Az optim\u00e1lis fel\u00fcleti tisztas\u00e1g \u00e9rdek\u00e9ben a kisz\u00f3rt sz\u00f3r\u00f3anyag mennyis\u00e9ge \u00e9s a sz\u00f3r\u00e1si id\u0151tartam fokozatmentesen \u00e1ll\u00edthat\u00f3.\u00a0Opci\u00f3s t\u00e9telk\u00e9nt a sz\u00f3r\u00f3fejek fordulatsz\u00e1ma frekvenciav\u00e1lt\u00f3val szab\u00e1lyozhat\u00f3. \u00a0A megtiszt\u00edtott alkatr\u00e9szeket a sz\u00f3r\u00e1s befejez\u00e9se \u00e9s az ajt\u00f3 kinyit\u00e1sa ut\u00e1n k\u00e9zi er\u0151vel kell a kamr\u00e1b\u00f3l elt\u00e1vol\u00edtani \u00e9s az id\u0151k\u00f6zben \u00fajabb alkatr\u00e9szekkel el\u0151k\u00e9sz\u00edtett f\u00fcggeszt\u00e9ssel kicser\u00e9lni.A szemcsesz\u00f3r\u00e1s sor\u00e1n keletkez\u0151 por elsz\u00edv\u00e1s\u00e1ra \u00e9s lev\u00e1laszt\u00e1s\u00e1ra korszer\u0171 patronos rendszer\u0171 porelsz\u00edv\u00f3-porlev\u00e1laszt\u00f3 berendez\u00e9s szolg\u00e1l.\u00a0A berendez\u00e9s k\u00f6zponti vez\u00e9rl\u0151szekr\u00e9nyr\u0151l m\u0171k\u00f6dtethet\u0151. Szerviz c\u00e9lokra k\u00e9zi \u00fczemm\u00f3d, \u00fczemszer\u0171 haszn\u00e1latra automatikus \u00fczemm\u00f3d bekapcsol\u00e1sa lehets\u00e9ges.<\/p>\n<h3><strong>Porelsz\u00edv\u00e1s,- porlev\u00e1laszt\u00e1s<\/strong><\/h3>\n<p>A szemcsesz\u00f3r\u00e1s sor\u00e1n keletkez\u0151 por munkat\u00e9rb\u0151l t\u00f6rt\u00e9n\u0151 elsz\u00edv\u00e1sa \u00e9s a por\u00a0k\u00f6rnyezetbe t\u00f6rt\u00e9n\u0151 kijut\u00e1s\u00e1nak megakad\u00e1lyoz\u00e1sa.\u00a0A porelsz\u00edv\u00f3 rendszer elemei:<\/p>\n<ul>\n<li>Radi\u00e1l elsz\u00edv\u00f3 ventil\u00e1tor<\/li>\n<li>Patronos porlev\u00e1laszt\u00f3<\/li>\n<li>Elsz\u00edv\u00f3 \u00e9s bef\u00fav\u00f3 idomok<\/li>\n<li>Elsz\u00edv\u00f3 cs\u00f6vez\u00e9s<\/li>\n<\/ul>\n<p>Az elsz\u00edvott leveg\u0151 visszakeringtethet\u0151 a munkat\u00e9rbe vagy kivezethet\u0151 a k\u00fclt\u00e9rbe.\u00a0A porlev\u00e1laszt\u00f3 ut\u00e1ni, tiszt\u00edtott leveg\u0151 portartama: max 2 mg\/m3.<\/p>\n<h3><\/h3>\n<h3><strong>Biztons\u00e1gtechnikai elemek<\/strong><\/h3>\n<p><strong>\u00a0<\/strong>Az \u00e9ksz\u00edjak \u00e9s a l\u00e1nchajt\u00e1sok hozz\u00e1f\u00e9rhetetlens\u00e9get biztos\u00edt\u00f3 burkolattal vannak ell\u00e1tva.\u00a0A g\u00e9ph\u00e1zon lev\u0151 ajt\u00f3k elektromos reteszel\u00e9ssel biztos\u00edtj\u00e1k, hogy nyitott ajt\u00f3val ne lehessen ind\u00edtani a g\u00e9pet, illetve az ajt\u00f3 kinyit\u00e1sa eset\u00e9n a berendez\u00e9s azonnal le\u00e1ll.\u00a0A vez\u00e9rl\u0151szekr\u00e9nyen lev\u0151 elektromos berendez\u00e9sek z\u00e1rral biztos\u00edtottak illet\u00e9ktelen m\u0171k\u00f6dtet\u00e9s ellen.\u00a0Porelsz\u00edv\u00e1s n\u00e9lk\u00fcl a sz\u00f3r\u00e1si folyamat nem ind\u00edthat\u00f3.\u00a0A berendez\u00e9sen 2 db v\u00e9szle\u00e1ll\u00edt\u00f3 gomb tal\u00e1lhat\u00f3, b\u00e1rmelyik megnyom\u00e1s\u00e1val a berendez\u00e9s azonnal le\u00e1ll.\u00a0A berendez\u00e9s minden egys\u00e9ge be van k\u00f6tve a vezet\u00e9kes \u00e9rint\u00e9sv\u00e9delmi rendszerbe.\u00a0A t\u00e1pk\u00e1belek t\u00f6mszelenc\u00e9n v\u00e9d\u0151cs\u0151ben vannak a motorokhoz vezetve.\u00a0A berendez\u00e9s villamos egys\u00e9gei el vannak l\u00e1tva a sz\u00fcks\u00e9ges szabv\u00e1nyos jelz\u00e9sekkel<\/p>\n<h3><\/h3>\n<h3><strong>A berendez\u00e9s k\u00f6rnyezetre gyakorolt hat\u00e1sa<\/strong><\/h3>\n<p><strong>A szemcsesz\u00f3r\u00f3 berendez\u00e9s zajszintje.\u00a0<\/strong>A g\u00e9p \u00e1ltal keltett zaj a g\u00e9p k\u00f6zvetlen k\u00f6zel\u00e9ben m\u00e9rve 83-85\u00a0 db(A) \u00e9rt\u00e9kre v\u00e1rhat\u00f3.\u00a0A porelsz\u00edv\u00f3 \u00e9s porlev\u00e1laszt\u00f3 egys\u00e9g \u00e1ltal keltett zaj \u00e9rt\u00e9ke 75 \u00e9s 78 db(A) . A megadott \u00e9rt\u00e9kekn\u00e9l magasabb zaj v\u00e1rhat\u00f3 a patronok visszatiszt\u00edt\u00e1s\u00e1t v\u00e9gz\u0151 szelepek m\u0171k\u00f6dtet\u00e9s\u00e9n\u00e9l \u2013 ekkor az impulzus zajszint 80 db(A) \u00e9rt\u00e9k k\u00f6r\u00fcl alakul.<\/p>\n<p><strong>K\u00f6rnyezeti porterhel\u00e9s\u00a0<\/strong>Az aj\u00e1nlatban le\u00edrtaknak megfelel\u0151en a porsz\u0171r\u0151 ut\u00e1n a leveg\u0151 porszennyezetts\u00e9ge\u00a03 mg\/m3 alatt van. Ezt az eddig elv\u00e9gzett m\u00e9r\u00e9sek is igazolj\u00e1k. Az \u00f6sszes megsz\u0171rt leveg\u0151 mennyis\u00e9ge a k\u00f6rnyezetbe kivezethet\u0151 vagy a munkat\u00e9rbe visszajuttathat\u00f3. A\u00a0\u00a0berendez\u00e9sen a sz\u00f3r\u00e1sra haszn\u00e1latos sz\u00f3r\u00f3anyag ac\u00e9lszemcse lesz. Ez\u00e9rt a leveg\u0151 porszennyez\u0151 anyag nem tartalmaz fibrog\u00e9n anyagokat, amelyen hi\u00e1ny\u00e1ban az idevonatkoz\u00f3 \u201eMunkahelyek leveg\u0151tisztas\u00e1gi k\u00f6vetelm\u00e9nyei \u2013 Sz\u00e1ll\u00f3 porok\u201d \u2013 MSZ-21461-2:1992 szabv\u00e1ny 2. pontja \u00e9rtelm\u00e9ben a megengedhet\u0151 \u00e1tlagos koncentr\u00e1ci\u00f3ja 10 mg\/m3.<\/p>\n<p><strong>A <\/strong><strong>berendez\u00e9s t\u0171zv\u00e9delmi besorol\u00e1sa\u00a0<\/strong>A sz\u00f3r\u00f3terem \u00e9s a g\u00e9p\u00e9szet a \u201eD\u201d- t\u0171zvesz\u00e9lyess\u00e9gi oszt\u00e1lyba tartozik. Az ett\u0151l elt\u00e9r\u0151 besorol\u00e1sba tartozik a sz\u0171r\u0151egys\u00e9g. Az idevonatkoz\u00f3 rendelet szerint a sz\u0171regys\u00e9g k\u00fcls\u0151 fel\u00fclete \u00e9s 1.000mm-s k\u00f6rzete MSZ EN 1127-1 szerint 22 z\u00f3n\u00e1ba tartozik.<\/p>\n<h1><\/h1>\n<h2><\/h2>\n<h2>Sz\u00e1ll\u00edt\u00e1si egys\u00e9gek<\/h2>\n<p><strong>G\u00e9ph\u00e1z\u00a0 (sz\u00f3r\u00f3 t\u00e9r)\u00a0<\/strong>A g\u00e9ph\u00e1z hegesztett lemezkonstrukci\u00f3, profilac\u00e9l merev\u00edt\u00e9ssel. A bels\u0151 fel\u00fclet mang\u00e1nac\u00e9l kop\u00e1sv\u00e9delemmel rendelkezik.\u00a0A g\u00e9ph\u00e1z oldalfalaira eltolt s\u00edkban van felszerelve 3 db ABR 400 tip. szemcse- sz\u00f3r\u00f3fej. A sz\u00f3r\u00f3fejeket egyenk\u00e9nt 7,5 kW teljes\u00edtm\u00e9ny\u0171 2900 f\/perc fordulat\u00fa elektromotor hajtja.\u00a0A g\u00e9ph\u00e1z alja k\u00fapos v\u00e1ly\u00fas kik\u00e9pz\u00e9s\u0171. Ebben t\u00f6rt\u00e9nik a lehullott szemcse \u00e9s nehezebb szennyez\u0151d\u00e9s \u00f6sszegy\u0171jt\u00e9se. A k\u00fapos v\u00e1ly\u00faban sz\u00e1ll\u00edt\u00f3 csiga tal\u00e1lhat\u00f3, amely a sz\u00f3r\u00f3anyagot a serleges elev\u00e1torhoz sz\u00e1ll\u00edtja.\u00a0A g\u00e9ph\u00e1z tetej\u00e9n helyezkedik el a f\u00fcggeszt\u00e9s forgat\u00f3 hajt\u00f3m\u0171 is.\u00a0A g\u00e9ph\u00e1zban k\u00e9pz\u0151d\u0151 por elsz\u00edv\u00e1s\u00e1ra a g\u00e9ph\u00e1zon elsz\u00edv\u00f3 csonk van kik\u00e9pezve, melyen kereszt\u00fcl a g\u00e9ph\u00e1z a komplett g\u00e9p porelsz\u00edv\u00f3 h\u00e1l\u00f3zat\u00e1ra van csatlakoztatva.<\/p>\n<p><strong>Mang\u00e1n kop\u00e1sv\u00e9delem<\/strong><strong>\u00a0<\/strong>A sz\u00f3r\u00f3t\u00e9r (g\u00e9ph\u00e1z) sz\u00f3r\u00f3s\u00edkban a bels\u0151 fel\u00fclete speci\u00e1lis kop\u00e1s\u00e1ll\u00f3 mang\u00e1n lemezzel van bor\u00edtva. A sz\u00f3r\u00f3s\u00edkon k\u00edv\u00fcli oldalak \u00e9s a v\u00e9g, valamint az ajt\u00f3k kop\u00e1s\u00e1ll\u00f3 gumilemezzel van bor\u00edtva.\u00a0A lemez vastags\u00e1ga 5-8\u00a0 mm. A kop\u00e1sv\u00e9delem hossz\u00fa ideig v\u00e9di a g\u00e9p szerkezeti egys\u00e9geit a sz\u00f3r\u00f3sug\u00e1r k\u00e1ros koptat\u00f3 hat\u00e1sait\u00f3l.\u00a0A 13% mang\u00e1ntartalm\u00fa ac\u00e9l jellemz\u0151 tulajdons\u00e1ga, hogy a szemcse \u00fct\u0151-koptat\u00f3 hat\u00e1s\u00e1ra a fel\u00fclete egyre kem\u00e9nyebb lesz. (Hadfield ac\u00e9l).\u00a0A mang\u00e1nac\u00e9l hegeszt\u00e9se speci\u00e1lis elektr\u00f3d\u00e1kkal t\u00f6rt\u00e9nik, amelyek az alapanyagnak megfelel\u0151 kop\u00e1sv\u00e9delmi tulajdons\u00e1gokkal rendelkeznek.<\/p>\n<p><strong>Serleges elev\u00e1tor.\u00a0<\/strong>F\u0151 r\u00e9szei: als\u00f3 sz\u00e1relem, fels\u0151 sz\u00e1relem \u00e9s a fej.\u00a0Az als\u00f3 sz\u00e1relem mag\u00e1ba foglalja az elev\u00e1tor als\u00f3 dobj\u00e1t, a csap\u00e1gyaz\u00e1ssal.\u00a0Az als\u00f3 sz\u00e1relem \u00e9l hajl\u00edtott lemezb\u0151l hegesztett konstrukci\u00f3, oldal\u00e1n csatlakoz\u00f3 keretekkel a kereszt sz\u00e1ll\u00edt\u00f3 csiga \u00f6sszekapcsol\u00e1s\u00e1hoz.\u00a0A fels\u0151 sz\u00e1relem egyszer\u0171 t\u00e9glalap keresztmetszet\u0171 \u00f6nhord\u00f3 szerkezet. Ezen tal\u00e1lhat\u00f3 a heveder szerel\u00e9s\u00e9hez sz\u00fcks\u00e9ges szerel\u0151ny\u00edl\u00e1s.\u00a0A fej a serleges elev\u00e1tor hajt\u00e1s\u00e1t biztos\u00edt\u00f3 dobb\u00f3l, l\u00e1ncfesz\u00edt\u0151 szerkezetb\u0151l \u00e9s kiad\u00f3ny\u00edl\u00e1sb\u00f3l \u00e1ll.\u00a0A fej a fels\u0151 sz\u00e1rhoz csavark\u00f6t\u00e9ssel csatlakozik. A fejben lev\u0151 hajt\u00f3dob a serleges heveder hajt\u00e1s\u00e1t v\u00e9gzi, mely egy\u00fattal a heveder fesz\u00edt\u00e9s\u00e9re is szolg\u00e1l. A hajt\u00f3m\u0171ves motor l\u00e1nchajt\u00e1ssal hajtja a dobot.\u00a0A serlegek v\u00e9gtelen\u00edtett sz\u00f6vetbet\u00e9tes gumihevederre vannak csavark\u00f6t\u00e9ssel er\u0151s\u00edtve.\u00a0Sz\u00e1ll\u00edt\u00e1si kapacit\u00e1s: 6 m3\/\u00f3ra, Hajt\u00f3m\u0171 teljes\u00edtm\u00e9ny: 1,5 kW<\/p>\n<p><strong>Sz\u00f3r\u00f3anyag-tiszt\u00edt\u00f3\u00a0<\/strong>Finomlemezb\u0151l hegesztett, sz\u00edvott rendszer\u0171 k\u00e9tl\u00e9pcs\u0151s sz\u00f3r\u00f3anyag szelekt\u00e1l\u00f3 berendez\u00e9s. A l\u00e9pcs\u0151k fel\u00fclete gumibor\u00edt\u00e1ssal rendelkezik. Ajtaj\u00e1n sz\u00edv\u00f3ny\u00edl\u00e1sok tal\u00e1lhat\u00f3k. A sz\u00e9lfajt\u00e1z\u00f3 h\u00e1ts\u00f3 v\u00e9g\u00e9re cs\u0151csonk van felszerelve. Ennek b\u00e1rmelyik v\u00e9g- pontj\u00e1ra csatlakozhat a l\u00e9gsebess\u00e9get szab\u00e1lyoz\u00f3 pillang\u00f3szelep.\u00a0A sz\u00e9lfajt\u00e1z\u00f3 \u00e1ltal lev\u00e1lasztott porszennyez\u0151d\u00e9s gumics\u00f6v\u00f6n t\u00e1vozik a portart\u00e1lyba.\u00a0A megtiszt\u00edtott szemcse az adagol\u00f3-puffertart\u00e1lyba surran.<\/p>\n<p><strong>Sz\u00f3r\u00f3anyag adagol\u00f3 tart\u00e1ly\u00a0<\/strong>A sz\u00f3r\u00f3anyag tiszt\u00edt\u00f3ban szelekt\u00e1lt sz\u00f3r\u00f3anyag az adagol\u00f3tart\u00e1lyban gy\u0171lik \u00f6ssze. Az adagol\u00f3 tart\u00e1ly alj\u00e1n szektorz\u00e1r biztos\u00edtja a sz\u00f3r\u00f3fejek szemcseell\u00e1t\u00e1s\u00e1nak szab\u00e1lyoz\u00e1s\u00e1t.\u00a0A szektor z\u00e1r pneumatikus m\u0171k\u00f6dtet\u00e9s\u0171. \u00dctk\u00f6z\u0151k \u00e1ll\u00edt\u00e1s\u00e1val be\u00e1ll\u00edthat\u00f3 a kisz\u00f3rni k\u00edv\u00e1nt szemcse mennyis\u00e9g.\u00a0A tart\u00e1lyba ker\u00fcl\u0151 sz\u00f3r\u00f3anyag csak egy bels\u0151 rost\u00e1n kereszt\u00fcl folyhat le, melyen fennakadnak azok a nagym\u00e9ret\u0171 szennyez\u0151d\u00e9sek, melyek a sz\u00f3r\u00f3 tart\u00e1lyba jutva zavarokat okozhatnak.\u00a0Tart\u00e1ly t\u00e9rfogat 0,5 m<sup>3<\/sup>&#8211; lefoly\u00f3ny\u00edl\u00e1sok sz\u00e1ma: 3.db\u00a0A lefoly\u00f3 csonkokb\u00f3l a sz\u00f3r\u00f3anyag kop\u00e1s\u00e1ll\u00f3 gumit\u00f6ml\u0151k\u00f6n folyik a sz\u00f3r\u00f3 turbin\u00e1khoz.<\/p>\n<p><strong>Porelsz\u00edv\u00f3 rendszer.\u00a0<\/strong><strong>Tartalmazza\u00a0<\/strong>1 db. APSZ 6 tip patronos, automatikus s\u0171r\u00edtett leveg\u0151 impulzusos visszatiszt\u00edt\u00e1s\u00fa sz\u0171r\u0151 berendez\u00e9s, komplett, vez\u00e9rl\u00e9ssel, patronokkal, cs\u0151csatlakoz\u00f3 elemekkel, porgy\u0171jt\u0151 garattal, l\u00e1bakkal,\u00a01 db porgy\u0171jt\u0151 ed\u00e9ny, elsz\u00edv\u00f3 ventil\u00e1tor, hajt\u00f3motorral, leveg\u0151cs\u00f6vez\u00e9s a sz\u00fcks\u00e9ges l\u00e9gtechnikai elemekkel, idomokkal, hangtomp\u00edt\u00f3val, k\u00f6t\u0151elemekkel.\u00a0A berendez\u00e9s nem ig\u00e9nyel semmi karbantart\u00f3i tev\u00e9kenys\u00e9get.\u00a0A porlev\u00e1laszt\u00f3k DONALDSON TORIT ULTRA WEB patronokkal vannak szerelve.\u00a0A patronok porlev\u00e1laszt\u00e1si hat\u00e1sfoka 99,99 % .A\u00a0sz\u0171r\u0151b\u0151l kil\u00e9p\u0151 tiszt\u00edtott leveg\u0151 por emisszi\u00f3s \u00e9rt\u00e9ke 2 mg\/m<sup>3<\/sup> alatt van.<\/p>\n<p><strong>Leveg\u0151cs\u00f6vez\u00e9s\u00a0<\/strong>A leveg\u0151cs\u00f6vez\u00e9s horganyzott egyenes cs\u00f6vekb\u0151l \u00e9s cs\u0151idomokb\u00f3l, cs\u0151csatlakoz\u00f3kb\u00f3l \u00e1ll. A szemcsesz\u00f3r\u00f3 g\u00e9p,- a porlev\u00e1laszt\u00f3 \u00e9s az elsz\u00edv\u00f3 ventill\u00e1tor elsz\u00edv\u00e1si \u00e9s kif\u00faj\u00e1si pontjait k\u00f6ti \u00f6ssze.<\/p>\n<p><strong>Vez\u00e9rl\u00e9s\u00a0<\/strong>A vez\u00e9rl\u0151szekr\u00e9nyb\u0151l ind\u00edthat\u00f3, le\u00e1ll\u00edthat\u00f3 valamennyi elektromos berendez\u00e9s. Itt tal\u00e1lhat\u00f3 a f\u0151kapcsol\u00f3, amellyel a berendez\u00e9st fesz\u00fclts\u00e9g al\u00e1 lehet helyezni illetve fesz\u00fclts\u00e9g mentes\u00edteni lehet.\u00a0A vez\u00e9rl\u00e9s biztos\u00edtja a k\u00fcl\u00f6nb\u00f6z\u0151 motorok megfelel\u0151 sorrendben t\u00f6rt\u00e9n\u0151 automatikus ind\u00edt\u00e1s\u00e1t, le\u00e1ll\u00edt\u00e1s\u00e1t.\u00a0Biztos\u00edtja a motorok t\u00falterhel\u00e9s elleni v\u00e9delm\u00e9t, valamint a biztons\u00e1gtechnikai reteszel\u00e9seket.<\/p>\n<p>&nbsp;<\/p>\n<p><strong>Konvejor p\u00e1lya\u00a0<\/strong>A szemcsesz\u00f3rand\u00f3 munkadarabokkal megt\u00f6lt\u00f6tt f\u00fcggeszt\u00e9s a g\u00e9p tetej\u00e9hez csatlakoz\u00f3 konvejor p\u00e1ly\u00e1n jut a sz\u00f3r\u00f3t\u00e9rbe illetve a felrak\u00e1si \u00e9s leszed\u00e9si poz\u00edci\u00f3ba.A konvejorp\u00e1lya a f\u00fcggeszt\u00e9s teherb\u00edr\u00e1s\u00e1nak megfelel\u0151 m\u00e9ret\u0171 I gerend\u00e1b\u00f3l k\u00e9sz\u00fcl. A p\u00e1lya \u00e1ltal\u00e1ban \u201eY\u201d\u00a0 alak\u00fa, de ha a helyi viszonyok megk\u00f6vetelik lehet \u201eT\u201d vagy f\u00e9l \u201eY\u201d alak is.\u00a0A p\u00e1ly\u00e1ra k\u00e9t f\u00fcggeszt\u00e9s-tart\u00f3 kocsi van felszerelve. A f\u00fcggeszt\u00e9sek mozgat\u00e1sa\u00a0 k\u00e9zzel t\u00f6rt\u00e9nik.<\/p>\n<h2><\/h2>\n<h2>M\u0171szaki adatok<\/h2>\n<p><strong>A f\u00fcggeszt\u00e9s maxim\u00e1lis m\u00e9retei:<\/strong><\/p>\n<ul>\n<li>Magass\u00e1g max.: 2200 mm<\/li>\n<li>\u00c1tm\u00e9r\u0151\u00a0 max. 1200 mm<\/li>\n<li>S\u0151lky max. 400 kg<\/li>\n<li>Sz\u00f3rand\u00f3 anyag min\u0151s\u00e9ge: ac\u00e9l<\/li>\n<\/ul>\n<p><strong>A szemcsesz\u00f3r\u00f3 g\u00e9p befoglal\u00f3 m\u00e9retei\u00a0 \u00e9s<\/strong> t<strong>elep\u00edt\u00e9si helyig\u00e9nye<\/strong>: \u00a0<span style=\"line-height: 1.5;\">a mell\u00e9kelt rajz szerint<\/span><\/p>\n<p><strong>Sz\u00f3r\u00e1si m\u00f3d:\u00a0<\/strong>sz\u00f3r\u00f3ker\u00e9kkel, k\u00e9zi \u00e9s automata \u00fczemm\u00f3dban<\/p>\n<p><strong>Sz\u00fcks\u00e9ges kiszolg\u00e1l\u00f3 szem\u00e9lyzet:\u00a0<\/strong>1 szem\u00e9ly<\/p>\n<p><strong>Sz\u00f3r\u00f3anyag:\u00a0<\/strong>Ac\u00e9lszemcse GP tipus<\/p>\n<p><strong>Sz\u00f3r\u00f3anyag t\u00f6ltet<\/strong>:1000 kg<\/p>\n<p><strong>\u00a0<\/strong><strong>Sz\u00f3r\u00e1si teljes\u00edtm\u00e9ny:<\/strong>\u00a08-10 f\u00fcggeszt\u00e9s\/\u00f3ra<\/p>\n<p><strong>A g\u00e9p zajterhel\u00e9se a k\u00f6rnyezetre:\u00a0<\/strong>83-85\u00a0dB(A)<\/p>\n<p>&nbsp;<\/p>\n<p><strong>Sz\u00f3r\u00f3fejek<\/strong><\/p>\n<p>Sz\u00e1ma: 3 db<\/p>\n<p>T\u00edpusa: ABRD-400<\/p>\n<p>\u00c1tm\u00e9r\u0151: 400 mm<\/p>\n<p>J\u00e1r\u00f3ker\u00e9k fordulatsz\u00e1ma: 2900 fordulat\/perc<\/p>\n<p>Szemcsekisz\u00f3r\u00e1s: 130 kg\/min\/sz\u00f3r\u00f3fej<\/p>\n<p>Hajt\u00e1s teljes\u00edtm\u00e9ny: 7,5 kW\/sz\u00f3r\u00f3fej<\/p>\n<p>&nbsp;<\/p>\n<p><strong>Konvejorp\u00e1lya <\/strong><\/p>\n<p>Terhelhet\u0151s\u00e9g: 500 kg\/f\u00fcggeszt\u00e9s<\/p>\n<p><strong>Energia ig\u00e9ny<\/strong><\/p>\n<p>Elektromos: 34 kW<\/p>\n<p><strong>S\u0171r\u00edtett leveg\u0151<\/strong><\/p>\n<p>Nyom\u00e1s: 6 bar<\/p>\n<p>Mennyis\u00e9g: 10 m3\/\u00f3ra<\/p>\n<p><strong>Porelsz\u00edv\u00f3\u00a0ventilator\u00a0teljes\u00edtm\u00e9nye: <\/strong>5200\u00a0m3\/h<\/p>\n<p><strong>Elektromos adatok<\/strong><\/p>\n<p>T\u00e1pfesz\u00fclts\u00e9g: 3 x 400 V<\/p>\n<p>Vez\u00e9rl\u0151fesz\u00fclts\u00e9g: 24 V<\/p>\n<p>Frekvencia: \u00a050 Hz<\/p>\n<p>&nbsp;<\/p>","protected":false},"excerpt":{"rendered":"<p>Y p\u00e1ly\u00e1s f\u00fcggeszt\u00e9ses 3 sz\u00f3r\u00f3kerekes s\u00f6r\u00e9tez\u0151 g\u00e9p g\u00e1zpalackok k\u00fcls\u0151 tiszt\u00edt\u00e1s\u00e1hoz. Hossz -2200 mm, \u00e1tm\u00e9r\u0151 -1200 mm, s\u00faly -400 kg. <em><strong>8-10 f\u00fcggeszt\u00e9s \/ \u00f3ra (kb. 250 db g\u00e1zpalack\/m\u0171szak) teljes\u00edtm\u00e9nyre k\u00e9pes g\u00e9p<\/strong><\/em>. 390 kg szemcse\/perc. Egy f\u00fcggeszt\u00e9s ak\u00e1r t\u00f6bb g\u00e1zpalack<\/p>","protected":false},"featured_media":458,"template":"","meta":[],"product_brand":[],"product_cat":[32,121,31],"product_tag":[123,39],"class_list":{"0":"post-398","1":"product","2":"type-product","3":"status-publish","4":"has-post-thumbnail","6":"product_cat-gazpalack-nyomasproba-es-felujitas","7":"product_cat-gazpalackok-kulso-tisztitasa","8":"product_cat-termekek","9":"product_tag-fuggesztopalya","10":"product_tag-soretezes","12":"first","13":"instock","14":"featured","15":"shipping-taxable","16":"purchasable","17":"product-type-simple"},"_links":{"self":[{"href":"https:\/\/pwent.lionstackailab.hu\/es\/wp-json\/wp\/v2\/product\/398","targetHints":{"allow":["GET"]}}],"collection":[{"href":"https:\/\/pwent.lionstackailab.hu\/es\/wp-json\/wp\/v2\/product"}],"about":[{"href":"https:\/\/pwent.lionstackailab.hu\/es\/wp-json\/wp\/v2\/types\/product"}],"wp:featuredmedia":[{"embeddable":true,"href":"https:\/\/pwent.lionstackailab.hu\/es\/wp-json\/wp\/v2\/media\/458"}],"wp:attachment":[{"href":"https:\/\/pwent.lionstackailab.hu\/es\/wp-json\/wp\/v2\/media?parent=398"}],"wp:term":[{"taxonomy":"product_brand","embeddable":true,"href":"https:\/\/pwent.lionstackailab.hu\/es\/wp-json\/wp\/v2\/product_brand?post=398"},{"taxonomy":"product_cat","embeddable":true,"href":"https:\/\/pwent.lionstackailab.hu\/es\/wp-json\/wp\/v2\/product_cat?post=398"},{"taxonomy":"product_tag","embeddable":true,"href":"https:\/\/pwent.lionstackailab.hu\/es\/wp-json\/wp\/v2\/product_tag?post=398"}],"curies":[{"name":"wp","href":"https:\/\/api.w.org\/{rel}","templated":true}]}}