{"id":396,"date":"2026-03-19T13:33:37","date_gmt":"2026-03-19T13:33:37","guid":{"rendered":"https:\/\/pwent.lionstackailab.hu\/?post_type=product&#038;p=396"},"modified":"2026-03-19T13:34:42","modified_gmt":"2026-03-19T13:34:42","slug":"gbmix1-h-gazpalack-kevero-es-fordito-egyseg","status":"publish","type":"product","link":"https:\/\/pwent.lionstackailab.hu\/es\/termek\/gbmix1-h-gazpalack-kevero-es-fordito-egyseg\/","title":{"rendered":"GBMIX1\/H g\u00e1zpalack kever\u0151 \u00e9s ford\u00edt\u00f3 egys\u00e9g"},"content":{"rendered":"<div>G\u00e1zpalack \u00e1tm\u00e9r\u0151 140-770 mm, g\u00e1zpalack hossz: -1800 mm. A kever\u0151 lehet\u0151v\u00e9 teszi palackok folyamatos mozgat\u00e1s\u00e1t \u00e9s forgat\u00e1s\u00e1t. A kever\u0151programj\u00e1val a g\u00e9p felgyors\u00edtja \u00a0a nitrog\u00e9n olt\u00f3g\u00e1zzal (FM200, NOVEC1230) t\u00f6rt\u00e9n\u0151 \u00a0kevered\u00e9s\u00e9t. A kevered\u00e9s miatt \u00e9s a nyom\u00e1scs\u00f6kken\u00e9s miatt az \u00fczem\u00e9b\u0151l m\u00e1r megfelel\u0151 nyom\u00e1s\u00fa palackokat tud kik\u00fcldeni. Ezzel elker\u00fclheti a hib\u00e1s nyom\u00e1ses\u00e9si jelz\u00e9seket.<\/div>\n<div><\/div>\n<hr \/>\n<h2><strong>El\u00e9rhet\u0151 t\u00edpusok<\/strong><\/h2>\n<div><\/div>\n<div>GBMIX1\/H1 (MZYE010) &#8211; dia 140-420 mm<\/div>\n<div>GBMIX1\/H2 (MZYE015-010) &#8211; dia 240-500 mm<\/div>\n<div>GBMIX1\/H4 (MZYE022) &#8211; dia 240-610 mm<\/div>\n<div>GBMIX1\/H5 (MZYE024) &#8211; dia 240-770 mm<\/div>\n<div><\/div>\n<div><span style=\"color: #ff0000;\"><strong>Opcion\u00e1lisan rendelhet\u0151 V\u00e9d\u0151 r\u00e1cs-. A v\u00e9d\u0151 r\u00e1cs nem a g\u00e9p tartoz\u00e9ka<\/strong><\/span><\/div>\n<div><\/div>\n<div><\/div>\n<div>\n<hr \/>\n<h2><strong>Let\u00f6lthet\u0151 anyagok<\/strong><\/h2>\n<\/div>\n<ul>\n<li><strong>\u00a0<\/strong><a href=\"https:\/\/pwent.eu\/wp-content\/uploads\/2016\/04\/GBMIX_agitator.pdf\" rel=\"\">GBMIX1\/H kever\u0151 ford\u00edt\u00f3 g\u00e9p egy palack r\u00e9sz\u00e9re<\/a><\/li>\n<\/ul>","protected":false},"excerpt":{"rendered":"<p>G\u00e1zpalack \u00e1tm\u00e9r\u0151 140-770 mm, g\u00e1zpalack hossz: -1800 mm. A kever\u0151 lehet\u0151v\u00e9 teszi palackok folyamatos mozgat\u00e1s\u00e1t \u00e9s forgat\u00e1s\u00e1t. A kever\u0151 lehet\u0151v\u00e9 teszi palackok megford\u00edt\u00e1s\u00e1t \u00e9s kever\u0151programj\u00e1val felgyors\u00edtja a Nitrog\u00e9n olt\u00f3g\u00e1zzal (FM200, NOVEC1230&#8230;) \u00a0t\u00f6rt\u00e9n\u0151 kevered\u00e9s\u00e9t, diff\u00fazi\u00f3j\u00e1t, kever\u00e9kg\u00e1zok kevered\u00e9s\u00e9t<\/p>","protected":false},"featured_media":442,"template":"","meta":[],"product_brand":[],"product_cat":[32,105,75,31,71],"product_tag":[],"class_list":{"0":"post-396","1":"product","2":"type-product","3":"status-publish","4":"has-post-thumbnail","6":"product_cat-gazpalack-nyomasproba-es-felujitas","7":"product_cat-inert-gaztolto-berendezesek","8":"product_cat-kiegeszitok","9":"product_cat-termekek","10":"product_cat-transzfer-gepek-fm200-novec-es-inert-oltogazokhoz","12":"first","13":"instock","14":"shipping-taxable","15":"purchasable","16":"product-type-variable"},"_links":{"self":[{"href":"https:\/\/pwent.lionstackailab.hu\/es\/wp-json\/wp\/v2\/product\/396","targetHints":{"allow":["GET"]}}],"collection":[{"href":"https:\/\/pwent.lionstackailab.hu\/es\/wp-json\/wp\/v2\/product"}],"about":[{"href":"https:\/\/pwent.lionstackailab.hu\/es\/wp-json\/wp\/v2\/types\/product"}],"wp:featuredmedia":[{"embeddable":true,"href":"https:\/\/pwent.lionstackailab.hu\/es\/wp-json\/wp\/v2\/media\/442"}],"wp:attachment":[{"href":"https:\/\/pwent.lionstackailab.hu\/es\/wp-json\/wp\/v2\/media?parent=396"}],"wp:term":[{"taxonomy":"product_brand","embeddable":true,"href":"https:\/\/pwent.lionstackailab.hu\/es\/wp-json\/wp\/v2\/product_brand?post=396"},{"taxonomy":"product_cat","embeddable":true,"href":"https:\/\/pwent.lionstackailab.hu\/es\/wp-json\/wp\/v2\/product_cat?post=396"},{"taxonomy":"product_tag","embeddable":true,"href":"https:\/\/pwent.lionstackailab.hu\/es\/wp-json\/wp\/v2\/product_tag?post=396"}],"curies":[{"name":"wp","href":"https:\/\/api.w.org\/{rel}","templated":true}]}}