{"id":395,"date":"2026-03-19T13:33:37","date_gmt":"2026-03-19T13:33:37","guid":{"rendered":"https:\/\/pwent.lionstackailab.hu\/?post_type=product&#038;p=395"},"modified":"2026-03-19T13:34:27","modified_gmt":"2026-03-19T13:34:27","slug":"igfill-oltorendszerek-inert-gazpalackjainak-ujratoltese","status":"publish","type":"product","link":"https:\/\/pwent.lionstackailab.hu\/es\/termek\/igfill-oltorendszerek-inert-gazpalackjainak-ujratoltese\/","title":{"rendered":"IGFILL olt\u00f3rendszerek inert g\u00e1zpalackjainak \u00fajrat\u00f6lt\u00e9se"},"content":{"rendered":"<p><span style=\"vertical-align: inherit;\"><span style=\"vertical-align: inherit;\">Max: 310 bar. <\/span><span style=\"vertical-align: inherit;\">Refilling cylinders for inert gas extinguishing systems. <\/span><span style=\"vertical-align: inherit;\">(Argon, Nitrogen, Carbon Dioxide, IG55, IG100, IG511, IG01, IG541, INERGEN \u00ae. The pressure part of the unit is made up of a high pressure unit.<\/span><\/span><\/p>\n<p><strong><span style=\"vertical-align: inherit;\"><span style=\"vertical-align: inherit;\">IG-FILL 130 (MGXE010):<\/span><\/span><\/strong><span style=\"vertical-align: inherit;\"><span style=\"vertical-align: inherit;\"> Capacity: 13 Nm3 \/ h. <\/span><span style=\"vertical-align: inherit;\">3-phase version: IG-FILL 130 (MGXE011)<\/span><\/span><\/p>\n<p><strong><span style=\"vertical-align: inherit;\"><span style=\"vertical-align: inherit;\">IG-FILL 260 (MGXE020):<\/span><\/span><\/strong><span style=\"vertical-align: inherit;\"><span style=\"vertical-align: inherit;\"> Capacity: 26 Nm3 \/ h. <\/span><span style=\"vertical-align: inherit;\">3-phase version: IG-FILL 260 (MGXE021)<\/span><\/span><\/p>\n<hr \/>\n<p><strong><span style=\"vertical-align: inherit;\"><span style=\"vertical-align: inherit;\">Downloadable materials<\/span><\/span><\/strong><\/p>\n<ul>\n<li><a href=\"https:\/\/pwent.eu\/wp-content\/uploads\/2016\/04\/IG_FILL_inert_gas_filling.pdf\" rel=\"\"><span style=\"vertical-align: inherit;\"><span style=\"vertical-align: inherit;\">IG-FILL series<\/span><\/span><\/a><\/li>\n<\/ul>","protected":false},"excerpt":{"rendered":"<p><span style=\"vertical-align: inherit;\"><span style=\"vertical-align: inherit;\">Max: 310 bar. <\/span><span style=\"vertical-align: inherit;\">Refilling cylinders for inert gas extinguishing systems. <\/span><span style=\"vertical-align: inherit;\">The series allows refilling cylinders of inert gas extinguishing systems<\/span><\/span><\/p>","protected":false},"featured_media":440,"template":"","meta":[],"product_brand":[],"product_cat":[105,31,71],"product_tag":[120,99],"class_list":{"0":"post-395","1":"product","2":"type-product","3":"status-publish","4":"has-post-thumbnail","6":"product_cat-inert-gaztolto-berendezesek","7":"product_cat-termekek","8":"product_cat-transzfer-gepek-fm200-novec-es-inert-oltogazokhoz","9":"product_tag-inert","10":"product_tag-toltes","12":"first","13":"instock","14":"shipping-taxable","15":"purchasable","16":"product-type-variable"},"_links":{"self":[{"href":"https:\/\/pwent.lionstackailab.hu\/es\/wp-json\/wp\/v2\/product\/395","targetHints":{"allow":["GET"]}}],"collection":[{"href":"https:\/\/pwent.lionstackailab.hu\/es\/wp-json\/wp\/v2\/product"}],"about":[{"href":"https:\/\/pwent.lionstackailab.hu\/es\/wp-json\/wp\/v2\/types\/product"}],"wp:featuredmedia":[{"embeddable":true,"href":"https:\/\/pwent.lionstackailab.hu\/es\/wp-json\/wp\/v2\/media\/440"}],"wp:attachment":[{"href":"https:\/\/pwent.lionstackailab.hu\/es\/wp-json\/wp\/v2\/media?parent=395"}],"wp:term":[{"taxonomy":"product_brand","embeddable":true,"href":"https:\/\/pwent.lionstackailab.hu\/es\/wp-json\/wp\/v2\/product_brand?post=395"},{"taxonomy":"product_cat","embeddable":true,"href":"https:\/\/pwent.lionstackailab.hu\/es\/wp-json\/wp\/v2\/product_cat?post=395"},{"taxonomy":"product_tag","embeddable":true,"href":"https:\/\/pwent.lionstackailab.hu\/es\/wp-json\/wp\/v2\/product_tag?post=395"}],"curies":[{"name":"wp","href":"https:\/\/api.w.org\/{rel}","templated":true}]}}