{"id":357,"date":"2026-03-19T13:33:15","date_gmt":"2026-03-19T13:33:15","guid":{"rendered":"https:\/\/pwent.lionstackailab.hu\/?post_type=product&#038;p=357"},"modified":"2026-03-19T13:33:53","modified_gmt":"2026-03-19T13:33:53","slug":"100-103fm-fm200-es-halon-helyettesitok-toltese-visszanyerese","status":"publish","type":"product","link":"https:\/\/pwent.lionstackailab.hu\/es\/termek\/100-103fm-fm200-es-halon-helyettesitok-toltese-visszanyerese\/","title":{"rendered":"100\/103FM FM200 \u00e9s halon helyettes\u00edt\u0151k t\u00f6lt\u00e9se visszanyer\u00e9se"},"content":{"rendered":"<div>A maxim\u00e1lis nyom\u00e1s: 70 bar\u00a0G\u00e1zok:\u00a0FE36, Halotron, FM200, Novec1230, HFC227ea, HFC125. A 100\/103FM egy magas hat\u00e9konys\u00e1g\u00fa\u00a0integr\u00e1lt g\u00e9p az FM200 \u00e9s m\u00e1s \u00e1ltal\u00e1nos olt\u00f3g\u00e1zok (halon helyettes\u00edt\u0151k) t\u00f6lt\u00e9s\u00e9re, visszanyer\u00e9s\u00e9re. A g\u00e9p magas hat\u00e9konys\u00e1g\u00e1t az a tulajdons\u00e1ga adja, hogy k\u00e9pes a forr\u00e1start\u00e1lyban maradt cseppfoly\u00f3s \u00e9s g\u00e1z\u00e1llapot\u00fa olt\u00f3g\u00e1z visszanyer\u00e9s\u00e9re. A g\u00e9p k\u00e9t k\u00fcl\u00f6n r\u00e9szt tartalmaz. Az els\u0151 szekci\u00f3 a cseppfoly\u00f3s anyagot pump\u00e1lja, m\u00edg a m\u00e1sodik szekci\u00f3 a forr\u00e1start\u00e1lyban maradt g\u00e1z\u00e1llapot\u00fa olt\u00f3anyagot nyeri vissza 24 vagy 42 bar nyom\u00e1sra.<\/div>\n<hr \/>\n<h3>Let\u00f6lthet\u0151 anyagok<\/h3>\n<ul>\n<li><a href=\"https:\/\/pwent.eu\/wp-content\/uploads\/2016\/04\/100_103_FMrecovery.pdf\" rel=\"\">100_103_FMrecovery<\/a><\/li>\n<\/ul>","protected":false},"excerpt":{"rendered":"<p>A 100\/103FM egy magas hat\u00e9konys\u00e1g\u00fa integr\u00e1lt g\u00e9p az FM200 \u00e9s m\u00e1s \u00e1ltal\u00e1nos olt\u00f3g\u00e1zok (halon helyettes\u00edt\u0151k) t\u00f6lt\u00e9s\u00e9re visszanyer\u00e9s\u00e9re.\u00a0A maxim\u00e1lis nyom\u00e1s: 70 bar\u00a0G\u00e1zok:\u00a0FE36, Halotron, FM200, Novec1230, HFC227ea, HFC125.<\/p>\n<h2><\/h2>","protected":false},"featured_media":420,"template":"","meta":[],"product_brand":[],"product_cat":[31,71],"product_tag":[110,111,112,113],"class_list":{"0":"post-357","1":"product","2":"type-product","3":"status-publish","4":"has-post-thumbnail","6":"product_cat-termekek","7":"product_cat-transzfer-gepek-fm200-novec-es-inert-oltogazokhoz","8":"product_tag-clean-agent","9":"product_tag-fm200","10":"product_tag-novec","11":"product_tag-oltogaz","13":"first","14":"instock","15":"shipping-taxable","16":"purchasable","17":"product-type-simple"},"_links":{"self":[{"href":"https:\/\/pwent.lionstackailab.hu\/es\/wp-json\/wp\/v2\/product\/357","targetHints":{"allow":["GET"]}}],"collection":[{"href":"https:\/\/pwent.lionstackailab.hu\/es\/wp-json\/wp\/v2\/product"}],"about":[{"href":"https:\/\/pwent.lionstackailab.hu\/es\/wp-json\/wp\/v2\/types\/product"}],"wp:featuredmedia":[{"embeddable":true,"href":"https:\/\/pwent.lionstackailab.hu\/es\/wp-json\/wp\/v2\/media\/420"}],"wp:attachment":[{"href":"https:\/\/pwent.lionstackailab.hu\/es\/wp-json\/wp\/v2\/media?parent=357"}],"wp:term":[{"taxonomy":"product_brand","embeddable":true,"href":"https:\/\/pwent.lionstackailab.hu\/es\/wp-json\/wp\/v2\/product_brand?post=357"},{"taxonomy":"product_cat","embeddable":true,"href":"https:\/\/pwent.lionstackailab.hu\/es\/wp-json\/wp\/v2\/product_cat?post=357"},{"taxonomy":"product_tag","embeddable":true,"href":"https:\/\/pwent.lionstackailab.hu\/es\/wp-json\/wp\/v2\/product_tag?post=357"}],"curies":[{"name":"wp","href":"https:\/\/api.w.org\/{rel}","templated":true}]}}