{"id":356,"date":"2026-03-19T13:33:15","date_gmt":"2026-03-19T13:33:15","guid":{"rendered":"https:\/\/pwent.lionstackailab.hu\/?post_type=product&#038;p=356"},"modified":"2026-03-19T13:33:51","modified_gmt":"2026-03-19T13:33:51","slug":"ofl01-uvegszalas-hidegfenyu-lampa-gazpalack-belso-vizsgalatahoz","status":"publish","type":"product","link":"https:\/\/pwent.lionstackailab.hu\/es\/termek\/ofl01-uvegszalas-hidegfenyu-lampa-gazpalack-belso-vizsgalatahoz\/","title":{"rendered":"OFL01 \u00fcvegsz\u00e1las hidegf\u00e9ny\u0171 l\u00e1mpa g\u00e1zpalack bels\u0151 vizsg\u00e1lat\u00e1hoz"},"content":{"rendered":"<p>F\u00e9nyer\u0151ss\u00e9g: 250 watt. Vezet\u00e9k hossz\u00fas\u00e1g: 2,5 m.\u00a0<span style=\"font-family: 'Georgia','serif'; color: #212121;\">Az OFL01-t kifejezetten a bels\u0151 ellen\u0151rz\u00e9sre hozt\u00e1k l\u00e9tre g\u00e1zpalackok a bels\u0151 vizsg\u00e1lat\u00e1nak elv\u00e9gz\u00e9s\u00e9h\u00e9z. A rugalmas optikai k\u00e1bel \u00a0k\u00fcls\u0151 f\u00e9mes v\u00e9delemmel van ell\u00e1tva, teljes hossz\u00fas\u00e1ga 2,5 m\u00e9ter. A ki\u00e9p\u00edt\u00e9s megk\u00f6nny\u00edti a bels\u0151 ellen\u0151rz\u00e9st, a magas g\u00e1zpalackokn\u00e1l. Az ellen\u0151rz\u00e9s az \u00f6sszes g\u00e1zpalackban lehets\u00e9ges. A hideg f\u00e9ny<\/span><span style=\"color: #212121; font-family: Georgia, serif; line-height: 1.5;\">\u0171 k\u00e1belt be lehet vezetni \u00a0a palackokba m\u00e9g a mind\u00f6ssze 14 mm-es lyukon \u00e1t is.<\/span><\/p>\n<hr \/>\n<p><strong>Let\u00f6lthet\u0151 anyagok<\/strong><\/p>\n<ul>\n<li><a href=\"https:\/\/pwent.eu\/wp-content\/uploads\/2016\/04\/OFL01_int_inspection.pdf\" rel=\"\">OFL01 model -optikai f\u00e9ny g\u00e1zpalackok bels\u0151 ellen\u0151rz\u00e9s\u00e9hez<\/a><\/li>\n<\/ul>\n<p>&nbsp;<\/p>","protected":false},"excerpt":{"rendered":"<p><span style=\"font-family: 'Georgia','serif'; color: #212121;\">Az OFL01-t kifejezetten a bels\u0151 ellen\u0151rz\u00e9sre hozt\u00e1k l\u00e9tre g\u00e1zpalackok a v\u00edznyom\u00e1spr\u00f3b\u00e1j\u00e1nak folyamata sor\u00e1n. Hideg f\u00e9ny, robban\u00e1sbiztos.\u00a0F\u00e9nyer\u0151ss\u00e9g: 250 watt. Vezet\u00e9k hossz\u00fas\u00e1g: 2,5 m.\u00a0<\/span><\/p>","protected":false},"featured_media":419,"template":"","meta":[],"product_brand":[],"product_cat":[32,75,36,33,31],"product_tag":[107,108,109,74],"class_list":{"0":"post-356","1":"product","2":"type-product","3":"status-publish","4":"has-post-thumbnail","6":"product_cat-gazpalack-nyomasproba-es-felujitas","7":"product_cat-kiegeszitok","8":"product_cat-muhely-porralolto-keszulek-karbantartasahoz","9":"product_cat-muhely-szendioxiddal-olto-keszulekhez","10":"product_cat-termekek","11":"product_tag-feny","12":"product_tag-gazpalack-belso","13":"product_tag-lampa","14":"product_tag-vizsgalat","16":"first","17":"instock","18":"shipping-taxable","19":"purchasable","20":"product-type-simple"},"_links":{"self":[{"href":"https:\/\/pwent.lionstackailab.hu\/es\/wp-json\/wp\/v2\/product\/356","targetHints":{"allow":["GET"]}}],"collection":[{"href":"https:\/\/pwent.lionstackailab.hu\/es\/wp-json\/wp\/v2\/product"}],"about":[{"href":"https:\/\/pwent.lionstackailab.hu\/es\/wp-json\/wp\/v2\/types\/product"}],"wp:featuredmedia":[{"embeddable":true,"href":"https:\/\/pwent.lionstackailab.hu\/es\/wp-json\/wp\/v2\/media\/419"}],"wp:attachment":[{"href":"https:\/\/pwent.lionstackailab.hu\/es\/wp-json\/wp\/v2\/media?parent=356"}],"wp:term":[{"taxonomy":"product_brand","embeddable":true,"href":"https:\/\/pwent.lionstackailab.hu\/es\/wp-json\/wp\/v2\/product_brand?post=356"},{"taxonomy":"product_cat","embeddable":true,"href":"https:\/\/pwent.lionstackailab.hu\/es\/wp-json\/wp\/v2\/product_cat?post=356"},{"taxonomy":"product_tag","embeddable":true,"href":"https:\/\/pwent.lionstackailab.hu\/es\/wp-json\/wp\/v2\/product_tag?post=356"}],"curies":[{"name":"wp","href":"https:\/\/api.w.org\/{rel}","templated":true}]}}