{"id":355,"date":"2026-03-19T13:33:15","date_gmt":"2026-03-19T13:33:15","guid":{"rendered":"https:\/\/pwent.lionstackailab.hu\/?post_type=product&#038;p=355"},"modified":"2026-03-19T13:34:26","modified_gmt":"2026-03-19T13:34:26","slug":"151mix-co2nitrogen-tolto-gep","status":"publish","type":"product","link":"https:\/\/pwent.lionstackailab.hu\/es\/termek\/151mix-co2nitrogen-tolto-gep\/","title":{"rendered":"151MIX CO2+Nitrog\u00e9n t\u00f6lt\u0151 g\u00e9p"},"content":{"rendered":"<p>A g\u00e9p sz\u00e9ndioxid + nitrog\u00e9n g\u00e1zpalackok t\u00f6lt\u00e9s\u00e9re alkalmas, ahol fontos a gyors g\u00e1zkibocs\u00e1t\u00e1s. Maximum 30-80 kg, 2-10 gr pontoss\u00e1ggal. A nitrog\u00e9n r\u00e1t\u00f6lt\u00e9s megakad\u00e1lyozza a fagy\u00e1st. Ilyen alkalmaz\u00e1s lehet az \u00e9letment\u0151 cs\u00faszd\u00e1k, tutajok felf\u00faj\u00e1sa<\/p>\n<hr \/>\n<p>&nbsp;<\/p>\n<h3><strong>Let\u00f6lthet\u0151 anyagok<\/strong><\/h3>\n<ul>\n<li><a href=\"https:\/\/pwent.eu\/wp-content\/uploads\/2016\/04\/151MIX_CO2_nitrogen_unit-1-1.pdf\" rel=\"\">151MIX_CO2_nitrogen_unit (1)<\/a><\/li>\n<\/ul>","protected":false},"excerpt":{"rendered":"<p>Maximum 30-80 kg, 2-10 gr pontoss\u00e1ggal. A nitrog\u00e9n r\u00e1t\u00f6lt\u00e9s megakad\u00e1lyozza a fagy\u00e1st. Az egys\u00e9g sz\u00e9ndioxid +nitrog\u00e9n t\u00f6ltet\u0171 g\u00e1zpalackok t\u00f6lt\u00e9s\u00e9re alkalmas.<\/p>","protected":false},"featured_media":418,"template":"","meta":[],"product_brand":[],"product_cat":[69,105,33,31],"product_tag":[87,106,99],"class_list":{"0":"post-355","1":"product","2":"type-product","3":"status-publish","4":"has-post-thumbnail","6":"product_cat-co2-tolto-es-atfejto-gepek","7":"product_cat-inert-gaztolto-berendezesek","8":"product_cat-muhely-szendioxiddal-olto-keszulekhez","9":"product_cat-termekek","10":"product_tag-co2","11":"product_tag-nitrogen","12":"product_tag-toltes","14":"first","15":"instock","16":"shipping-taxable","17":"purchasable","18":"product-type-variable"},"_links":{"self":[{"href":"https:\/\/pwent.lionstackailab.hu\/es\/wp-json\/wp\/v2\/product\/355","targetHints":{"allow":["GET"]}}],"collection":[{"href":"https:\/\/pwent.lionstackailab.hu\/es\/wp-json\/wp\/v2\/product"}],"about":[{"href":"https:\/\/pwent.lionstackailab.hu\/es\/wp-json\/wp\/v2\/types\/product"}],"wp:featuredmedia":[{"embeddable":true,"href":"https:\/\/pwent.lionstackailab.hu\/es\/wp-json\/wp\/v2\/media\/418"}],"wp:attachment":[{"href":"https:\/\/pwent.lionstackailab.hu\/es\/wp-json\/wp\/v2\/media?parent=355"}],"wp:term":[{"taxonomy":"product_brand","embeddable":true,"href":"https:\/\/pwent.lionstackailab.hu\/es\/wp-json\/wp\/v2\/product_brand?post=355"},{"taxonomy":"product_cat","embeddable":true,"href":"https:\/\/pwent.lionstackailab.hu\/es\/wp-json\/wp\/v2\/product_cat?post=355"},{"taxonomy":"product_tag","embeddable":true,"href":"https:\/\/pwent.lionstackailab.hu\/es\/wp-json\/wp\/v2\/product_tag?post=355"}],"curies":[{"name":"wp","href":"https:\/\/api.w.org\/{rel}","templated":true}]}}