{"id":353,"date":"2026-03-19T13:33:15","date_gmt":"2026-03-19T13:33:15","guid":{"rendered":"https:\/\/pwent.lionstackailab.hu\/?post_type=product&#038;p=353"},"modified":"2026-03-19T13:34:27","modified_gmt":"2026-03-19T13:34:27","slug":"99-d3-soda-co2-tolto-es-visszanyerogep","status":"publish","type":"product","link":"https:\/\/pwent.lionstackailab.hu\/es\/termek\/99-d3-soda-co2-tolto-es-visszanyerogep\/","title":{"rendered":"99\/D3 SODA CO2 t\u00f6lt\u0151 \u00e9s visszanyer\u0151g\u00e9p"},"content":{"rendered":"<p>M\u00e9rleggel szerelt teljes CO2 t\u00f6lt\u0151 \u00e1tfejt\u0151 \u00e1llom\u00e1s (150-360 kg\/\u00f3ra) g\u00e1zpalackok t\u0171zolt\u00f3k\u00e9sz\u00fcl\u00e9kek, bels\u0151 k\u00fcls\u0151 CO2 patronok t\u00f6lt\u00e9s\u00e9hez. A legfontosabb el\u0151nye az ellen\u0151rz\u0151 sk\u00e1la, ami pontoss\u00e1got eredm\u00e9nyez. A t\u00f6lt\u0151g\u00e9p alkalmas\u00a0 cseppfoly\u00f3s Co2 g\u00e1zpalackb\u00f3l\u00a0t\u00f6rt\u00e9n\u0151 \u00e1tfejt\u00e9shez t\u00f6lt\u00e9shez. Alapmodellk\u00e9nt az egys\u00e9g maximum 4 kg-os kapacit\u00e1ssal rendelkez\u0151 t\u0171zolt\u00f3k\u00e9sz\u00fcl\u00e9kek, bels\u0151 \u00e9s k\u00fcls\u0151 sz\u00e9ndioxidpalackok t\u00f6lt\u00e9s\u00e9re alkalmas. Kieg\u00e9sz\u00edt\u0151kkel nagyobb g\u00e1zpalack t\u00f6lt\u00e9se illetve ak\u00e1r kriog\u00e9n tart\u00e1lyb\u00f3l t\u00f6rt\u00e9n\u0151 t\u00f6lt\u00e9s is el\u00e9rhet\u0151. Speci\u00e1lis modell\u00fcnk alkalmas Nitrog\u00e9n+Sz\u00e9ndioxid t\u00f6lt\u00e9s\u00e9re is. A megold\u00e1s kulcsrak\u00e9sz m\u00f3don minden sz\u00fcks\u00e9ges egys\u00e9get tartalmaz.<\/p>\n<p><strong>99 D3 SODA (MCBE035\/011-1PH<\/strong>):\u00a01 f\u00e1zis\u00fa, 180 kg\/\u00f3ra CO2 t\u00f6lt\u00e9si kapacit\u00e1s.<\/p>\n<p><strong>99 D3 SODA (MCBE035-011-3PH):\u00a0<\/strong>1 f\u00e1zis\u00fa, 180 kg\/\u00f3ra CO2 t\u00f6lt\u00e9si kapacit\u00e1s.<\/p>\n<p><strong>99 D3 SODA (MCBE035-022):<\/strong>\u00a03 f\u00e1zis\u00fa. 180 \/ 360 kg\/h CO2 t\u00f6lt\u00e9si kapacit\u00e1s.<strong><br \/>\n<\/strong><\/p>\n<p>&nbsp;<\/p>\n<hr \/>\n<p><strong>Let\u00f6lthet\u0151 anyagok<\/strong><\/p>\n<ul>\n<li><a href=\"https:\/\/pwent.eu\/wp-content\/uploads\/2016\/04\/99D3_transfer_unit.pdf\" rel=\"\">99D3_CO2 t\u00f6lt\u0151 \u00e9s visszanyer\u0151 pumpa<\/a><\/li>\n<\/ul>","protected":false},"excerpt":{"rendered":"<p>A t\u00f6lt\u0151g\u00e9p alkalmas cseppfoly\u00f3s sz\u00e9ndioxid g\u00e1zpalackb\u00f3l t\u00f6rt\u00e9n\u0151 \u00e1tfejt\u00e9shez t\u00f6lt\u00e9shez.\u00a0M\u00e9rleggel szerelt teljes CO2 t\u00f6lt\u0151 \u00e1tfejt\u0151 \u00e1llom\u00e1s (150-360 kg\/\u00f3ra) g\u00e1zpalackok t\u0171zolt\u00f3k\u00e9sz\u00fcl\u00e9kek, bels\u0151 k\u00fcls\u0151 CO2 patronok t\u00f6lt\u00e9s\u00e9hez<\/p>","protected":false},"featured_media":415,"template":"","meta":[],"product_brand":[],"product_cat":[69,33,31],"product_tag":[87,104,91],"class_list":{"0":"post-353","1":"product","2":"type-product","3":"status-publish","4":"has-post-thumbnail","6":"product_cat-co2-tolto-es-atfejto-gepek","7":"product_cat-muhely-szendioxiddal-olto-keszulekhez","8":"product_cat-termekek","9":"product_tag-co2","10":"product_tag-patron","11":"product_tag-szendioxid","13":"first","14":"instock","15":"shipping-taxable","16":"purchasable","17":"product-type-variable"},"_links":{"self":[{"href":"https:\/\/pwent.lionstackailab.hu\/es\/wp-json\/wp\/v2\/product\/353","targetHints":{"allow":["GET"]}}],"collection":[{"href":"https:\/\/pwent.lionstackailab.hu\/es\/wp-json\/wp\/v2\/product"}],"about":[{"href":"https:\/\/pwent.lionstackailab.hu\/es\/wp-json\/wp\/v2\/types\/product"}],"wp:featuredmedia":[{"embeddable":true,"href":"https:\/\/pwent.lionstackailab.hu\/es\/wp-json\/wp\/v2\/media\/415"}],"wp:attachment":[{"href":"https:\/\/pwent.lionstackailab.hu\/es\/wp-json\/wp\/v2\/media?parent=353"}],"wp:term":[{"taxonomy":"product_brand","embeddable":true,"href":"https:\/\/pwent.lionstackailab.hu\/es\/wp-json\/wp\/v2\/product_brand?post=353"},{"taxonomy":"product_cat","embeddable":true,"href":"https:\/\/pwent.lionstackailab.hu\/es\/wp-json\/wp\/v2\/product_cat?post=353"},{"taxonomy":"product_tag","embeddable":true,"href":"https:\/\/pwent.lionstackailab.hu\/es\/wp-json\/wp\/v2\/product_tag?post=353"}],"curies":[{"name":"wp","href":"https:\/\/api.w.org\/{rel}","templated":true}]}}