{"id":352,"date":"2026-03-19T13:33:15","date_gmt":"2026-03-19T13:33:15","guid":{"rendered":"https:\/\/pwent.lionstackailab.hu\/?post_type=product&#038;p=352"},"modified":"2026-03-19T13:34:42","modified_gmt":"2026-03-19T13:34:42","slug":"99-d3-co2-tolto-es-visszanyero-gep","status":"publish","type":"product","link":"https:\/\/pwent.lionstackailab.hu\/es\/termek\/99-d3-co2-tolto-es-visszanyero-gep\/","title":{"rendered":"99\/D3 CO2 t\u00f6lt\u0151- \u00e9s visszanyer\u0151 g\u00e9p"},"content":{"rendered":"<p>Az \u00e1raml\u00e1si sebess\u00e9g = \u00a0150 Kg\/h. A t\u00f6lt\u0151g\u00e9p alkalmas cseppfoly\u00f3s sz\u00e9ndioxid g\u00e1zpalackb\u00f3l t\u00f6rt\u00e9n\u0151 \u00e1tfejt\u00e9shez t\u00f6lt\u00e9shez.<\/p>\n<p>Alapmodellk\u00e9nt az egys\u00e9g maximum 4 kg-os \u00a0kapacit\u00e1ssal rendelkez\u0151 t\u0171zolt\u00f3k\u00e9sz\u00fcl\u00e9kek, bels\u0151 \u00e9s k\u00fcls\u0151 sz\u00e9ndioxidpalackok t\u00f6lt\u00e9s\u00e9re alkalmas. Kieg\u00e9sz\u00edt\u0151kkel nagyobb g\u00e1zpalack t\u00f6lt\u00e9se illetve ak\u00e1r kriog\u00e9n tart\u00e1lyb\u00f3l t\u00f6rt\u00e9n\u0151 t\u00f6lt\u00e9s is el\u00e9rhet\u0151. Speci\u00e1lis modell\u00fcnk alkalmas Nitrog\u00e9n+Sz\u00e9ndioxid t\u00f6lt\u00e9s\u00e9re is. A megold\u00e1s kulcsrak\u00e9sz m\u00f3don minden sz\u00fcks\u00e9ges egys\u00e9get tartalmaz.<\/p>\n<p><strong>(99D3\/MCBE008-1 PH):\u00a0<\/strong>1 f\u00e1zis. \u00c1raml\u00e1si sebess\u00e9g 150 kg\/h . \u00a0Fesz\u00fclts\u00e9g\/ Frekvencia: 230\/50 volt \/Hz.<\/p>\n<p><strong>(99D3\/MCBE009-3 PH):<\/strong>3 f\u00e1zis. \u00c1raml\u00e1si sebess\u00e9g 150 kg\/h. Fesz\u00fclts\u00e9g\/Frekvencia: 400\/50 Volt\/ Hz.<\/p>\n<p><strong>(99D3\/MCBE013-1 PH):\u00a0<\/strong>1 f\u00e1zis. \u00c1raml\u00e1si sebess\u00e9g: 150 kg\/h. Fesz\u00fclts\u00e9g\/Frekvencia: 230\/50 Volt\/ Hz.<\/p>\n<p><strong>(99D3\/MCBE014-3 PH):\u00a0<\/strong>3 f\u00e1zis. \u00c1raml\u00e1si sebess\u00e9g \u00a0300 kg\/h. Fesz\u00fclts\u00e9g\/Frekvencia 400\/50 Volt\/ Hz.<\/p>\n<p><strong>(99D3\/MCBE017-1 PH):\u00a0<\/strong>1 f\u00e1zis. \u00c1raml\u00e1si sebess\u00e9g 60- 360 kg\/h. Fesz\u00fclts\u00e9g\/Frekvencia: 230\/50 \u00a0Volt\/ Hz.<\/p>\n<p><strong>(99D3\/MCBE018-3 PH):<\/strong>3 f\u00e1zis. \u00c1raml\u00e1si sebess\u00e9g 60- 360 kg\/h. \u00a0Fesz\u00fclts\u00e9g\/Frekvencia 400\/50 Volt\/ Hz.<\/p>\n<hr \/>\n<h3>Let\u00f6lthet\u0151 anyagok<\/h3>\n<ul>\n<li><a href=\"https:\/\/pwent.eu\/wp-content\/uploads\/2016\/04\/99D3_transfer_unit.pdf\" rel=\"\">99D3_CO2 t\u00f6lt\u00e9s \u00e9s visszayner\u00e9s<\/a><\/li>\n<\/ul>","protected":false},"excerpt":{"rendered":"<p>A t\u00f6lt\u0151g\u00e9p alkalmas cseppfoly\u00f3s sz\u00e9ndioxid g\u00e1zpalackb\u00f3l t\u00f6rt\u00e9n\u0151 \u00e1tfejt\u00e9shez t\u00f6lt\u00e9shez.Az \u00e1raml\u00e1si sebess\u00e9g = \u00a0150-360 kg\/\u00f3ra<\/p>","protected":false},"featured_media":413,"template":"","meta":[],"product_brand":[],"product_cat":[69,33,31],"product_tag":[],"class_list":{"0":"post-352","1":"product","2":"type-product","3":"status-publish","4":"has-post-thumbnail","6":"product_cat-co2-tolto-es-atfejto-gepek","7":"product_cat-muhely-szendioxiddal-olto-keszulekhez","8":"product_cat-termekek","10":"first","11":"instock","12":"shipping-taxable","13":"purchasable","14":"product-type-variable"},"_links":{"self":[{"href":"https:\/\/pwent.lionstackailab.hu\/es\/wp-json\/wp\/v2\/product\/352","targetHints":{"allow":["GET"]}}],"collection":[{"href":"https:\/\/pwent.lionstackailab.hu\/es\/wp-json\/wp\/v2\/product"}],"about":[{"href":"https:\/\/pwent.lionstackailab.hu\/es\/wp-json\/wp\/v2\/types\/product"}],"wp:featuredmedia":[{"embeddable":true,"href":"https:\/\/pwent.lionstackailab.hu\/es\/wp-json\/wp\/v2\/media\/413"}],"wp:attachment":[{"href":"https:\/\/pwent.lionstackailab.hu\/es\/wp-json\/wp\/v2\/media?parent=352"}],"wp:term":[{"taxonomy":"product_brand","embeddable":true,"href":"https:\/\/pwent.lionstackailab.hu\/es\/wp-json\/wp\/v2\/product_brand?post=352"},{"taxonomy":"product_cat","embeddable":true,"href":"https:\/\/pwent.lionstackailab.hu\/es\/wp-json\/wp\/v2\/product_cat?post=352"},{"taxonomy":"product_tag","embeddable":true,"href":"https:\/\/pwent.lionstackailab.hu\/es\/wp-json\/wp\/v2\/product_tag?post=352"}],"curies":[{"name":"wp","href":"https:\/\/api.w.org\/{rel}","templated":true}]}}