{"id":349,"date":"2026-03-19T13:33:15","date_gmt":"2026-03-19T13:33:15","guid":{"rendered":"https:\/\/pwent.lionstackailab.hu\/?post_type=product&#038;p=349"},"modified":"2026-03-19T13:34:27","modified_gmt":"2026-03-19T13:34:27","slug":"etw-elektronikus-merlegek-tolteshez-ellenorzeshez","status":"publish","type":"product","link":"https:\/\/pwent.lionstackailab.hu\/es\/termek\/etw-elektronikus-merlegek-tolteshez-ellenorzeshez\/","title":{"rendered":"ETW elektronikus m\u00e9rlegek t\u00f6lt\u00e9shez ellen\u0151rz\u00e9shez"},"content":{"rendered":"<div>Maxim\u00e1lis terhelhet\u0151s\u00e9g: 100-300 kg, m\u00e9r\u00e9si pontoss\u00e1g: 10-20 g. Az ETW sorozattal pontosan megm\u00e9rheti \u00e9s ellen\u0151rizheti az olt\u00f3k\u00e9sz\u00fcl\u00e9k \u00a0s\u00faly\u00e1t t\u00f6lt\u00e9s k\u00f6zben. A m\u00e9rleg id\u0151szakos vizsg\u00e1latokhoz is haszn\u00e1lhat\u00f3. A m\u00e9rlegek digit\u00e1lis kijelz\u0151vel, adatkapcsolattal, TARA \u00e9s brutt\u00f3\/nett\u00f3 s\u00faly funkci\u00f3val, \u00fajrat\u00f6lthet\u0151 akkumul\u00e1torral rendelkeznek.<\/div>\n<div><\/div>\n<div><\/div>\n<div><strong>ETW 100<\/strong>\u00a0(MZWE202) &#8211; max 100 kg, 10 gr division, 440 x 330\u00a0mm<\/div>\n<div><strong>ETW100<\/strong> -VIF (MZWE203) &#8211; max 100 kg, 10 gr division, 440 x 330 mm, VIF\/BIL manual vice<\/div>\n<div><strong>ETW150<\/strong>\u00a0(MZWE 226) &#8211; max 150 kg, 10 gr division, 520 x 420 mm<\/div>\n<div><strong>ETW300<\/strong> (MZWE231) &#8211; max 300 kg, 20 gr division, 900 x 550 mm<\/div>\n<div><\/div>\n<hr \/>\n<p><strong>Let\u00f6lthet\u0151 anyagok<\/strong><\/p>\n<ul>\n<li><a href=\"https:\/\/pwent.eu\/wp-content\/uploads\/2016\/04\/ETW_Scales.pdf\" rel=\"\">SCALES &#8211; M\u00e9rlegek ETW sorozat<\/a><\/li>\n<\/ul>\n<p>&nbsp;<\/p>","protected":false},"excerpt":{"rendered":"<p>Az ETW sorozattal pontosan megm\u00e9rheti \u00e9s ellen\u0151rizheti az olt\u00f3k\u00e9sz\u00fcl\u00e9k s\u00faly\u00e1t t\u00f6lt\u00e9s k\u00f6zben. maxim\u00e1lis s\u00faly 100-300 kg, 10\/20 grammos oszt\u00e1ssal<\/p>","protected":false},"featured_media":410,"template":"","meta":[],"product_brand":[],"product_cat":[75,70,31],"product_tag":[72,99],"class_list":{"0":"post-349","1":"product","2":"type-product","3":"status-publish","4":"has-post-thumbnail","6":"product_cat-kiegeszitok","7":"product_cat-merlegek-meroeszkozok","8":"product_cat-termekek","9":"product_tag-merleg","10":"product_tag-toltes","12":"first","13":"instock","14":"featured","15":"shipping-taxable","16":"purchasable","17":"product-type-variable"},"_links":{"self":[{"href":"https:\/\/pwent.lionstackailab.hu\/es\/wp-json\/wp\/v2\/product\/349","targetHints":{"allow":["GET"]}}],"collection":[{"href":"https:\/\/pwent.lionstackailab.hu\/es\/wp-json\/wp\/v2\/product"}],"about":[{"href":"https:\/\/pwent.lionstackailab.hu\/es\/wp-json\/wp\/v2\/types\/product"}],"wp:featuredmedia":[{"embeddable":true,"href":"https:\/\/pwent.lionstackailab.hu\/es\/wp-json\/wp\/v2\/media\/410"}],"wp:attachment":[{"href":"https:\/\/pwent.lionstackailab.hu\/es\/wp-json\/wp\/v2\/media?parent=349"}],"wp:term":[{"taxonomy":"product_brand","embeddable":true,"href":"https:\/\/pwent.lionstackailab.hu\/es\/wp-json\/wp\/v2\/product_brand?post=349"},{"taxonomy":"product_cat","embeddable":true,"href":"https:\/\/pwent.lionstackailab.hu\/es\/wp-json\/wp\/v2\/product_cat?post=349"},{"taxonomy":"product_tag","embeddable":true,"href":"https:\/\/pwent.lionstackailab.hu\/es\/wp-json\/wp\/v2\/product_tag?post=349"}],"curies":[{"name":"wp","href":"https:\/\/api.w.org\/{rel}","templated":true}]}}