{"id":347,"date":"2026-03-19T13:33:15","date_gmt":"2026-03-19T13:33:15","guid":{"rendered":"https:\/\/pwent.lionstackailab.hu\/?post_type=product&#038;p=347"},"modified":"2026-03-19T13:33:35","modified_gmt":"2026-03-19T13:33:35","slug":"vif-sorozat-kezi-satuk-tuzoltokeszulekekhez","status":"publish","type":"product","link":"https:\/\/pwent.lionstackailab.hu\/es\/termek\/vif-sorozat-kezi-satuk-tuzoltokeszulekekhez\/","title":{"rendered":"VIF sorozat, k\u00e9zi satuk t\u0171zolt\u00f3k\u00e9sz\u00fcl\u00e9kekhez"},"content":{"rendered":"<p>A Porral-olt\u00f3 \u00e9s sz\u00e9ndioxiddal olt\u00f3 t\u0171zolt\u00f3k\u00e9sz\u00fcl\u00e9kek biztons\u00e1gos karbantart\u00e1s\u00e1hoz t\u00f6bbf\u00e9le kivitel\u0171 k\u00e9zi szor\u00edt\u00f3.<\/p>\n<p><strong>VIF Swinger (MZW015)<\/strong>: Forgathat\u00f3 k\u00e9zi\u00a0satu hordozhat\u00f3 t\u0171zolt\u00f3k\u00e9sz\u00fcl\u00e9kekhez<\/p>\n<p><strong>VIF (MZV001):<\/strong>\u00a0K\u00e9zi szor\u00edt\u00f3, alapkivitel, hordozhat\u00f3 t\u0171zolt\u00f3k\u00e9sz\u00fcl\u00e9kekhez<\/p>\n<p><strong>VIF\/BIL (MZV002):\u00a0<\/strong>Manu\u00e1lisan mozgathat\u00f3 satu m\u00e9rlegre szerelhet\u0151, v\u00edzszintes<\/p>\n<p><strong>VIF\/BIL1 (MZV004):<\/strong> Manu\u00e1lisan mozgathat\u00f3 satu m\u00e9rlegre szerelhet\u0151, \u00e1ll\u00f3 kivitel<\/p>\n<p>&nbsp;<\/p>\n<hr \/>\n<p><strong>Let\u00f6lthet\u0151 anyagok<\/strong><\/p>\n<ul>\n<li><a href=\"https:\/\/pwent.eu\/wp-content\/uploads\/2016\/04\/VIF-manual_vices-1.pdf\" rel=\"\">VIF K\u00c9ZI SZOR\u00cdT\u00d3 porral- \u00e9s sz\u00e9ndioxiddal olt\u00f3 t\u0171zolt\u00f3k\u00e9sz\u00fcl\u00e9kekhez<\/a><\/li>\n<\/ul>\n<p>&nbsp;<\/p>","protected":false},"excerpt":{"rendered":"<p>Porralolt\u00f3 \u00e9s sz\u00e9ndioxiddal olt\u00f3 t\u0171zolt\u00f3k\u00e9sz\u00fcl\u00e9kek biztons\u00e1gos karbantart\u00e1s\u00e1hoz t\u00f6bbf\u00e9le kivitel\u0171 k\u00e9zi szor\u00edt\u00f3 (v\u00edzszintes, f\u00fcgg\u0151leges, forgathat\u00f3, \u00e1lv\u00e1nnyal, \u00e1lv\u00e1ny n\u00e9lk\u00fcl&#8230;)<\/p>","protected":false},"featured_media":388,"template":"","meta":[],"product_brand":[],"product_cat":[75,76,79],"product_tag":[95,96,68],"class_list":{"0":"post-347","1":"product","2":"type-product","3":"status-publish","4":"has-post-thumbnail","6":"product_cat-kiegeszitok","7":"product_cat-mobil-karbantarto-allomas","8":"product_cat-portoltes-es-porvisszanyeres","9":"product_tag-kezi-szorito","10":"product_tag-satu","11":"product_tag-tuzoltokeszulek","13":"first","14":"instock","15":"shipping-taxable","16":"purchasable","17":"product-type-simple"},"_links":{"self":[{"href":"https:\/\/pwent.lionstackailab.hu\/es\/wp-json\/wp\/v2\/product\/347","targetHints":{"allow":["GET"]}}],"collection":[{"href":"https:\/\/pwent.lionstackailab.hu\/es\/wp-json\/wp\/v2\/product"}],"about":[{"href":"https:\/\/pwent.lionstackailab.hu\/es\/wp-json\/wp\/v2\/types\/product"}],"wp:featuredmedia":[{"embeddable":true,"href":"https:\/\/pwent.lionstackailab.hu\/es\/wp-json\/wp\/v2\/media\/388"}],"wp:attachment":[{"href":"https:\/\/pwent.lionstackailab.hu\/es\/wp-json\/wp\/v2\/media?parent=347"}],"wp:term":[{"taxonomy":"product_brand","embeddable":true,"href":"https:\/\/pwent.lionstackailab.hu\/es\/wp-json\/wp\/v2\/product_brand?post=347"},{"taxonomy":"product_cat","embeddable":true,"href":"https:\/\/pwent.lionstackailab.hu\/es\/wp-json\/wp\/v2\/product_cat?post=347"},{"taxonomy":"product_tag","embeddable":true,"href":"https:\/\/pwent.lionstackailab.hu\/es\/wp-json\/wp\/v2\/product_tag?post=347"}],"curies":[{"name":"wp","href":"https:\/\/api.w.org\/{rel}","templated":true}]}}