{"id":344,"date":"2026-03-19T13:33:15","date_gmt":"2026-03-19T13:33:15","guid":{"rendered":"https:\/\/pwent.lionstackailab.hu\/?post_type=product&#038;p=344"},"modified":"2026-03-19T13:33:32","modified_gmt":"2026-03-19T13:33:32","slug":"n7-1fh-e-mobil-elektromos-mobil-nyomasprobapad-tuzoltokeszulekekhez","status":"publish","type":"product","link":"https:\/\/pwent.lionstackailab.hu\/es\/termek\/n7-1fh-e-mobil-elektromos-mobil-nyomasprobapad-tuzoltokeszulekekhez\/","title":{"rendered":"N7\/1FH-E mobil elektromos mobil nyom\u00e1spr\u00f3bapad t\u0171zolt\u00f3k\u00e9sz\u00fcl\u00e9kekhez"},"content":{"rendered":"<p>Max nyom\u00e1s: 10-50, g\u00e1zplackok sz\u00e1ma 1.Hordozhat\u00f3 nagyteljes\u00edtm\u00e9ny\u0171 megb\u00edzhat\u00f3 rugalmas elektromos nyom\u00f3pumpa.A pump\u00e1val k\u00f6nnyed\u00e9n el\u00e9rheti a t\u0171zolt\u00f3k\u00e9sz\u00fcl\u00e9kek<\/p>\n<p>\u00e9s t\u0171zolt\u00f3t\u00f6ml\u0151k pr\u00f3banyom\u00e1s\u00e9rt\u00e9k\u00e9t. A speci\u00e1lis 3 kerek\u0171 kialak\u00edt\u00e1s miatt k\u00f6nnyen el\u00e9rheti a helysz\u00ednre sz\u00e1ll\u00edthatja a pump\u00e1t.<\/p>\n<hr \/>\n<p><strong>Let\u00f6lthet\u0151 anyagok<\/strong><\/p>\n<ul>\n<li><a href=\"https:\/\/pwent.eu\/wp-content\/uploads\/2016\/04\/N71-FH-E_ing.pdf\" rel=\"\">N71-FH E elektronikus nyom\u00f3pumpa t\u0171zolt\u00f3k\u00e9sz\u00fcl\u00e9kekhez<\/a><\/li>\n<\/ul>","protected":false},"excerpt":{"rendered":"<p>G\u00e1zpalackok sz\u00e1ma: 1. Max nyom\u00e1s:50 bar. Hordozhat\u00f3 nagy teljes\u00edtm\u00e9ny\u0171 megb\u00edzhat\u00f3\u00a0rugalmas elektromos nyom\u00f3pumpa<\/p>","protected":false},"featured_media":382,"template":"","meta":[],"product_brand":[],"product_cat":[32,40,64,31],"product_tag":[80,44,68],"class_list":{"0":"post-344","1":"product","2":"type-product","3":"status-publish","4":"has-post-thumbnail","6":"product_cat-gazpalack-nyomasproba-es-felujitas","7":"product_cat-gazpalack-nyomasproba-rampa","8":"product_cat-nyomasproba-szivattyu","9":"product_cat-termekek","10":"product_tag-mobil","11":"product_tag-nyomopad","12":"product_tag-tuzoltokeszulek","14":"first","15":"instock","16":"shipping-taxable","17":"purchasable","18":"product-type-simple"},"_links":{"self":[{"href":"https:\/\/pwent.lionstackailab.hu\/es\/wp-json\/wp\/v2\/product\/344","targetHints":{"allow":["GET"]}}],"collection":[{"href":"https:\/\/pwent.lionstackailab.hu\/es\/wp-json\/wp\/v2\/product"}],"about":[{"href":"https:\/\/pwent.lionstackailab.hu\/es\/wp-json\/wp\/v2\/types\/product"}],"wp:featuredmedia":[{"embeddable":true,"href":"https:\/\/pwent.lionstackailab.hu\/es\/wp-json\/wp\/v2\/media\/382"}],"wp:attachment":[{"href":"https:\/\/pwent.lionstackailab.hu\/es\/wp-json\/wp\/v2\/media?parent=344"}],"wp:term":[{"taxonomy":"product_brand","embeddable":true,"href":"https:\/\/pwent.lionstackailab.hu\/es\/wp-json\/wp\/v2\/product_brand?post=344"},{"taxonomy":"product_cat","embeddable":true,"href":"https:\/\/pwent.lionstackailab.hu\/es\/wp-json\/wp\/v2\/product_cat?post=344"},{"taxonomy":"product_tag","embeddable":true,"href":"https:\/\/pwent.lionstackailab.hu\/es\/wp-json\/wp\/v2\/product_tag?post=344"}],"curies":[{"name":"wp","href":"https:\/\/api.w.org\/{rel}","templated":true}]}}