{"id":342,"date":"2026-03-19T13:33:15","date_gmt":"2026-03-19T13:33:15","guid":{"rendered":"https:\/\/pwent.lionstackailab.hu\/?post_type=product&#038;p=342"},"modified":"2026-03-19T13:33:27","modified_gmt":"2026-03-19T13:33:27","slug":"ht35-nyomopad-porralolto-keszulekek-nyomasprobajahoz","status":"publish","type":"product","link":"https:\/\/pwent.lionstackailab.hu\/es\/termek\/ht35-nyomopad-porralolto-keszulekek-nyomasprobajahoz\/","title":{"rendered":"HT35 nyom\u00f3pad porralolt\u00f3 k\u00e9sz\u00fcl\u00e9kek nyom\u00e1spr\u00f3b\u00e1j\u00e1hoz"},"content":{"rendered":"<div>\n<div>Maxim\u00e1lis nyom\u00e1s: 50 bar\u00a0Palack\u00e1ll\u00e1sok sz\u00e1ma: 1 db\u00a0Kapacit\u00e1s: 12 palack\/\u00f3ra ( 6kg-os olt\u00f3).\u00a0K\u00e9zi satuval, nyom\u00f3pump\u00e1val\u00a0felszerelt 1 \u00e1ll\u00e1sos tesztpad.rendelkezik. Alkalmas helysz\u00ednen t\u00f6rt\u00e9n\u0151 nyom\u00e1spr\u00f3b\u00e1z\u00e1shoz. 100 liter visszanyer\u0151 tart\u00e1ly. M30 x 1,5 csatlakoz\u00e1s alapki\u00e9p\u00edt\u00e9sben.<\/div>\n<\/div>\n<hr \/>\n<p><strong>Let\u00f6lthet\u0151 anyagok<\/strong><\/p>\n<ul>\n<li><a href=\"https:\/\/pwent.eu\/wp-content\/uploads\/2016\/05\/HT35_hydraulic_testing-1.pdf\" rel=\"\">HT35_hidraulikus_teszt<\/a><\/li>\n<\/ul>","protected":false},"excerpt":{"rendered":"<p>Maxim\u00e1lis nyom\u00e1s: 50 bar\u00a0Palack\u00e1ll\u00e1sok sz\u00e1ma: 1 db\u00a0Kapacit\u00e1s: 12 palack\/\u00f3ra ( 6kg-os olt\u00f3). K\u00f6nny\u00fa, gyors, biztons\u00e1gos nyom\u00e1spr\u00f3ba rendszer porralolt\u00f3 palackok sz\u00e1m\u00e1ra<\/p>","protected":false},"featured_media":380,"template":"","meta":[],"product_brand":[],"product_cat":[32,40,36,31],"product_tag":[51,52,94,44],"class_list":{"0":"post-342","1":"product","2":"type-product","3":"status-publish","4":"has-post-thumbnail","6":"product_cat-gazpalack-nyomasproba-es-felujitas","7":"product_cat-gazpalack-nyomasproba-rampa","8":"product_cat-muhely-porralolto-keszulek-karbantartasahoz","9":"product_cat-termekek","10":"product_tag-1-allas","11":"product_tag-1-fazis","12":"product_tag-50-bar","13":"product_tag-nyomopad","15":"first","16":"instock","17":"shipping-taxable","18":"purchasable","19":"product-type-simple"},"_links":{"self":[{"href":"https:\/\/pwent.lionstackailab.hu\/es\/wp-json\/wp\/v2\/product\/342","targetHints":{"allow":["GET"]}}],"collection":[{"href":"https:\/\/pwent.lionstackailab.hu\/es\/wp-json\/wp\/v2\/product"}],"about":[{"href":"https:\/\/pwent.lionstackailab.hu\/es\/wp-json\/wp\/v2\/types\/product"}],"wp:featuredmedia":[{"embeddable":true,"href":"https:\/\/pwent.lionstackailab.hu\/es\/wp-json\/wp\/v2\/media\/380"}],"wp:attachment":[{"href":"https:\/\/pwent.lionstackailab.hu\/es\/wp-json\/wp\/v2\/media?parent=342"}],"wp:term":[{"taxonomy":"product_brand","embeddable":true,"href":"https:\/\/pwent.lionstackailab.hu\/es\/wp-json\/wp\/v2\/product_brand?post=342"},{"taxonomy":"product_cat","embeddable":true,"href":"https:\/\/pwent.lionstackailab.hu\/es\/wp-json\/wp\/v2\/product_cat?post=342"},{"taxonomy":"product_tag","embeddable":true,"href":"https:\/\/pwent.lionstackailab.hu\/es\/wp-json\/wp\/v2\/product_tag?post=342"}],"curies":[{"name":"wp","href":"https:\/\/api.w.org\/{rel}","templated":true}]}}