{"id":341,"date":"2026-03-19T13:33:15","date_gmt":"2026-03-19T13:33:15","guid":{"rendered":"https:\/\/pwent.lionstackailab.hu\/?post_type=product&#038;p=341"},"modified":"2026-03-19T13:33:26","modified_gmt":"2026-03-19T13:33:26","slug":"totem-bag-cargo-hasznalt-oltopor-visszanyerese-porraloltobol","status":"publish","type":"product","link":"https:\/\/pwent.lionstackailab.hu\/es\/termek\/totem-bag-cargo-hasznalt-oltopor-visszanyerese-porraloltobol\/","title":{"rendered":"TOTEM-BAG-CARGO haszn\u00e1lt olt\u00f3por visszanyer\u00e9se porralolt\u00f3b\u00f3l"},"content":{"rendered":"<p>A visszanyer\u00e9s k\u00f6zvetlen\u00fcl a porolt\u00f3 energi\u00e1j\u00e1t \u00e9s t\u00falnyom\u00e1s\u00e1t felhaszn\u00e1lva t\u00f6rt\u00e9nik, minden hajt\u00f3er\u0151 n\u00e9lk\u00fcl. A visszanyert olt\u00f3por BIG-BAG zs\u00e1kban gy\u0171lik.<\/p>\n<hr \/>\n<p><strong>Let\u00f6lthet\u0151 anyagok<\/strong><\/p>\n<ul>\n<li><a href=\"https:\/\/pwent.eu\/wp-content\/uploads\/2016\/04\/Totem-BAG-Cargo.pdf\" rel=\"\">Totem-BAG-Cargo k\u00f6lts\u00e9ghat\u00e9kony r\u00e9gi olt\u00f3por visszanyer\u00e9s BIG BAG-be.<\/a><\/li>\n<\/ul>","protected":false},"excerpt":{"rendered":"<p>A visszanyer\u00e9s k\u00f6zvetlen\u00fcl a porolt\u00f3 energi\u00e1j\u00e1t \u00e9s t\u00falnyom\u00e1s\u00e1t felhaszn\u00e1lva t\u00f6rt\u00e9nik, minden hajt\u00f3er\u0151 n\u00e9lk\u00fcl. A visszanyert olt\u00f3por BIG BAG zs\u00e1kban gy\u0171lik.<\/p>","protected":false},"featured_media":379,"template":"","meta":[],"product_brand":[],"product_cat":[36,79],"product_tag":[92],"class_list":{"0":"post-341","1":"product","2":"type-product","3":"status-publish","4":"has-post-thumbnail","6":"product_cat-muhely-porralolto-keszulek-karbantartasahoz","7":"product_cat-portoltes-es-porvisszanyeres","8":"product_tag-big-bag","10":"first","11":"instock","12":"shipping-taxable","13":"purchasable","14":"product-type-simple"},"_links":{"self":[{"href":"https:\/\/pwent.lionstackailab.hu\/es\/wp-json\/wp\/v2\/product\/341","targetHints":{"allow":["GET"]}}],"collection":[{"href":"https:\/\/pwent.lionstackailab.hu\/es\/wp-json\/wp\/v2\/product"}],"about":[{"href":"https:\/\/pwent.lionstackailab.hu\/es\/wp-json\/wp\/v2\/types\/product"}],"wp:featuredmedia":[{"embeddable":true,"href":"https:\/\/pwent.lionstackailab.hu\/es\/wp-json\/wp\/v2\/media\/379"}],"wp:attachment":[{"href":"https:\/\/pwent.lionstackailab.hu\/es\/wp-json\/wp\/v2\/media?parent=341"}],"wp:term":[{"taxonomy":"product_brand","embeddable":true,"href":"https:\/\/pwent.lionstackailab.hu\/es\/wp-json\/wp\/v2\/product_brand?post=341"},{"taxonomy":"product_cat","embeddable":true,"href":"https:\/\/pwent.lionstackailab.hu\/es\/wp-json\/wp\/v2\/product_cat?post=341"},{"taxonomy":"product_tag","embeddable":true,"href":"https:\/\/pwent.lionstackailab.hu\/es\/wp-json\/wp\/v2\/product_tag?post=341"}],"curies":[{"name":"wp","href":"https:\/\/api.w.org\/{rel}","templated":true}]}}