{"id":303,"date":"2026-03-19T13:32:54","date_gmt":"2026-03-19T13:32:54","guid":{"rendered":"https:\/\/pwent.lionstackailab.hu\/?post_type=product&#038;p=303"},"modified":"2026-03-19T13:35:34","modified_gmt":"2026-03-19T13:35:34","slug":"skid-ac-fg8-mobil-co2-es-portolto-berendezes-tuzoltokeszulekek-karbantartasahoz","status":"publish","type":"product","link":"https:\/\/pwent.lionstackailab.hu\/es\/termek\/skid-ac-fg8-mobil-co2-es-portolto-berendezes-tuzoltokeszulekek-karbantartasahoz\/","title":{"rendered":"SKID AC\/FG8 Mobil CO2- \u00e9s port\u00f6lt\u0151 berendez\u00e9s  t\u0171zolt\u00f3k\u00e9sz\u00fcl\u00e9kek karbantart\u00e1s\u00e1hoz"},"content":{"rendered":"<p>Kapacit\u00e1s: 120 porolt\u00f3\/ \u00f3ra.\u00a0 Porsz\u00e1ll\u00edt\u00e1s: 8-10 kg\/perc. CO2 sz\u00e1ll\u00edt\u00e1s: 420 kg\/ \u00f3ra. S\u0171r\u00edtett leveg\u0151: 8 bar. Elektromos\u00a0 teljes\u00edtm\u00e9ny: 2,5 KW. SKIDAC\/FG8 egy hordozhat\u00f3 egys\u00e9g, amely minden fontos elemet tartalmaz ahhoz hogy a sz\u00e9nidoxid- \u00e9s a porral-olt\u00f3 k\u00e9sz\u00fcl\u00e9kek szerviz\u00e9t a helysz\u00ednen el lehessen v\u00e9gezni.<\/p>\n<ul>\n<li>S\u0171r\u00edtett leveg\u0151t el\u0151\u00e1ll\u00edt\u00f3 kompresszor<\/li>\n<li>CO2 pumpa<\/li>\n<li>Port\u00f6lt\u0151 \u00e9s visszanyer\u0151 berendez\u00e9s<\/li>\n<li>Pneumatikus satu<\/li>\n<li>Be\u00e9p\u00edtett fi\u00f3kok<\/li>\n<li>&#8230;<\/li>\n<\/ul>\n<hr \/>\n<p>&nbsp;<\/p>\n<p><strong>Let\u00f6lt\u00e9s<\/strong><\/p>\n<ul>\n<li><a href=\"https:\/\/pwent.eu\/wp-content\/uploads\/2016\/05\/SKID_AC-FG8_transp_unit-1.pdf\" rel=\"\">SKID AC\/FG8 mobil karbantart\u00f3 \u00e1llom\u00e1s<\/a><\/li>\n<\/ul>","protected":false},"excerpt":{"rendered":"<p><span style=\"font-size: medium;\">SKID AC\/FG8 egy <\/span>hordozhat\u00f3 egys\u00e9g, amely minden fontos elemet tartalmaz ahhoz hogy a sz\u00e9nidoxid- \u00e9s a porral-olt\u00f3 k\u00e9sz\u00fcl\u00e9kek szerviz\u00e9t a helysz\u00ednen el lehessen v\u00e9gezni.<\/p>\n<hr \/>\n<p>&nbsp;<\/p>","protected":false},"featured_media":368,"template":"","meta":[],"product_brand":[],"product_cat":[76,36,79,31],"product_tag":[87,88,80,89,90,91],"class_list":{"0":"post-303","1":"product","2":"type-product","3":"status-publish","4":"has-post-thumbnail","6":"product_cat-mobil-karbantarto-allomas","7":"product_cat-muhely-porralolto-keszulek-karbantartasahoz","8":"product_cat-portoltes-es-porvisszanyeres","9":"product_cat-termekek","10":"product_tag-co2","11":"product_tag-karbantartas","12":"product_tag-mobil","13":"product_tag-muhely","14":"product_tag-paletta","15":"product_tag-szendioxid","17":"first","18":"instock","19":"featured","20":"shipping-taxable","21":"purchasable","22":"product-type-variable"},"_links":{"self":[{"href":"https:\/\/pwent.lionstackailab.hu\/es\/wp-json\/wp\/v2\/product\/303","targetHints":{"allow":["GET"]}}],"collection":[{"href":"https:\/\/pwent.lionstackailab.hu\/es\/wp-json\/wp\/v2\/product"}],"about":[{"href":"https:\/\/pwent.lionstackailab.hu\/es\/wp-json\/wp\/v2\/types\/product"}],"wp:featuredmedia":[{"embeddable":true,"href":"https:\/\/pwent.lionstackailab.hu\/es\/wp-json\/wp\/v2\/media\/368"}],"wp:attachment":[{"href":"https:\/\/pwent.lionstackailab.hu\/es\/wp-json\/wp\/v2\/media?parent=303"}],"wp:term":[{"taxonomy":"product_brand","embeddable":true,"href":"https:\/\/pwent.lionstackailab.hu\/es\/wp-json\/wp\/v2\/product_brand?post=303"},{"taxonomy":"product_cat","embeddable":true,"href":"https:\/\/pwent.lionstackailab.hu\/es\/wp-json\/wp\/v2\/product_cat?post=303"},{"taxonomy":"product_tag","embeddable":true,"href":"https:\/\/pwent.lionstackailab.hu\/es\/wp-json\/wp\/v2\/product_tag?post=303"}],"curies":[{"name":"wp","href":"https:\/\/api.w.org\/{rel}","templated":true}]}}