{"id":300,"date":"2026-03-19T13:32:53","date_gmt":"2026-03-19T13:32:53","guid":{"rendered":"https:\/\/pwent.lionstackailab.hu\/?post_type=product&#038;p=300"},"modified":"2026-03-19T13:33:18","modified_gmt":"2026-03-19T13:33:18","slug":"totem-matic-oltopor-automata-toltoegyseg","status":"publish","type":"product","link":"https:\/\/pwent.lionstackailab.hu\/es\/termek\/totem-matic-oltopor-automata-toltoegyseg\/","title":{"rendered":"TOTEM MATIC olt\u00f3por automata t\u00f6lt\u0151egys\u00e9g"},"content":{"rendered":"<p>Teljes\u00edtm\u00e9ny: 200-220 porolt\u00f3\/nap, mobil kiv\u00e9tel. A rendszer a TOTEM-TS tov\u00e1bbfejlesztve PLC vez\u00e9rl\u00e9ssel \u00e9s ebbe integr\u00e1ltunk bele egy m\u00e9rleget amely a t\u00f6lt\u00e9si folyamatot meg\u00e1ll\u00edtja a k\u00edv\u00e1nt s\u00faly el\u00e9r\u00e9s\u00e9n\u00e9l. Ide\u00e1lis akkor ha sok ugyanolyan kapacit\u00e1s\u00fa t\u0171zolt\u00f3k\u00e9sz\u00fcl\u00e9ket tart karban.<\/p>\n<hr \/>\n<p><strong>Let\u00f6lthet\u0151 anyagok<\/strong><\/p>\n<ul>\n<li><a href=\"https:\/\/pwent.eu\/wp-content\/uploads\/2016\/04\/Totem-MATIC.pdf\" rel=\"\">Totem MATIC automata olt\u00f3por t\u00f6lt\u0151 \u00e9s visszanyer\u0151 g\u00e9p<\/a><\/li>\n<\/ul>","protected":false},"excerpt":{"rendered":"<p>Teljes\u00edtm\u00e9ny: 200-220 porolt\u00f3\/nap, mobil kiv\u00e9tel. A rendszer a TOTEM-TS tov\u00e1bbfejlesztve PLC vez\u00e9rl\u00e9ssel \u00e9s ebbe integr\u00e1ltunk bele egy m\u00e9rleget amely a t\u00f6lt\u00e9si folyamatot meg\u00e1ll\u00edtja a k\u00edv\u00e1nt s\u00faly el\u00e9r\u00e9s\u00e9n\u00e9l<\/p>","protected":false},"featured_media":365,"template":"","meta":[],"product_brand":[],"product_cat":[36,79],"product_tag":[42,72,81],"class_list":{"0":"post-300","1":"product","2":"type-product","3":"status-publish","4":"has-post-thumbnail","6":"product_cat-muhely-porralolto-keszulek-karbantartasahoz","7":"product_cat-portoltes-es-porvisszanyeres","8":"product_tag-automata","9":"product_tag-merleg","10":"product_tag-portoltes","12":"first","13":"instock","14":"shipping-taxable","15":"purchasable","16":"product-type-simple"},"_links":{"self":[{"href":"https:\/\/pwent.lionstackailab.hu\/es\/wp-json\/wp\/v2\/product\/300","targetHints":{"allow":["GET"]}}],"collection":[{"href":"https:\/\/pwent.lionstackailab.hu\/es\/wp-json\/wp\/v2\/product"}],"about":[{"href":"https:\/\/pwent.lionstackailab.hu\/es\/wp-json\/wp\/v2\/types\/product"}],"wp:featuredmedia":[{"embeddable":true,"href":"https:\/\/pwent.lionstackailab.hu\/es\/wp-json\/wp\/v2\/media\/365"}],"wp:attachment":[{"href":"https:\/\/pwent.lionstackailab.hu\/es\/wp-json\/wp\/v2\/media?parent=300"}],"wp:term":[{"taxonomy":"product_brand","embeddable":true,"href":"https:\/\/pwent.lionstackailab.hu\/es\/wp-json\/wp\/v2\/product_brand?post=300"},{"taxonomy":"product_cat","embeddable":true,"href":"https:\/\/pwent.lionstackailab.hu\/es\/wp-json\/wp\/v2\/product_cat?post=300"},{"taxonomy":"product_tag","embeddable":true,"href":"https:\/\/pwent.lionstackailab.hu\/es\/wp-json\/wp\/v2\/product_tag?post=300"}],"curies":[{"name":"wp","href":"https:\/\/api.w.org\/{rel}","templated":true}]}}