{"id":298,"date":"2026-03-19T13:32:53","date_gmt":"2026-03-19T13:32:53","guid":{"rendered":"https:\/\/pwent.lionstackailab.hu\/?post_type=product&#038;p=298"},"modified":"2026-03-19T13:33:17","modified_gmt":"2026-03-19T13:33:17","slug":"totem-ts-oltopor-toltes-es-visszyanyere-8-oras-folyamatos-uzem","status":"publish","type":"product","link":"https:\/\/pwent.lionstackailab.hu\/es\/termek\/totem-ts-oltopor-toltes-es-visszyanyere-8-oras-folyamatos-uzem\/","title":{"rendered":"TOTEM TS olt\u00f3por t\u00f6lt\u00e9s \u00e9s visszyanyer\u00e9 8 \u00f3r\u00e1s folyamatos \u00fczem"},"content":{"rendered":"<p>A nagy mennyis\u00e9g\u0171 m\u0171helyek r\u00e9sz\u00e9re aj\u00e1nljuk folyamatos \u00fczemre, 120 palack\/nap magas termel\u00e9kenys\u00e9g \u00e9s m\u0171k\u00f6d\u00e9si \u00f6n\u00e1ll\u00f3s\u00e1g, kompakt formatervez\u00e9s, cs\u00f6kkentett elektromos fogyaszt\u00e1s, alacsony zajszint, gyors munka. 1 f\u00e1zis\u00fa \u00e9s 3 f\u00e1zis\u00fa kivitelben is.<\/p>\n<hr \/>\n<p><strong>Let\u00f6ltend\u0151 anyagok<\/strong><\/p>\n<ul>\n<li><a href=\"https:\/\/pwent.eu\/wp-content\/uploads\/2016\/05\/Totem-TS.pdf\" rel=\"\">Totem-TS modell<\/a><\/li>\n<\/ul>","protected":false},"excerpt":{"rendered":"<p>A nagy mennyis\u00e9g\u0171 porolt\u00f3t karbantart\u00f3 m\u0171helyek r\u00e9sz\u00e9re aj\u00e1nljuk folyamatos \u00fczemre. 120 porolt\u00f3\/nap. Magas termel\u00e9kenys\u00e9g \u00e9s m\u0171k\u00f6d\u00e9si \u00f6n\u00e1ll\u00f3s\u00e1g<\/p>","protected":false},"featured_media":363,"template":"","meta":[],"product_brand":[],"product_cat":[36,79,31],"product_tag":[83,84,81,82],"class_list":{"0":"post-298","1":"product","2":"type-product","3":"status-publish","4":"has-post-thumbnail","6":"product_cat-muhely-porralolto-keszulek-karbantartasahoz","7":"product_cat-portoltes-es-porvisszanyeres","8":"product_cat-termekek","9":"product_tag-folyamatos-uzem","10":"product_tag-porralolto","11":"product_tag-portoltes","12":"product_tag-porvisszanyeres","14":"first","15":"instock","16":"featured","17":"shipping-taxable","18":"purchasable","19":"product-type-simple"},"_links":{"self":[{"href":"https:\/\/pwent.lionstackailab.hu\/es\/wp-json\/wp\/v2\/product\/298","targetHints":{"allow":["GET"]}}],"collection":[{"href":"https:\/\/pwent.lionstackailab.hu\/es\/wp-json\/wp\/v2\/product"}],"about":[{"href":"https:\/\/pwent.lionstackailab.hu\/es\/wp-json\/wp\/v2\/types\/product"}],"wp:featuredmedia":[{"embeddable":true,"href":"https:\/\/pwent.lionstackailab.hu\/es\/wp-json\/wp\/v2\/media\/363"}],"wp:attachment":[{"href":"https:\/\/pwent.lionstackailab.hu\/es\/wp-json\/wp\/v2\/media?parent=298"}],"wp:term":[{"taxonomy":"product_brand","embeddable":true,"href":"https:\/\/pwent.lionstackailab.hu\/es\/wp-json\/wp\/v2\/product_brand?post=298"},{"taxonomy":"product_cat","embeddable":true,"href":"https:\/\/pwent.lionstackailab.hu\/es\/wp-json\/wp\/v2\/product_cat?post=298"},{"taxonomy":"product_tag","embeddable":true,"href":"https:\/\/pwent.lionstackailab.hu\/es\/wp-json\/wp\/v2\/product_tag?post=298"}],"curies":[{"name":"wp","href":"https:\/\/api.w.org\/{rel}","templated":true}]}}